{"id":122,"date":"2017-04-28T16:56:17","date_gmt":"2017-04-28T16:56:17","guid":{"rendered":"http:\/\/hemley.de\/?page_id=122"},"modified":"2023-11-13T11:34:34","modified_gmt":"2023-11-13T11:34:34","slug":"krawatten","status":"publish","type":"page","link":"https:\/\/hemley.de\/de\/sortiment\/krawatten\/","title":{"rendered":"Krawatten"},"content":{"rendered":"<p>Unser mit Leidenschaft gefertigtes Hauptprodukt. Wir fertigen alle Krawatten in unserer eigenen Produktion in Krefeld\/Deutschland. Insgesamt f\u00fcnfzehn verschiedene Produktionsschritte f\u00fchren zu einem perfekten Resultat. Je nach Kundenwunsch erstellen wir unterschiedliche Breiten und L\u00e4ngen. Verschiedenste Einlagen werden optimal der Beschaffenheit des Oberstoffs angepasst.<\/p>\n<div style=\"width: 840px;\" class=\"wp-video\"><video class=\"wp-video-shortcode\" id=\"video-122-1\" width=\"840\" height=\"473\" loop autoplay preload=\"metadata\" controls=\"controls\"><source type=\"video\/mp4\" src=\"https:\/\/hemley.de\/Video\/hemley_krawatte_lang_final_sd.mp4?_=1\" \/><a href=\"https:\/\/hemley.de\/Video\/hemley_krawatte_lang_final_sd.mp4\">https:\/\/hemley.de\/Video\/hemley_krawatte_lang_final_sd.mp4<\/a><\/video><\/div>\n<p>Verschiedenste Einlagen werden optimal der Beschaffenheit des Oberstoffs angepasst. Wir bieten zweimal pro Jahr eine komplett neue Kollektion mit ca. 400 verschiedenen Farbstellungen aus reiner Seide an, aus denen die Kunden w\u00e4hlen k\u00f6nnen. Dabei reicht die Bandbreite der Kollektion von einfarbigen \u00fcber festliche Krawatten bis hin zu klassischen Tupfen, Karos und Streifen. Der restliche und gr\u00f6\u00dfte Teil der Kollektion ist dann dem modischen Zeitgeschmack, den aktuellen farblichen Tendenzen und der Jahreszeit angepasst. Dazu geh\u00f6ren klassische Dessins genauso dazu wie fantasievollere, opulentere Muster.<\/p>\n<p>In der Fr\u00fchjahrskollektion dominieren helle, sommerliche Farben und es flie\u00dfen auch Warentypen wie Leinen und Baumwolle mit in die Kollektion ein. In der Herbstkollektion dominieren dunklere, satte Farben und es finden sich auch Wollartikel f\u00fcr legere, weniger formelle Bilder.<\/p>\n","protected":false},"excerpt":{"rendered":"<p>Unser mit Leidenschaft gefertigtes Hauptprodukt. Wir fertigen alle Krawatten in unserer eigenen Produktion in Krefeld\/Deutschland. Insgesamt f\u00fcnfzehn verschiedene Produktionsschritte f\u00fchren zu einem perfekten Resultat. Je nach Kundenwunsch erstellen wir unterschiedliche Breiten und L\u00e4ngen. Verschiedenste Einlagen werden optimal der Beschaffenheit des Oberstoffs angepasst. Verschiedenste Einlagen werden optimal der Beschaffenheit des Oberstoffs angepasst. Wir bieten zweimal pro<\/p>\n","protected":false},"author":11,"featured_media":0,"parent":14,"menu_order":1,"comment_status":"closed","ping_status":"closed","template":"","meta":{"footnotes":""},"class_list":["post-122","page","type-page","status-publish","hentry"],"acf":[],"yoast_head":"<!-- This site is optimized with the Yoast SEO plugin v27.3 - https:\/\/yoast.com\/product\/yoast-seo-wordpress\/ -->\n<title>Krawatten - Hemley<\/title>\n<meta name=\"description\" content=\"Wir fertigen alle Krawatten Handgen\u00e4ht in 20 Arbeitsschritten zu einem sehr guten Preis-Leistungsverh\u00e4ltnis in unserer eigenen Produktion in Krefeld\/ Deutschland.\" \/>\n<meta name=\"robots\" content=\"index, follow, max-snippet:-1, max-image-preview:large, max-video-preview:-1\" \/>\n<link rel=\"canonical\" href=\"https:\/\/hemley.de\/de\/sortiment\/krawatten\/\" \/>\n<meta property=\"og:locale\" content=\"de_DE\" \/>\n<meta property=\"og:type\" content=\"article\" \/>\n<meta property=\"og:title\" content=\"Krawatten - Hemley\" \/>\n<meta property=\"og:description\" content=\"Wir fertigen alle Krawatten Handgen\u00e4ht in 20 Arbeitsschritten zu einem sehr guten Preis-Leistungsverh\u00e4ltnis in unserer eigenen Produktion in Krefeld\/ Deutschland.\" \/>\n<meta property=\"og:url\" content=\"https:\/\/hemley.de\/de\/sortiment\/krawatten\/\" \/>\n<meta property=\"og:site_name\" content=\"Hemley\" \/>\n<meta property=\"article:modified_time\" content=\"2023-11-13T11:34:34+00:00\" \/>\n<meta name=\"twitter:card\" content=\"summary_large_image\" \/>\n<meta name=\"twitter:label1\" content=\"Gesch\u00e4tzte Lesezeit\" \/>\n\t<meta name=\"twitter:data1\" content=\"1\u00a0Minute\" \/>\n<script type=\"application\/ld+json\" class=\"yoast-schema-graph\">{\"@context\":\"https:\\\/\\\/schema.org\",\"@graph\":[{\"@type\":\"WebPage\",\"@id\":\"https:\\\/\\\/hemley.de\\\/de\\\/sortiment\\\/krawatten\\\/\",\"url\":\"https:\\\/\\\/hemley.de\\\/de\\\/sortiment\\\/krawatten\\\/\",\"name\":\"Krawatten - Hemley\",\"isPartOf\":{\"@id\":\"https:\\\/\\\/hemley.de\\\/de\\\/#website\"},\"datePublished\":\"2017-04-28T16:56:17+00:00\",\"dateModified\":\"2023-11-13T11:34:34+00:00\",\"description\":\"Wir fertigen alle Krawatten Handgen\u00e4ht in 20 Arbeitsschritten zu einem sehr guten Preis-Leistungsverh\u00e4ltnis in unserer eigenen Produktion in Krefeld\\\/ Deutschland.\",\"breadcrumb\":{\"@id\":\"https:\\\/\\\/hemley.de\\\/de\\\/sortiment\\\/krawatten\\\/#breadcrumb\"},\"inLanguage\":\"de\",\"potentialAction\":[{\"@type\":\"ReadAction\",\"target\":[\"https:\\\/\\\/hemley.de\\\/de\\\/sortiment\\\/krawatten\\\/\"]}]},{\"@type\":\"BreadcrumbList\",\"@id\":\"https:\\\/\\\/hemley.de\\\/de\\\/sortiment\\\/krawatten\\\/#breadcrumb\",\"itemListElement\":[{\"@type\":\"ListItem\",\"position\":1,\"name\":\"Startseite\",\"item\":\"https:\\\/\\\/hemley.de\\\/de\\\/\"},{\"@type\":\"ListItem\",\"position\":2,\"name\":\"Sortiment\",\"item\":\"https:\\\/\\\/hemley.de\\\/de\\\/sortiment\\\/\"},{\"@type\":\"ListItem\",\"position\":3,\"name\":\"Krawatten\"}]},{\"@type\":\"WebSite\",\"@id\":\"https:\\\/\\\/hemley.de\\\/de\\\/#website\",\"url\":\"https:\\\/\\\/hemley.de\\\/de\\\/\",\"name\":\"Hemley\",\"description\":\"Krawatten handgefertigt in Krefeld seit 1908\",\"publisher\":{\"@id\":\"https:\\\/\\\/hemley.de\\\/de\\\/#organization\"},\"potentialAction\":[{\"@type\":\"SearchAction\",\"target\":{\"@type\":\"EntryPoint\",\"urlTemplate\":\"https:\\\/\\\/hemley.de\\\/de\\\/?s={search_term_string}\"},\"query-input\":{\"@type\":\"PropertyValueSpecification\",\"valueRequired\":true,\"valueName\":\"search_term_string\"}}],\"inLanguage\":\"de\"},{\"@type\":\"Organization\",\"@id\":\"https:\\\/\\\/hemley.de\\\/de\\\/#organization\",\"name\":\"Hemley Moese & Schwartz GmbH\",\"url\":\"https:\\\/\\\/hemley.de\\\/de\\\/\",\"logo\":{\"@type\":\"ImageObject\",\"inLanguage\":\"de\",\"@id\":\"https:\\\/\\\/hemley.de\\\/de\\\/#\\\/schema\\\/logo\\\/image\\\/\",\"url\":\"https:\\\/\\\/hemley.de\\\/wp-content\\\/uploads\\\/2019\\\/05\\\/Logo-Hemley.png\",\"contentUrl\":\"https:\\\/\\\/hemley.de\\\/wp-content\\\/uploads\\\/2019\\\/05\\\/Logo-Hemley.png\",\"width\":467,\"height\":104,\"caption\":\"Hemley Moese & Schwartz GmbH\"},\"image\":{\"@id\":\"https:\\\/\\\/hemley.de\\\/de\\\/#\\\/schema\\\/logo\\\/image\\\/\"}}]}<\/script>\n<!-- \/ Yoast SEO plugin. -->","yoast_head_json":{"title":"Krawatten - Hemley","description":"Wir fertigen alle Krawatten Handgen\u00e4ht in 20 Arbeitsschritten zu einem sehr guten Preis-Leistungsverh\u00e4ltnis in unserer eigenen Produktion in Krefeld\/ Deutschland.","robots":{"index":"index","follow":"follow","max-snippet":"max-snippet:-1","max-image-preview":"max-image-preview:large","max-video-preview":"max-video-preview:-1"},"canonical":"https:\/\/hemley.de\/de\/sortiment\/krawatten\/","og_locale":"de_DE","og_type":"article","og_title":"Krawatten - Hemley","og_description":"Wir fertigen alle Krawatten Handgen\u00e4ht in 20 Arbeitsschritten zu einem sehr guten Preis-Leistungsverh\u00e4ltnis in unserer eigenen Produktion in Krefeld\/ Deutschland.","og_url":"https:\/\/hemley.de\/de\/sortiment\/krawatten\/","og_site_name":"Hemley","article_modified_time":"2023-11-13T11:34:34+00:00","twitter_card":"summary_large_image","twitter_misc":{"Gesch\u00e4tzte Lesezeit":"1\u00a0Minute"},"schema":{"@context":"https:\/\/schema.org","@graph":[{"@type":"WebPage","@id":"https:\/\/hemley.de\/de\/sortiment\/krawatten\/","url":"https:\/\/hemley.de\/de\/sortiment\/krawatten\/","name":"Krawatten - Hemley","isPartOf":{"@id":"https:\/\/hemley.de\/de\/#website"},"datePublished":"2017-04-28T16:56:17+00:00","dateModified":"2023-11-13T11:34:34+00:00","description":"Wir fertigen alle Krawatten Handgen\u00e4ht in 20 Arbeitsschritten zu einem sehr guten Preis-Leistungsverh\u00e4ltnis in unserer eigenen Produktion in Krefeld\/ Deutschland.","breadcrumb":{"@id":"https:\/\/hemley.de\/de\/sortiment\/krawatten\/#breadcrumb"},"inLanguage":"de","potentialAction":[{"@type":"ReadAction","target":["https:\/\/hemley.de\/de\/sortiment\/krawatten\/"]}]},{"@type":"BreadcrumbList","@id":"https:\/\/hemley.de\/de\/sortiment\/krawatten\/#breadcrumb","itemListElement":[{"@type":"ListItem","position":1,"name":"Startseite","item":"https:\/\/hemley.de\/de\/"},{"@type":"ListItem","position":2,"name":"Sortiment","item":"https:\/\/hemley.de\/de\/sortiment\/"},{"@type":"ListItem","position":3,"name":"Krawatten"}]},{"@type":"WebSite","@id":"https:\/\/hemley.de\/de\/#website","url":"https:\/\/hemley.de\/de\/","name":"Hemley","description":"Krawatten handgefertigt in Krefeld seit 1908","publisher":{"@id":"https:\/\/hemley.de\/de\/#organization"},"potentialAction":[{"@type":"SearchAction","target":{"@type":"EntryPoint","urlTemplate":"https:\/\/hemley.de\/de\/?s={search_term_string}"},"query-input":{"@type":"PropertyValueSpecification","valueRequired":true,"valueName":"search_term_string"}}],"inLanguage":"de"},{"@type":"Organization","@id":"https:\/\/hemley.de\/de\/#organization","name":"Hemley Moese & Schwartz GmbH","url":"https:\/\/hemley.de\/de\/","logo":{"@type":"ImageObject","inLanguage":"de","@id":"https:\/\/hemley.de\/de\/#\/schema\/logo\/image\/","url":"https:\/\/hemley.de\/wp-content\/uploads\/2019\/05\/Logo-Hemley.png","contentUrl":"https:\/\/hemley.de\/wp-content\/uploads\/2019\/05\/Logo-Hemley.png","width":467,"height":104,"caption":"Hemley Moese & Schwartz GmbH"},"image":{"@id":"https:\/\/hemley.de\/de\/#\/schema\/logo\/image\/"}}]}},"_links":{"self":[{"href":"https:\/\/hemley.de\/de\/wp-json\/wp\/v2\/pages\/122","targetHints":{"allow":["GET"]}}],"collection":[{"href":"https:\/\/hemley.de\/de\/wp-json\/wp\/v2\/pages"}],"about":[{"href":"https:\/\/hemley.de\/de\/wp-json\/wp\/v2\/types\/page"}],"author":[{"embeddable":true,"href":"https:\/\/hemley.de\/de\/wp-json\/wp\/v2\/users\/11"}],"replies":[{"embeddable":true,"href":"https:\/\/hemley.de\/de\/wp-json\/wp\/v2\/comments?post=122"}],"version-history":[{"count":9,"href":"https:\/\/hemley.de\/de\/wp-json\/wp\/v2\/pages\/122\/revisions"}],"predecessor-version":[{"id":16078,"href":"https:\/\/hemley.de\/de\/wp-json\/wp\/v2\/pages\/122\/revisions\/16078"}],"up":[{"embeddable":true,"href":"https:\/\/hemley.de\/de\/wp-json\/wp\/v2\/pages\/14"}],"wp:attachment":[{"href":"https:\/\/hemley.de\/de\/wp-json\/wp\/v2\/media?parent=122"}],"curies":[{"name":"wp","href":"https:\/\/api.w.org\/{rel}","templated":true}]}}