{"id":126,"date":"2017-04-28T17:24:57","date_gmt":"2017-04-28T17:24:57","guid":{"rendered":"http:\/\/hemley.de\/?page_id=126"},"modified":"2023-11-10T13:52:04","modified_gmt":"2023-11-10T13:52:04","slug":"schals","status":"publish","type":"page","link":"https:\/\/hemley.de\/de\/sortiment\/schals\/","title":{"rendered":"Schals"},"content":{"rendered":"<p>Unsere Schalkollektionen entwickeln wir gemeinsam mit zuverl\u00e4ssigen Partnern in der ganzen Welt. Aufgrund der Evolution der Schals vom w\u00e4rmenden Stoffstreifen hin zum begehrten Accessoire haben wir unser Schalangebot in den letzten Jahren stark ausgebaut.<\/p>\n<p>Waren es in der Vergangenheit noch haupts\u00e4chlich gewebte Woll- und Kaschmirschals sowie bedruckte Seiden- und Wollschals f\u00fcr die Herbst-\/Wintersaison, so gibt es mittlerweile auch viele leichtere Schals, die man gut mit dem Begriff Ganzjahresschals beschreiben kann. Bei diesen Schals kommen leichte, luftige Materialien zum Einsatz, oft handelt es sich dabei um Baumwoll- oder Wollmischungen.<\/p>\n<p>Karos und Streifen sind bei den Dessins eine feste Gr\u00f6\u00dfe. Kleine Uni-\u00e4hnliche Strukturen wie Fischgrat und Glencheck und klassische Muster wie Medaillons und Paisleys finden sich als Konstante auch regelm\u00e4\u00dfig in unseren Schalkollektionen wieder.<\/p>\n","protected":false},"excerpt":{"rendered":"<p>Unsere Schalkollektionen entwickeln wir gemeinsam mit zuverl\u00e4ssigen Partnern in der ganzen Welt. Aufgrund der Evolution der Schals vom w\u00e4rmenden Stoffstreifen hin zum begehrten Accessoire haben wir unser Schalangebot in den letzten Jahren stark ausgebaut. Waren es in der Vergangenheit noch haupts\u00e4chlich gewebte Woll- und Kaschmirschals sowie bedruckte Seiden- und Wollschals f\u00fcr die Herbst-\/Wintersaison, so gibt<\/p>\n","protected":false},"author":11,"featured_media":0,"parent":14,"menu_order":4,"comment_status":"closed","ping_status":"closed","template":"","meta":{"footnotes":""},"class_list":["post-126","page","type-page","status-publish","hentry"],"acf":[],"yoast_head":"<!-- This site is optimized with the Yoast SEO plugin v27.3 - https:\/\/yoast.com\/product\/yoast-seo-wordpress\/ -->\n<title>Schals - Hemley<\/title>\n<meta name=\"description\" content=\"Wir fertigen alle Krawatten Handgen\u00e4ht in 20 Arbeitsschritten zu einem sehr guten Preis-Leistungsverh\u00e4ltnis in unserer eigenen Produktion in Krefeld\/ Deutschland.\" \/>\n<meta name=\"robots\" content=\"index, follow, max-snippet:-1, max-image-preview:large, max-video-preview:-1\" \/>\n<link rel=\"canonical\" href=\"https:\/\/hemley.de\/de\/sortiment\/schals\/\" \/>\n<meta property=\"og:locale\" content=\"de_DE\" \/>\n<meta property=\"og:type\" content=\"article\" \/>\n<meta property=\"og:title\" content=\"Schals - Hemley\" \/>\n<meta property=\"og:description\" content=\"Wir fertigen alle Krawatten Handgen\u00e4ht in 20 Arbeitsschritten zu einem sehr guten Preis-Leistungsverh\u00e4ltnis in unserer eigenen Produktion in Krefeld\/ Deutschland.\" \/>\n<meta property=\"og:url\" content=\"https:\/\/hemley.de\/de\/sortiment\/schals\/\" \/>\n<meta property=\"og:site_name\" content=\"Hemley\" \/>\n<meta property=\"article:modified_time\" content=\"2023-11-10T13:52:04+00:00\" \/>\n<meta name=\"twitter:card\" content=\"summary_large_image\" \/>\n<meta name=\"twitter:label1\" content=\"Gesch\u00e4tzte Lesezeit\" \/>\n\t<meta name=\"twitter:data1\" content=\"1\u00a0Minute\" \/>\n<script type=\"application\/ld+json\" class=\"yoast-schema-graph\">{\"@context\":\"https:\\\/\\\/schema.org\",\"@graph\":[{\"@type\":\"WebPage\",\"@id\":\"https:\\\/\\\/hemley.de\\\/de\\\/sortiment\\\/schals\\\/\",\"url\":\"https:\\\/\\\/hemley.de\\\/de\\\/sortiment\\\/schals\\\/\",\"name\":\"Schals - Hemley\",\"isPartOf\":{\"@id\":\"https:\\\/\\\/hemley.de\\\/de\\\/#website\"},\"datePublished\":\"2017-04-28T17:24:57+00:00\",\"dateModified\":\"2023-11-10T13:52:04+00:00\",\"description\":\"Wir fertigen alle Krawatten Handgen\u00e4ht in 20 Arbeitsschritten zu einem sehr guten Preis-Leistungsverh\u00e4ltnis in unserer eigenen Produktion in Krefeld\\\/ Deutschland.\",\"breadcrumb\":{\"@id\":\"https:\\\/\\\/hemley.de\\\/de\\\/sortiment\\\/schals\\\/#breadcrumb\"},\"inLanguage\":\"de\",\"potentialAction\":[{\"@type\":\"ReadAction\",\"target\":[\"https:\\\/\\\/hemley.de\\\/de\\\/sortiment\\\/schals\\\/\"]}]},{\"@type\":\"BreadcrumbList\",\"@id\":\"https:\\\/\\\/hemley.de\\\/de\\\/sortiment\\\/schals\\\/#breadcrumb\",\"itemListElement\":[{\"@type\":\"ListItem\",\"position\":1,\"name\":\"Startseite\",\"item\":\"https:\\\/\\\/hemley.de\\\/de\\\/\"},{\"@type\":\"ListItem\",\"position\":2,\"name\":\"Sortiment\",\"item\":\"https:\\\/\\\/hemley.de\\\/de\\\/sortiment\\\/\"},{\"@type\":\"ListItem\",\"position\":3,\"name\":\"Schals\"}]},{\"@type\":\"WebSite\",\"@id\":\"https:\\\/\\\/hemley.de\\\/de\\\/#website\",\"url\":\"https:\\\/\\\/hemley.de\\\/de\\\/\",\"name\":\"Hemley\",\"description\":\"Krawatten handgefertigt in Krefeld seit 1908\",\"publisher\":{\"@id\":\"https:\\\/\\\/hemley.de\\\/de\\\/#organization\"},\"potentialAction\":[{\"@type\":\"SearchAction\",\"target\":{\"@type\":\"EntryPoint\",\"urlTemplate\":\"https:\\\/\\\/hemley.de\\\/de\\\/?s={search_term_string}\"},\"query-input\":{\"@type\":\"PropertyValueSpecification\",\"valueRequired\":true,\"valueName\":\"search_term_string\"}}],\"inLanguage\":\"de\"},{\"@type\":\"Organization\",\"@id\":\"https:\\\/\\\/hemley.de\\\/de\\\/#organization\",\"name\":\"Hemley Moese & Schwartz GmbH\",\"url\":\"https:\\\/\\\/hemley.de\\\/de\\\/\",\"logo\":{\"@type\":\"ImageObject\",\"inLanguage\":\"de\",\"@id\":\"https:\\\/\\\/hemley.de\\\/de\\\/#\\\/schema\\\/logo\\\/image\\\/\",\"url\":\"https:\\\/\\\/hemley.de\\\/wp-content\\\/uploads\\\/2019\\\/05\\\/Logo-Hemley.png\",\"contentUrl\":\"https:\\\/\\\/hemley.de\\\/wp-content\\\/uploads\\\/2019\\\/05\\\/Logo-Hemley.png\",\"width\":467,\"height\":104,\"caption\":\"Hemley Moese & Schwartz GmbH\"},\"image\":{\"@id\":\"https:\\\/\\\/hemley.de\\\/de\\\/#\\\/schema\\\/logo\\\/image\\\/\"}}]}<\/script>\n<!-- \/ Yoast SEO plugin. -->","yoast_head_json":{"title":"Schals - Hemley","description":"Wir fertigen alle Krawatten Handgen\u00e4ht in 20 Arbeitsschritten zu einem sehr guten Preis-Leistungsverh\u00e4ltnis in unserer eigenen Produktion in Krefeld\/ Deutschland.","robots":{"index":"index","follow":"follow","max-snippet":"max-snippet:-1","max-image-preview":"max-image-preview:large","max-video-preview":"max-video-preview:-1"},"canonical":"https:\/\/hemley.de\/de\/sortiment\/schals\/","og_locale":"de_DE","og_type":"article","og_title":"Schals - Hemley","og_description":"Wir fertigen alle Krawatten Handgen\u00e4ht in 20 Arbeitsschritten zu einem sehr guten Preis-Leistungsverh\u00e4ltnis in unserer eigenen Produktion in Krefeld\/ Deutschland.","og_url":"https:\/\/hemley.de\/de\/sortiment\/schals\/","og_site_name":"Hemley","article_modified_time":"2023-11-10T13:52:04+00:00","twitter_card":"summary_large_image","twitter_misc":{"Gesch\u00e4tzte Lesezeit":"1\u00a0Minute"},"schema":{"@context":"https:\/\/schema.org","@graph":[{"@type":"WebPage","@id":"https:\/\/hemley.de\/de\/sortiment\/schals\/","url":"https:\/\/hemley.de\/de\/sortiment\/schals\/","name":"Schals - Hemley","isPartOf":{"@id":"https:\/\/hemley.de\/de\/#website"},"datePublished":"2017-04-28T17:24:57+00:00","dateModified":"2023-11-10T13:52:04+00:00","description":"Wir fertigen alle Krawatten Handgen\u00e4ht in 20 Arbeitsschritten zu einem sehr guten Preis-Leistungsverh\u00e4ltnis in unserer eigenen Produktion in Krefeld\/ Deutschland.","breadcrumb":{"@id":"https:\/\/hemley.de\/de\/sortiment\/schals\/#breadcrumb"},"inLanguage":"de","potentialAction":[{"@type":"ReadAction","target":["https:\/\/hemley.de\/de\/sortiment\/schals\/"]}]},{"@type":"BreadcrumbList","@id":"https:\/\/hemley.de\/de\/sortiment\/schals\/#breadcrumb","itemListElement":[{"@type":"ListItem","position":1,"name":"Startseite","item":"https:\/\/hemley.de\/de\/"},{"@type":"ListItem","position":2,"name":"Sortiment","item":"https:\/\/hemley.de\/de\/sortiment\/"},{"@type":"ListItem","position":3,"name":"Schals"}]},{"@type":"WebSite","@id":"https:\/\/hemley.de\/de\/#website","url":"https:\/\/hemley.de\/de\/","name":"Hemley","description":"Krawatten handgefertigt in Krefeld seit 1908","publisher":{"@id":"https:\/\/hemley.de\/de\/#organization"},"potentialAction":[{"@type":"SearchAction","target":{"@type":"EntryPoint","urlTemplate":"https:\/\/hemley.de\/de\/?s={search_term_string}"},"query-input":{"@type":"PropertyValueSpecification","valueRequired":true,"valueName":"search_term_string"}}],"inLanguage":"de"},{"@type":"Organization","@id":"https:\/\/hemley.de\/de\/#organization","name":"Hemley Moese & Schwartz GmbH","url":"https:\/\/hemley.de\/de\/","logo":{"@type":"ImageObject","inLanguage":"de","@id":"https:\/\/hemley.de\/de\/#\/schema\/logo\/image\/","url":"https:\/\/hemley.de\/wp-content\/uploads\/2019\/05\/Logo-Hemley.png","contentUrl":"https:\/\/hemley.de\/wp-content\/uploads\/2019\/05\/Logo-Hemley.png","width":467,"height":104,"caption":"Hemley Moese & Schwartz GmbH"},"image":{"@id":"https:\/\/hemley.de\/de\/#\/schema\/logo\/image\/"}}]}},"_links":{"self":[{"href":"https:\/\/hemley.de\/de\/wp-json\/wp\/v2\/pages\/126","targetHints":{"allow":["GET"]}}],"collection":[{"href":"https:\/\/hemley.de\/de\/wp-json\/wp\/v2\/pages"}],"about":[{"href":"https:\/\/hemley.de\/de\/wp-json\/wp\/v2\/types\/page"}],"author":[{"embeddable":true,"href":"https:\/\/hemley.de\/de\/wp-json\/wp\/v2\/users\/11"}],"replies":[{"embeddable":true,"href":"https:\/\/hemley.de\/de\/wp-json\/wp\/v2\/comments?post=126"}],"version-history":[{"count":7,"href":"https:\/\/hemley.de\/de\/wp-json\/wp\/v2\/pages\/126\/revisions"}],"predecessor-version":[{"id":14951,"href":"https:\/\/hemley.de\/de\/wp-json\/wp\/v2\/pages\/126\/revisions\/14951"}],"up":[{"embeddable":true,"href":"https:\/\/hemley.de\/de\/wp-json\/wp\/v2\/pages\/14"}],"wp:attachment":[{"href":"https:\/\/hemley.de\/de\/wp-json\/wp\/v2\/media?parent=126"}],"curies":[{"name":"wp","href":"https:\/\/api.w.org\/{rel}","templated":true}]}}