{"id":141,"date":"2017-04-29T15:17:19","date_gmt":"2017-04-29T15:17:19","guid":{"rendered":"http:\/\/hemley.de\/?page_id=141"},"modified":"2024-02-07T09:41:01","modified_gmt":"2024-02-07T09:41:01","slug":"geschichte","status":"publish","type":"page","link":"https:\/\/hemley.de\/de\/das-sind-wir\/geschichte\/","title":{"rendered":"Geschichte"},"content":{"rendered":"<p>Die Firma Hemley ist ein Kind des Wirtschaftswunders und des kalten Krieges. Sie wurde im Jahre 1965 gegr\u00fcndet und entwickelte sich zur Freude Ihrer Gr\u00fcnder Wolfgang Moese und Hermann-Kurt Schwartz pr\u00e4chtig. Mit viel Geschick und Einsatz haben die Beiden es geschafft, \u00fcber 5 Jahrzehnte und einige Wirtschafts- und Krawattenkrisen hinweg die junge Firma wachsen zu lassen. Hier eine kurze Chronologie der wechselnden Krawattenmode seit der Gr\u00fcndung:<\/p>\n<p><strong>Ende der 60er Jahre<\/strong><br \/>\nFlower-Power Muster im Carnaby-Style. Krawattenbreite 12 cm<br \/>\n<strong>Anfang der 70er Jahre<br \/>\n<\/strong>Wollkrawatten in Uni und kariert. Krawattenbreite 11 cm<br \/>\n<strong>Ende der 70er Jahre<\/strong><br \/>\nDie Hemden werden \u00fcberwiegend offen und ohne Krawatten getragen<br \/>\n<strong>80er Jahre<br \/>\n<\/strong>Strick- und Lederkrawatten, haupts\u00e4chlich einfarbig. Krawattenbreite 5 cm<br \/>\n<strong>Anfang der 90er Jahre<br \/>\n<\/strong>Motivkrawatten, poppige Muster von Campbell&#8217;s Soup \u00fcber Teddyb\u00e4r bis zur B\u00fccherkrawatte. Krawattenbreite 10 cm<br \/>\n<strong>Ende der 90er Jahre<\/strong><br \/>\nJacquardkrawattenmode. Unis, Streifen, klassische Dessins. Krawattenbreite 9 cm<br \/>\n<strong>Anfang des neuen Jahrtausends<br \/>\n<\/strong>Siehe Ende der 70er Jahre&#8230;<br \/>\n<strong>Ab 2010<br \/>\n<\/strong>Ein Meer von kleingemusterten Jacquardkrawatten und kein Ende abzusehen.<br \/>\n<strong>Ab 2020<br \/>\n<\/strong>Ist es nicht an der Zeit wieder ganz oben in der Liste anzufangen?<\/p>\n","protected":false},"excerpt":{"rendered":"<p>Die Firma Hemley ist ein Kind des Wirtschaftswunders und des kalten Krieges. Sie wurde im Jahre 1965 gegr\u00fcndet und entwickelte sich zur Freude Ihrer Gr\u00fcnder Wolfgang Moese und Hermann-Kurt Schwartz pr\u00e4chtig. Mit viel Geschick und Einsatz haben die Beiden es geschafft, \u00fcber 5 Jahrzehnte und einige Wirtschafts- und Krawattenkrisen hinweg die junge Firma wachsen zu<\/p>\n","protected":false},"author":11,"featured_media":0,"parent":16,"menu_order":1,"comment_status":"closed","ping_status":"closed","template":"","meta":{"footnotes":""},"class_list":["post-141","page","type-page","status-publish","hentry"],"acf":[],"yoast_head":"<!-- This site is optimized with the Yoast SEO plugin v27.3 - https:\/\/yoast.com\/product\/yoast-seo-wordpress\/ -->\n<title>Geschichte - Hemley<\/title>\n<meta name=\"description\" content=\"Wir fertigen alle Krawatten Handgen\u00e4ht in 20 Arbeitsschritten zu einem sehr guten Preis-Leistungsverh\u00e4ltnis in unserer eigenen Produktion in Krefeld\/ Deutschland.\" \/>\n<meta name=\"robots\" content=\"index, follow, max-snippet:-1, max-image-preview:large, max-video-preview:-1\" \/>\n<link rel=\"canonical\" href=\"https:\/\/hemley.de\/de\/das-sind-wir\/geschichte\/\" \/>\n<meta property=\"og:locale\" content=\"de_DE\" \/>\n<meta property=\"og:type\" content=\"article\" \/>\n<meta property=\"og:title\" content=\"Geschichte - Hemley\" \/>\n<meta property=\"og:description\" content=\"Wir fertigen alle Krawatten Handgen\u00e4ht in 20 Arbeitsschritten zu einem sehr guten Preis-Leistungsverh\u00e4ltnis in unserer eigenen Produktion in Krefeld\/ Deutschland.\" \/>\n<meta property=\"og:url\" content=\"https:\/\/hemley.de\/de\/das-sind-wir\/geschichte\/\" \/>\n<meta property=\"og:site_name\" content=\"Hemley\" \/>\n<meta property=\"article:modified_time\" content=\"2024-02-07T09:41:01+00:00\" \/>\n<meta name=\"twitter:card\" content=\"summary_large_image\" \/>\n<meta name=\"twitter:label1\" content=\"Gesch\u00e4tzte Lesezeit\" \/>\n\t<meta name=\"twitter:data1\" content=\"1\u00a0Minute\" \/>\n<script type=\"application\/ld+json\" class=\"yoast-schema-graph\">{\"@context\":\"https:\\\/\\\/schema.org\",\"@graph\":[{\"@type\":\"WebPage\",\"@id\":\"https:\\\/\\\/hemley.de\\\/de\\\/das-sind-wir\\\/geschichte\\\/\",\"url\":\"https:\\\/\\\/hemley.de\\\/de\\\/das-sind-wir\\\/geschichte\\\/\",\"name\":\"Geschichte - Hemley\",\"isPartOf\":{\"@id\":\"https:\\\/\\\/hemley.de\\\/de\\\/#website\"},\"datePublished\":\"2017-04-29T15:17:19+00:00\",\"dateModified\":\"2024-02-07T09:41:01+00:00\",\"description\":\"Wir fertigen alle Krawatten Handgen\u00e4ht in 20 Arbeitsschritten zu einem sehr guten Preis-Leistungsverh\u00e4ltnis in unserer eigenen Produktion in Krefeld\\\/ Deutschland.\",\"breadcrumb\":{\"@id\":\"https:\\\/\\\/hemley.de\\\/de\\\/das-sind-wir\\\/geschichte\\\/#breadcrumb\"},\"inLanguage\":\"de\",\"potentialAction\":[{\"@type\":\"ReadAction\",\"target\":[\"https:\\\/\\\/hemley.de\\\/de\\\/das-sind-wir\\\/geschichte\\\/\"]}]},{\"@type\":\"BreadcrumbList\",\"@id\":\"https:\\\/\\\/hemley.de\\\/de\\\/das-sind-wir\\\/geschichte\\\/#breadcrumb\",\"itemListElement\":[{\"@type\":\"ListItem\",\"position\":1,\"name\":\"Startseite\",\"item\":\"https:\\\/\\\/hemley.de\\\/de\\\/\"},{\"@type\":\"ListItem\",\"position\":2,\"name\":\"Das sind wir\",\"item\":\"https:\\\/\\\/hemley.de\\\/de\\\/das-sind-wir\\\/\"},{\"@type\":\"ListItem\",\"position\":3,\"name\":\"Geschichte\"}]},{\"@type\":\"WebSite\",\"@id\":\"https:\\\/\\\/hemley.de\\\/de\\\/#website\",\"url\":\"https:\\\/\\\/hemley.de\\\/de\\\/\",\"name\":\"Hemley\",\"description\":\"Krawatten handgefertigt in Krefeld seit 1908\",\"publisher\":{\"@id\":\"https:\\\/\\\/hemley.de\\\/de\\\/#organization\"},\"potentialAction\":[{\"@type\":\"SearchAction\",\"target\":{\"@type\":\"EntryPoint\",\"urlTemplate\":\"https:\\\/\\\/hemley.de\\\/de\\\/?s={search_term_string}\"},\"query-input\":{\"@type\":\"PropertyValueSpecification\",\"valueRequired\":true,\"valueName\":\"search_term_string\"}}],\"inLanguage\":\"de\"},{\"@type\":\"Organization\",\"@id\":\"https:\\\/\\\/hemley.de\\\/de\\\/#organization\",\"name\":\"Hemley Moese & Schwartz GmbH\",\"url\":\"https:\\\/\\\/hemley.de\\\/de\\\/\",\"logo\":{\"@type\":\"ImageObject\",\"inLanguage\":\"de\",\"@id\":\"https:\\\/\\\/hemley.de\\\/de\\\/#\\\/schema\\\/logo\\\/image\\\/\",\"url\":\"https:\\\/\\\/hemley.de\\\/wp-content\\\/uploads\\\/2019\\\/05\\\/Logo-Hemley.png\",\"contentUrl\":\"https:\\\/\\\/hemley.de\\\/wp-content\\\/uploads\\\/2019\\\/05\\\/Logo-Hemley.png\",\"width\":467,\"height\":104,\"caption\":\"Hemley Moese & Schwartz GmbH\"},\"image\":{\"@id\":\"https:\\\/\\\/hemley.de\\\/de\\\/#\\\/schema\\\/logo\\\/image\\\/\"}}]}<\/script>\n<!-- \/ Yoast SEO plugin. -->","yoast_head_json":{"title":"Geschichte - Hemley","description":"Wir fertigen alle Krawatten Handgen\u00e4ht in 20 Arbeitsschritten zu einem sehr guten Preis-Leistungsverh\u00e4ltnis in unserer eigenen Produktion in Krefeld\/ Deutschland.","robots":{"index":"index","follow":"follow","max-snippet":"max-snippet:-1","max-image-preview":"max-image-preview:large","max-video-preview":"max-video-preview:-1"},"canonical":"https:\/\/hemley.de\/de\/das-sind-wir\/geschichte\/","og_locale":"de_DE","og_type":"article","og_title":"Geschichte - Hemley","og_description":"Wir fertigen alle Krawatten Handgen\u00e4ht in 20 Arbeitsschritten zu einem sehr guten Preis-Leistungsverh\u00e4ltnis in unserer eigenen Produktion in Krefeld\/ Deutschland.","og_url":"https:\/\/hemley.de\/de\/das-sind-wir\/geschichte\/","og_site_name":"Hemley","article_modified_time":"2024-02-07T09:41:01+00:00","twitter_card":"summary_large_image","twitter_misc":{"Gesch\u00e4tzte Lesezeit":"1\u00a0Minute"},"schema":{"@context":"https:\/\/schema.org","@graph":[{"@type":"WebPage","@id":"https:\/\/hemley.de\/de\/das-sind-wir\/geschichte\/","url":"https:\/\/hemley.de\/de\/das-sind-wir\/geschichte\/","name":"Geschichte - Hemley","isPartOf":{"@id":"https:\/\/hemley.de\/de\/#website"},"datePublished":"2017-04-29T15:17:19+00:00","dateModified":"2024-02-07T09:41:01+00:00","description":"Wir fertigen alle Krawatten Handgen\u00e4ht in 20 Arbeitsschritten zu einem sehr guten Preis-Leistungsverh\u00e4ltnis in unserer eigenen Produktion in Krefeld\/ Deutschland.","breadcrumb":{"@id":"https:\/\/hemley.de\/de\/das-sind-wir\/geschichte\/#breadcrumb"},"inLanguage":"de","potentialAction":[{"@type":"ReadAction","target":["https:\/\/hemley.de\/de\/das-sind-wir\/geschichte\/"]}]},{"@type":"BreadcrumbList","@id":"https:\/\/hemley.de\/de\/das-sind-wir\/geschichte\/#breadcrumb","itemListElement":[{"@type":"ListItem","position":1,"name":"Startseite","item":"https:\/\/hemley.de\/de\/"},{"@type":"ListItem","position":2,"name":"Das sind wir","item":"https:\/\/hemley.de\/de\/das-sind-wir\/"},{"@type":"ListItem","position":3,"name":"Geschichte"}]},{"@type":"WebSite","@id":"https:\/\/hemley.de\/de\/#website","url":"https:\/\/hemley.de\/de\/","name":"Hemley","description":"Krawatten handgefertigt in Krefeld seit 1908","publisher":{"@id":"https:\/\/hemley.de\/de\/#organization"},"potentialAction":[{"@type":"SearchAction","target":{"@type":"EntryPoint","urlTemplate":"https:\/\/hemley.de\/de\/?s={search_term_string}"},"query-input":{"@type":"PropertyValueSpecification","valueRequired":true,"valueName":"search_term_string"}}],"inLanguage":"de"},{"@type":"Organization","@id":"https:\/\/hemley.de\/de\/#organization","name":"Hemley Moese & Schwartz GmbH","url":"https:\/\/hemley.de\/de\/","logo":{"@type":"ImageObject","inLanguage":"de","@id":"https:\/\/hemley.de\/de\/#\/schema\/logo\/image\/","url":"https:\/\/hemley.de\/wp-content\/uploads\/2019\/05\/Logo-Hemley.png","contentUrl":"https:\/\/hemley.de\/wp-content\/uploads\/2019\/05\/Logo-Hemley.png","width":467,"height":104,"caption":"Hemley Moese & Schwartz GmbH"},"image":{"@id":"https:\/\/hemley.de\/de\/#\/schema\/logo\/image\/"}}]}},"_links":{"self":[{"href":"https:\/\/hemley.de\/de\/wp-json\/wp\/v2\/pages\/141","targetHints":{"allow":["GET"]}}],"collection":[{"href":"https:\/\/hemley.de\/de\/wp-json\/wp\/v2\/pages"}],"about":[{"href":"https:\/\/hemley.de\/de\/wp-json\/wp\/v2\/types\/page"}],"author":[{"embeddable":true,"href":"https:\/\/hemley.de\/de\/wp-json\/wp\/v2\/users\/11"}],"replies":[{"embeddable":true,"href":"https:\/\/hemley.de\/de\/wp-json\/wp\/v2\/comments?post=141"}],"version-history":[{"count":8,"href":"https:\/\/hemley.de\/de\/wp-json\/wp\/v2\/pages\/141\/revisions"}],"predecessor-version":[{"id":16712,"href":"https:\/\/hemley.de\/de\/wp-json\/wp\/v2\/pages\/141\/revisions\/16712"}],"up":[{"embeddable":true,"href":"https:\/\/hemley.de\/de\/wp-json\/wp\/v2\/pages\/16"}],"wp:attachment":[{"href":"https:\/\/hemley.de\/de\/wp-json\/wp\/v2\/media?parent=141"}],"curies":[{"name":"wp","href":"https:\/\/api.w.org\/{rel}","templated":true}]}}