{"id":143,"date":"2017-04-29T15:17:36","date_gmt":"2017-04-29T15:17:36","guid":{"rendered":"http:\/\/hemley.de\/?page_id=143"},"modified":"2023-02-03T09:18:15","modified_gmt":"2023-02-03T09:18:15","slug":"produktion","status":"publish","type":"page","link":"https:\/\/hemley.de\/de\/das-sind-wir\/produktion\/","title":{"rendered":"Produktion"},"content":{"rendered":"<p>Die Krawatte ist ein notwendiges \u00dcbel! Das ist die Meinung vieler unserer Mitmenschen \u00fcber Krawatten. Der Anspruch, den wir bei der Firma HEMLEY an Krawatten stellen, ist wesentlich h\u00f6her.<\/p>\n<p><strong>F\u00fcr uns ist die Krawatte der einzige Schmuck des Mannes!<\/strong><\/p>\n<p>Die Entstehung unserer Kollektionen nimmt ihren Anfang am Comer See oder in den Webereien der Seidenstadt Krefeld. Dort finden wir die sch\u00f6nsten und qualitativ hochwertigsten Seidenstoffe, die weltweit erh\u00e4ltlich sind, immer unter dem Motto: Nur das Beste ist gut genug! Unsere st\u00e4rksten Partner f\u00fcr die Seidenstoffe sind nicht die gro\u00dfen Fabriken, sondern die kleinen Webereien und Druckereien, wo der Mann am Webstuhl noch im t\u00e4glichen Dialog mit der Firmenleitung steht und man neben dem Verkaufsraum die Webst\u00fchle laufen h\u00f6rt. Zusammen mit diesen Experten entwickeln wir die sch\u00f6nsten Muster und Farbvarianten unter Ber\u00fccksichtigung der neuesten Farbtendenzen der Saison. Bei der kreativen Entwicklung der Kollektion spielt die t\u00e4gliche Inspiration eine wichtige Rolle.<\/p>\n<p>&nbsp;<\/p>\n","protected":false},"excerpt":{"rendered":"<p>Die Krawatte ist ein notwendiges \u00dcbel! Das ist die Meinung vieler unserer Mitmenschen \u00fcber Krawatten. Der Anspruch, den wir bei der Firma HEMLEY an Krawatten stellen, ist wesentlich h\u00f6her. F\u00fcr uns ist die Krawatte der einzige Schmuck des Mannes! Die Entstehung unserer Kollektionen nimmt ihren Anfang am Comer See oder in den Webereien der Seidenstadt<\/p>\n","protected":false},"author":11,"featured_media":0,"parent":16,"menu_order":2,"comment_status":"closed","ping_status":"closed","template":"","meta":{"footnotes":""},"class_list":["post-143","page","type-page","status-publish","hentry"],"acf":[],"yoast_head":"<!-- This site is optimized with the Yoast SEO plugin v27.3 - https:\/\/yoast.com\/product\/yoast-seo-wordpress\/ -->\n<title>Produktion - Hemley<\/title>\n<meta name=\"description\" content=\"Wir fertigen alle Krawatten Handgen\u00e4ht in 20 Arbeitsschritten zu einem sehr guten Preis-Leistungsverh\u00e4ltnis in unserer eigenen Produktion in Krefeld\/ Deutschland.\" \/>\n<meta name=\"robots\" content=\"index, follow, max-snippet:-1, max-image-preview:large, max-video-preview:-1\" \/>\n<link rel=\"canonical\" href=\"https:\/\/hemley.de\/de\/das-sind-wir\/produktion\/\" \/>\n<meta property=\"og:locale\" content=\"de_DE\" \/>\n<meta property=\"og:type\" content=\"article\" \/>\n<meta property=\"og:title\" content=\"Produktion - Hemley\" \/>\n<meta property=\"og:description\" content=\"Wir fertigen alle Krawatten Handgen\u00e4ht in 20 Arbeitsschritten zu einem sehr guten Preis-Leistungsverh\u00e4ltnis in unserer eigenen Produktion in Krefeld\/ Deutschland.\" \/>\n<meta property=\"og:url\" content=\"https:\/\/hemley.de\/de\/das-sind-wir\/produktion\/\" \/>\n<meta property=\"og:site_name\" content=\"Hemley\" \/>\n<meta property=\"article:modified_time\" content=\"2023-02-03T09:18:15+00:00\" \/>\n<meta name=\"twitter:card\" content=\"summary_large_image\" \/>\n<meta name=\"twitter:label1\" content=\"Gesch\u00e4tzte Lesezeit\" \/>\n\t<meta name=\"twitter:data1\" content=\"1\u00a0Minute\" \/>\n<script type=\"application\/ld+json\" class=\"yoast-schema-graph\">{\"@context\":\"https:\\\/\\\/schema.org\",\"@graph\":[{\"@type\":\"WebPage\",\"@id\":\"https:\\\/\\\/hemley.de\\\/de\\\/das-sind-wir\\\/produktion\\\/\",\"url\":\"https:\\\/\\\/hemley.de\\\/de\\\/das-sind-wir\\\/produktion\\\/\",\"name\":\"Produktion - Hemley\",\"isPartOf\":{\"@id\":\"https:\\\/\\\/hemley.de\\\/de\\\/#website\"},\"datePublished\":\"2017-04-29T15:17:36+00:00\",\"dateModified\":\"2023-02-03T09:18:15+00:00\",\"description\":\"Wir fertigen alle Krawatten Handgen\u00e4ht in 20 Arbeitsschritten zu einem sehr guten Preis-Leistungsverh\u00e4ltnis in unserer eigenen Produktion in Krefeld\\\/ Deutschland.\",\"breadcrumb\":{\"@id\":\"https:\\\/\\\/hemley.de\\\/de\\\/das-sind-wir\\\/produktion\\\/#breadcrumb\"},\"inLanguage\":\"de\",\"potentialAction\":[{\"@type\":\"ReadAction\",\"target\":[\"https:\\\/\\\/hemley.de\\\/de\\\/das-sind-wir\\\/produktion\\\/\"]}]},{\"@type\":\"BreadcrumbList\",\"@id\":\"https:\\\/\\\/hemley.de\\\/de\\\/das-sind-wir\\\/produktion\\\/#breadcrumb\",\"itemListElement\":[{\"@type\":\"ListItem\",\"position\":1,\"name\":\"Startseite\",\"item\":\"https:\\\/\\\/hemley.de\\\/de\\\/\"},{\"@type\":\"ListItem\",\"position\":2,\"name\":\"Das sind wir\",\"item\":\"https:\\\/\\\/hemley.de\\\/de\\\/das-sind-wir\\\/\"},{\"@type\":\"ListItem\",\"position\":3,\"name\":\"Produktion\"}]},{\"@type\":\"WebSite\",\"@id\":\"https:\\\/\\\/hemley.de\\\/de\\\/#website\",\"url\":\"https:\\\/\\\/hemley.de\\\/de\\\/\",\"name\":\"Hemley\",\"description\":\"Krawatten handgefertigt in Krefeld seit 1908\",\"publisher\":{\"@id\":\"https:\\\/\\\/hemley.de\\\/de\\\/#organization\"},\"potentialAction\":[{\"@type\":\"SearchAction\",\"target\":{\"@type\":\"EntryPoint\",\"urlTemplate\":\"https:\\\/\\\/hemley.de\\\/de\\\/?s={search_term_string}\"},\"query-input\":{\"@type\":\"PropertyValueSpecification\",\"valueRequired\":true,\"valueName\":\"search_term_string\"}}],\"inLanguage\":\"de\"},{\"@type\":\"Organization\",\"@id\":\"https:\\\/\\\/hemley.de\\\/de\\\/#organization\",\"name\":\"Hemley Moese & Schwartz GmbH\",\"url\":\"https:\\\/\\\/hemley.de\\\/de\\\/\",\"logo\":{\"@type\":\"ImageObject\",\"inLanguage\":\"de\",\"@id\":\"https:\\\/\\\/hemley.de\\\/de\\\/#\\\/schema\\\/logo\\\/image\\\/\",\"url\":\"https:\\\/\\\/hemley.de\\\/wp-content\\\/uploads\\\/2019\\\/05\\\/Logo-Hemley.png\",\"contentUrl\":\"https:\\\/\\\/hemley.de\\\/wp-content\\\/uploads\\\/2019\\\/05\\\/Logo-Hemley.png\",\"width\":467,\"height\":104,\"caption\":\"Hemley Moese & Schwartz GmbH\"},\"image\":{\"@id\":\"https:\\\/\\\/hemley.de\\\/de\\\/#\\\/schema\\\/logo\\\/image\\\/\"}}]}<\/script>\n<!-- \/ Yoast SEO plugin. -->","yoast_head_json":{"title":"Produktion - Hemley","description":"Wir fertigen alle Krawatten Handgen\u00e4ht in 20 Arbeitsschritten zu einem sehr guten Preis-Leistungsverh\u00e4ltnis in unserer eigenen Produktion in Krefeld\/ Deutschland.","robots":{"index":"index","follow":"follow","max-snippet":"max-snippet:-1","max-image-preview":"max-image-preview:large","max-video-preview":"max-video-preview:-1"},"canonical":"https:\/\/hemley.de\/de\/das-sind-wir\/produktion\/","og_locale":"de_DE","og_type":"article","og_title":"Produktion - Hemley","og_description":"Wir fertigen alle Krawatten Handgen\u00e4ht in 20 Arbeitsschritten zu einem sehr guten Preis-Leistungsverh\u00e4ltnis in unserer eigenen Produktion in Krefeld\/ Deutschland.","og_url":"https:\/\/hemley.de\/de\/das-sind-wir\/produktion\/","og_site_name":"Hemley","article_modified_time":"2023-02-03T09:18:15+00:00","twitter_card":"summary_large_image","twitter_misc":{"Gesch\u00e4tzte Lesezeit":"1\u00a0Minute"},"schema":{"@context":"https:\/\/schema.org","@graph":[{"@type":"WebPage","@id":"https:\/\/hemley.de\/de\/das-sind-wir\/produktion\/","url":"https:\/\/hemley.de\/de\/das-sind-wir\/produktion\/","name":"Produktion - Hemley","isPartOf":{"@id":"https:\/\/hemley.de\/de\/#website"},"datePublished":"2017-04-29T15:17:36+00:00","dateModified":"2023-02-03T09:18:15+00:00","description":"Wir fertigen alle Krawatten Handgen\u00e4ht in 20 Arbeitsschritten zu einem sehr guten Preis-Leistungsverh\u00e4ltnis in unserer eigenen Produktion in Krefeld\/ Deutschland.","breadcrumb":{"@id":"https:\/\/hemley.de\/de\/das-sind-wir\/produktion\/#breadcrumb"},"inLanguage":"de","potentialAction":[{"@type":"ReadAction","target":["https:\/\/hemley.de\/de\/das-sind-wir\/produktion\/"]}]},{"@type":"BreadcrumbList","@id":"https:\/\/hemley.de\/de\/das-sind-wir\/produktion\/#breadcrumb","itemListElement":[{"@type":"ListItem","position":1,"name":"Startseite","item":"https:\/\/hemley.de\/de\/"},{"@type":"ListItem","position":2,"name":"Das sind wir","item":"https:\/\/hemley.de\/de\/das-sind-wir\/"},{"@type":"ListItem","position":3,"name":"Produktion"}]},{"@type":"WebSite","@id":"https:\/\/hemley.de\/de\/#website","url":"https:\/\/hemley.de\/de\/","name":"Hemley","description":"Krawatten handgefertigt in Krefeld seit 1908","publisher":{"@id":"https:\/\/hemley.de\/de\/#organization"},"potentialAction":[{"@type":"SearchAction","target":{"@type":"EntryPoint","urlTemplate":"https:\/\/hemley.de\/de\/?s={search_term_string}"},"query-input":{"@type":"PropertyValueSpecification","valueRequired":true,"valueName":"search_term_string"}}],"inLanguage":"de"},{"@type":"Organization","@id":"https:\/\/hemley.de\/de\/#organization","name":"Hemley Moese & Schwartz GmbH","url":"https:\/\/hemley.de\/de\/","logo":{"@type":"ImageObject","inLanguage":"de","@id":"https:\/\/hemley.de\/de\/#\/schema\/logo\/image\/","url":"https:\/\/hemley.de\/wp-content\/uploads\/2019\/05\/Logo-Hemley.png","contentUrl":"https:\/\/hemley.de\/wp-content\/uploads\/2019\/05\/Logo-Hemley.png","width":467,"height":104,"caption":"Hemley Moese & Schwartz GmbH"},"image":{"@id":"https:\/\/hemley.de\/de\/#\/schema\/logo\/image\/"}}]}},"_links":{"self":[{"href":"https:\/\/hemley.de\/de\/wp-json\/wp\/v2\/pages\/143","targetHints":{"allow":["GET"]}}],"collection":[{"href":"https:\/\/hemley.de\/de\/wp-json\/wp\/v2\/pages"}],"about":[{"href":"https:\/\/hemley.de\/de\/wp-json\/wp\/v2\/types\/page"}],"author":[{"embeddable":true,"href":"https:\/\/hemley.de\/de\/wp-json\/wp\/v2\/users\/11"}],"replies":[{"embeddable":true,"href":"https:\/\/hemley.de\/de\/wp-json\/wp\/v2\/comments?post=143"}],"version-history":[{"count":5,"href":"https:\/\/hemley.de\/de\/wp-json\/wp\/v2\/pages\/143\/revisions"}],"predecessor-version":[{"id":14987,"href":"https:\/\/hemley.de\/de\/wp-json\/wp\/v2\/pages\/143\/revisions\/14987"}],"up":[{"embeddable":true,"href":"https:\/\/hemley.de\/de\/wp-json\/wp\/v2\/pages\/16"}],"wp:attachment":[{"href":"https:\/\/hemley.de\/de\/wp-json\/wp\/v2\/media?parent=143"}],"curies":[{"name":"wp","href":"https:\/\/api.w.org\/{rel}","templated":true}]}}