{"id":6210,"date":"2018-07-11T10:49:10","date_gmt":"2018-07-11T10:49:10","guid":{"rendered":"http:\/\/hemley.de\/?page_id=6210"},"modified":"2019-06-14T08:15:29","modified_gmt":"2019-06-14T08:15:29","slug":"haeufig-gestellte-fragen-faq","status":"publish","type":"page","link":"https:\/\/hemley.de\/de\/haeufig-gestellte-fragen-faq\/","title":{"rendered":"H\u00e4ufig gestellte Fragen &#8211; FAQ"},"content":{"rendered":"<h5><strong>FRAGEN ZU UNSEREN PRODUKTEN<\/strong><\/h5>\n<p><strong>Werden Hemley-Krawatten noch in Krefeld\/ Deutschland produziert?<\/strong><br \/>\nJa, immer getreu dem Motto: Tradition, Qualit\u00e4t &amp; Stil &#8211; Handgen\u00e4ht in Krefeld!<\/p>\n<p><strong>Wo werden die Hemley-Strickkrawatten gestrickt?<\/strong><br \/>\nDiese Ikonen der klassischen Herrenmode fertigen wir in unserer eigenen Strickerei in Krefeld\/ Germany!<\/p>\n<p><strong>Sehen die\u00a0Produkte so aus wie auf dem Foto?<\/strong><br \/>\nWir versuchen die Farben so exakt wie m\u00f6glich zu treffen (jeder Artikel\u00a0wird bei uns einzeln fotografiert und nicht einfach \u00fcber Computerprogramme eingef\u00e4rbt), allerdings k\u00f6nnen die Farben aufgrund von Monitoreinstellungen oder Kamerabelichtung leicht abweichen.<\/p>\n<p><strong>Welche Ma\u00dfe haben die einzelnen Produkte?<\/strong><br \/>\nDie\u00a0Ma\u00dfe der einzelnen Produkte, finden Sie in der Regel auf jeder Produktseite.<br \/>\nSollten Sie einmal keine Ma\u00dfangaben bei den Produkten finden, k\u00f6nnen Sie uns gerne per <a href=\"mailto:kundenservice@hemleyshop.de\">Email<\/a> kontaktieren.<\/p>\n<p><strong>Gibt es noch weitere Artikel oder Farben au\u00dfer den Produkten in unserem Shop?<\/strong><br \/>\nBei den Produkten in unserem Shop handelt es sich um Einzelst\u00fccke, weiter Produkte oder andere Ausf\u00fchrung k\u00f6nnen wir leider nicht anbieten.<\/p>\n<p><strong>Kann man Produkte aus der Kollektion auf unserer Internetseite bestellen?<\/strong><br \/>\nBitte haben Sie Verst\u00e4ndnis, dass wir unsere Produkte aus unserer Kollektion nur Gewerbekunden\/ Wiederverk\u00e4ufern anbieten. Endkunden k\u00f6nnen einige unserer Produkte \u00fcber unseren Onlineshop beziehen.<\/p>\n<p><strong>FRAGEN ZUM KAUF<\/strong><\/p>\n<p><strong>Welche Zahlungsmethoden gibt es?<\/strong><br \/>\nDie Zahlung kann per \u00dcberweisung, oder \u00fcber das Onlinezahlungsverfahren PayPal erfolgen.<br \/>\nBei Bezahlung per \u00dcberweisung teilen wir Ihnen die Bankverbindung sowie die Bestellnummer mit der Auftragsbest\u00e4tigung mit. Der Kaufpreis ist dann innerhalb von sieben Kalendertagen ab Bekanntgabe unter Angabe der Bestellnummer im Verwendungszweck auf das angegebene Konto zu \u00fcberweisen.<\/p>\n<p><strong>Wie hoch sind die Versandkosten?<\/strong><br \/>\nInnerhalb Deutschlands liefern wir versandkostenfrei.<\/p>\n<p><strong>Welche Versandm\u00f6glichkeiten gibt es?<\/strong><br \/>\nWir liefern per DHL.<\/p>\n<p><strong>Wie lange sind die Lieferzeiten?<\/strong><br \/>\nSofern im Angebot nichts anderes angegeben, bringen wir die Ware innerhalb von 2 Werktagen nach Zahlungseingang per DHL zum Versand. Sollten Sie R\u00fcckfragen zum Status einer Bestellung haben, schreiben Sie uns bitte eine <a href=\"mailto:kundenservice@hemleyshop.de\">Email<\/a>.<\/p>\n<p><strong>Wie schnell wird meine Bestellung verschickt?<\/strong><br \/>\nBei Zahlungseingang bis 12 Uhr (Montag bis Freitag), werden Bestellungen\u00a0noch am selben Tag verschickt.<\/p>\n<p><strong>Wie kann ich etwas zur\u00fcckschicken?<\/strong><br \/>\nWir w\u00fcnschen unseren Kunden viel Freude mit den bestellten Artikeln. Falls Sie einmal nicht zufrieden sind mit Ihrer Bestellung, haben Sie selbstverst\u00e4ndlich das Recht, Waren an uns zur\u00fcckzusenden. Bitte nehmen Sie vor einer R\u00fccksendung grunds\u00e4tzlich Kontakt per <a href=\"mailto:kundenservice@hemleyshop.de\">Email<\/a>. Dies verhindert das Anfallen unn\u00f6tiger Kosten.<br \/>\nBitte beachten Sie folgende Punkte:<\/p>\n<p>&#8211;\u00a0 Legen Sie der Sendung grunds\u00e4tzlich eine Kopie der Rechnung bei.<br \/>\n&#8211;\u00a0 Achten Sie darauf, dass die Ware unbenutzt und gut verpackt zur\u00fcckgesendet wird.<\/p>\n<p>Senden Sie die Ware an folgende Adresse zur\u00fcck:<\/p>\n<p>HEMLEY Moese &amp; Schwartz GmbH<br \/>\nOnlineshop<br \/>\nH\u00fclser Str. 335<br \/>\n47803 Krefeld<\/p>\n<p>Eine Nichtbeachtung der o.g. Punkte schr\u00e4nkt Ihr Widerrufsrecht nicht ein!<\/p>\n<p><strong>\u00dcbernehmen Sie die R\u00fccksendekosten?<\/strong><br \/>\nBetr\u00e4gt der Warenwert der R\u00fccksendung mehr als 40,00 EUR \u00fcbernehmen wir f\u00fcr sie die Versandkosten. Betr\u00e4gt der Warenwert der R\u00fccksendung weniger als 40,00 EUR tragen Sie die Versandkosten der R\u00fccksendung. Im Falle einer Reklamation \u00fcbernehmen wir grunds\u00e4tzlich die Versandkosten.<\/p>\n","protected":false},"excerpt":{"rendered":"<p>FRAGEN ZU UNSEREN PRODUKTEN Werden Hemley-Krawatten noch in Krefeld\/ Deutschland produziert? Ja, immer getreu dem Motto: Tradition, Qualit\u00e4t &amp; Stil &#8211; Handgen\u00e4ht in Krefeld! Wo werden die Hemley-Strickkrawatten gestrickt? Diese Ikonen der klassischen Herrenmode fertigen wir in unserer eigenen Strickerei in Krefeld\/ Germany! Sehen die\u00a0Produkte so aus wie auf dem Foto? Wir versuchen die Farben<\/p>\n","protected":false},"author":18,"featured_media":0,"parent":0,"menu_order":0,"comment_status":"closed","ping_status":"closed","template":"","meta":{"footnotes":""},"class_list":["post-6210","page","type-page","status-publish","hentry"],"acf":[],"yoast_head":"<!-- This site is optimized with the Yoast SEO plugin v27.3 - https:\/\/yoast.com\/product\/yoast-seo-wordpress\/ -->\n<title>H\u00e4ufig gestellte Fragen - FAQ - Hemley<\/title>\n<meta name=\"description\" content=\"Wir fertigen alle Krawatten Handgen\u00e4ht in 20 Arbeitsschritten zu einem sehr guten Preis-Leistungsverh\u00e4ltnis in unserer eigenen Produktion in Krefeld\/ Deutschland.\" \/>\n<meta name=\"robots\" content=\"index, follow, max-snippet:-1, max-image-preview:large, max-video-preview:-1\" \/>\n<link rel=\"canonical\" href=\"https:\/\/hemley.de\/de\/haeufig-gestellte-fragen-faq\/\" \/>\n<meta property=\"og:locale\" content=\"de_DE\" \/>\n<meta property=\"og:type\" content=\"article\" \/>\n<meta property=\"og:title\" content=\"H\u00e4ufig gestellte Fragen - FAQ - Hemley\" \/>\n<meta property=\"og:description\" content=\"Wir fertigen alle Krawatten Handgen\u00e4ht in 20 Arbeitsschritten zu einem sehr guten Preis-Leistungsverh\u00e4ltnis in unserer eigenen Produktion in Krefeld\/ Deutschland.\" \/>\n<meta property=\"og:url\" content=\"https:\/\/hemley.de\/de\/haeufig-gestellte-fragen-faq\/\" \/>\n<meta property=\"og:site_name\" content=\"Hemley\" \/>\n<meta property=\"article:modified_time\" content=\"2019-06-14T08:15:29+00:00\" \/>\n<meta name=\"twitter:card\" content=\"summary_large_image\" \/>\n<meta name=\"twitter:label1\" content=\"Gesch\u00e4tzte Lesezeit\" \/>\n\t<meta name=\"twitter:data1\" content=\"3\u00a0Minuten\" \/>\n<script type=\"application\/ld+json\" class=\"yoast-schema-graph\">{\"@context\":\"https:\\\/\\\/schema.org\",\"@graph\":[{\"@type\":\"WebPage\",\"@id\":\"https:\\\/\\\/hemley.de\\\/de\\\/haeufig-gestellte-fragen-faq\\\/\",\"url\":\"https:\\\/\\\/hemley.de\\\/de\\\/haeufig-gestellte-fragen-faq\\\/\",\"name\":\"H\u00e4ufig gestellte Fragen - FAQ - Hemley\",\"isPartOf\":{\"@id\":\"https:\\\/\\\/hemley.de\\\/de\\\/#website\"},\"datePublished\":\"2018-07-11T10:49:10+00:00\",\"dateModified\":\"2019-06-14T08:15:29+00:00\",\"description\":\"Wir fertigen alle Krawatten Handgen\u00e4ht in 20 Arbeitsschritten zu einem sehr guten Preis-Leistungsverh\u00e4ltnis in unserer eigenen Produktion in Krefeld\\\/ Deutschland.\",\"breadcrumb\":{\"@id\":\"https:\\\/\\\/hemley.de\\\/de\\\/haeufig-gestellte-fragen-faq\\\/#breadcrumb\"},\"inLanguage\":\"de\",\"potentialAction\":[{\"@type\":\"ReadAction\",\"target\":[\"https:\\\/\\\/hemley.de\\\/de\\\/haeufig-gestellte-fragen-faq\\\/\"]}]},{\"@type\":\"BreadcrumbList\",\"@id\":\"https:\\\/\\\/hemley.de\\\/de\\\/haeufig-gestellte-fragen-faq\\\/#breadcrumb\",\"itemListElement\":[{\"@type\":\"ListItem\",\"position\":1,\"name\":\"Startseite\",\"item\":\"https:\\\/\\\/hemley.de\\\/de\\\/\"},{\"@type\":\"ListItem\",\"position\":2,\"name\":\"H\u00e4ufig gestellte Fragen &#8211; FAQ\"}]},{\"@type\":\"WebSite\",\"@id\":\"https:\\\/\\\/hemley.de\\\/de\\\/#website\",\"url\":\"https:\\\/\\\/hemley.de\\\/de\\\/\",\"name\":\"Hemley\",\"description\":\"Krawatten handgefertigt in Krefeld seit 1908\",\"publisher\":{\"@id\":\"https:\\\/\\\/hemley.de\\\/de\\\/#organization\"},\"potentialAction\":[{\"@type\":\"SearchAction\",\"target\":{\"@type\":\"EntryPoint\",\"urlTemplate\":\"https:\\\/\\\/hemley.de\\\/de\\\/?s={search_term_string}\"},\"query-input\":{\"@type\":\"PropertyValueSpecification\",\"valueRequired\":true,\"valueName\":\"search_term_string\"}}],\"inLanguage\":\"de\"},{\"@type\":\"Organization\",\"@id\":\"https:\\\/\\\/hemley.de\\\/de\\\/#organization\",\"name\":\"Hemley Moese & Schwartz GmbH\",\"url\":\"https:\\\/\\\/hemley.de\\\/de\\\/\",\"logo\":{\"@type\":\"ImageObject\",\"inLanguage\":\"de\",\"@id\":\"https:\\\/\\\/hemley.de\\\/de\\\/#\\\/schema\\\/logo\\\/image\\\/\",\"url\":\"https:\\\/\\\/hemley.de\\\/wp-content\\\/uploads\\\/2019\\\/05\\\/Logo-Hemley.png\",\"contentUrl\":\"https:\\\/\\\/hemley.de\\\/wp-content\\\/uploads\\\/2019\\\/05\\\/Logo-Hemley.png\",\"width\":467,\"height\":104,\"caption\":\"Hemley Moese & Schwartz GmbH\"},\"image\":{\"@id\":\"https:\\\/\\\/hemley.de\\\/de\\\/#\\\/schema\\\/logo\\\/image\\\/\"}}]}<\/script>\n<!-- \/ Yoast SEO plugin. -->","yoast_head_json":{"title":"H\u00e4ufig gestellte Fragen - FAQ - Hemley","description":"Wir fertigen alle Krawatten Handgen\u00e4ht in 20 Arbeitsschritten zu einem sehr guten Preis-Leistungsverh\u00e4ltnis in unserer eigenen Produktion in Krefeld\/ Deutschland.","robots":{"index":"index","follow":"follow","max-snippet":"max-snippet:-1","max-image-preview":"max-image-preview:large","max-video-preview":"max-video-preview:-1"},"canonical":"https:\/\/hemley.de\/de\/haeufig-gestellte-fragen-faq\/","og_locale":"de_DE","og_type":"article","og_title":"H\u00e4ufig gestellte Fragen - FAQ - Hemley","og_description":"Wir fertigen alle Krawatten Handgen\u00e4ht in 20 Arbeitsschritten zu einem sehr guten Preis-Leistungsverh\u00e4ltnis in unserer eigenen Produktion in Krefeld\/ Deutschland.","og_url":"https:\/\/hemley.de\/de\/haeufig-gestellte-fragen-faq\/","og_site_name":"Hemley","article_modified_time":"2019-06-14T08:15:29+00:00","twitter_card":"summary_large_image","twitter_misc":{"Gesch\u00e4tzte Lesezeit":"3\u00a0Minuten"},"schema":{"@context":"https:\/\/schema.org","@graph":[{"@type":"WebPage","@id":"https:\/\/hemley.de\/de\/haeufig-gestellte-fragen-faq\/","url":"https:\/\/hemley.de\/de\/haeufig-gestellte-fragen-faq\/","name":"H\u00e4ufig gestellte Fragen - FAQ - Hemley","isPartOf":{"@id":"https:\/\/hemley.de\/de\/#website"},"datePublished":"2018-07-11T10:49:10+00:00","dateModified":"2019-06-14T08:15:29+00:00","description":"Wir fertigen alle Krawatten Handgen\u00e4ht in 20 Arbeitsschritten zu einem sehr guten Preis-Leistungsverh\u00e4ltnis in unserer eigenen Produktion in Krefeld\/ Deutschland.","breadcrumb":{"@id":"https:\/\/hemley.de\/de\/haeufig-gestellte-fragen-faq\/#breadcrumb"},"inLanguage":"de","potentialAction":[{"@type":"ReadAction","target":["https:\/\/hemley.de\/de\/haeufig-gestellte-fragen-faq\/"]}]},{"@type":"BreadcrumbList","@id":"https:\/\/hemley.de\/de\/haeufig-gestellte-fragen-faq\/#breadcrumb","itemListElement":[{"@type":"ListItem","position":1,"name":"Startseite","item":"https:\/\/hemley.de\/de\/"},{"@type":"ListItem","position":2,"name":"H\u00e4ufig gestellte Fragen &#8211; FAQ"}]},{"@type":"WebSite","@id":"https:\/\/hemley.de\/de\/#website","url":"https:\/\/hemley.de\/de\/","name":"Hemley","description":"Krawatten handgefertigt in Krefeld seit 1908","publisher":{"@id":"https:\/\/hemley.de\/de\/#organization"},"potentialAction":[{"@type":"SearchAction","target":{"@type":"EntryPoint","urlTemplate":"https:\/\/hemley.de\/de\/?s={search_term_string}"},"query-input":{"@type":"PropertyValueSpecification","valueRequired":true,"valueName":"search_term_string"}}],"inLanguage":"de"},{"@type":"Organization","@id":"https:\/\/hemley.de\/de\/#organization","name":"Hemley Moese & Schwartz GmbH","url":"https:\/\/hemley.de\/de\/","logo":{"@type":"ImageObject","inLanguage":"de","@id":"https:\/\/hemley.de\/de\/#\/schema\/logo\/image\/","url":"https:\/\/hemley.de\/wp-content\/uploads\/2019\/05\/Logo-Hemley.png","contentUrl":"https:\/\/hemley.de\/wp-content\/uploads\/2019\/05\/Logo-Hemley.png","width":467,"height":104,"caption":"Hemley Moese & Schwartz GmbH"},"image":{"@id":"https:\/\/hemley.de\/de\/#\/schema\/logo\/image\/"}}]}},"_links":{"self":[{"href":"https:\/\/hemley.de\/de\/wp-json\/wp\/v2\/pages\/6210","targetHints":{"allow":["GET"]}}],"collection":[{"href":"https:\/\/hemley.de\/de\/wp-json\/wp\/v2\/pages"}],"about":[{"href":"https:\/\/hemley.de\/de\/wp-json\/wp\/v2\/types\/page"}],"author":[{"embeddable":true,"href":"https:\/\/hemley.de\/de\/wp-json\/wp\/v2\/users\/18"}],"replies":[{"embeddable":true,"href":"https:\/\/hemley.de\/de\/wp-json\/wp\/v2\/comments?post=6210"}],"version-history":[{"count":15,"href":"https:\/\/hemley.de\/de\/wp-json\/wp\/v2\/pages\/6210\/revisions"}],"predecessor-version":[{"id":8963,"href":"https:\/\/hemley.de\/de\/wp-json\/wp\/v2\/pages\/6210\/revisions\/8963"}],"wp:attachment":[{"href":"https:\/\/hemley.de\/de\/wp-json\/wp\/v2\/media?parent=6210"}],"curies":[{"name":"wp","href":"https:\/\/api.w.org\/{rel}","templated":true}]}}