{"id":7142,"date":"2018-12-04T12:22:32","date_gmt":"2018-12-04T12:22:32","guid":{"rendered":"http:\/\/hemley.de\/?page_id=7142"},"modified":"2019-06-14T08:19:50","modified_gmt":"2019-06-14T08:19:50","slug":"online-shop","status":"publish","type":"page","link":"https:\/\/hemley.de\/de\/lieferung-ruecksendung\/online-shop\/","title":{"rendered":"Lieferung \/ R\u00fccksendung"},"content":{"rendered":"<h1>Lieferung \/ R\u00fccksendung<\/h1>\n<div class=\"content_page_inner\">\n<p><b>Lieferung<\/b><\/p>\n<p>Sofern im Angebot nichts anderes angegeben, bringen wir die Ware innerhalb von 2 Werktagen nach Zahlungseingang per DHL zum Versand.<\/p>\n<p>Wir liefern innerhalb Deutschlands\u00a0<strong>\u00a0versandkostenfrei<\/strong>.<\/p>\n<p>Sollten Sie R\u00fcckfragen zum Status einer Bestellung haben, schreiben Sie uns bitte eine\u00a0<a href=\"mailto:order@hemleyshop.de\">Email<\/a>.<\/p>\n<p><b>R\u00fccksendung<\/b><\/p>\n<p>Wir w\u00fcnschen unseren Kunden viel Freude mit den bestellten Artikeln. Falls Sie einmal nicht zufrieden sind mit Ihrer Bestellung, haben Sie selbstverst\u00e4ndlich das Recht, Waren an uns zur\u00fcckzusenden.<\/p>\n<p>Bitte nehmen Sie vor einer R\u00fccksendung grunds\u00e4tzlich Kontakt per <a href=\"mailto:order@hemleyshop.de\">Email<\/a> mit uns\u00a0auf. Dies verhindert das Anfallen unn\u00f6tiger Kosten.<\/p>\n<p>Bitte beachten Sie folgende Punkte:<\/p>\n<ul>\n<li>Legen Sie der Sendung grunds\u00e4tzlich eine Kopie der Rechnung\u00a0bei.<\/li>\n<li>Achten Sie darauf, dass die Ware unbenutzt und gut verpackt zur\u00fcckgesendet wird.<\/li>\n<li>Senden Sie die Ware an folgende Adresse zur\u00fcck: HEMLEY Moese &amp; Schwartz GmbH, Onlineshop, H\u00fclser Str. 335, 47803 Krefeld<\/li>\n<\/ul>\n<p>Eine Nichtbeachtung der o.g. Punkte schr\u00e4nkt Ihr Widerrufsrecht nicht ein!<\/p>\n<p>Betr\u00e4gt der Warenwert der R\u00fccksendung mehr als 40,00 EUR \u00fcbernehmen wir f\u00fcr sie die Versandkosten. Betr\u00e4gt der Warenwert der R\u00fccksendung weniger als 40,00 EUR tragen Sie die Versandkosten der R\u00fccksendung.<br \/>\nIm Falle einer Reklamation \u00fcbernehmen wir grunds\u00e4tzlich die Versandkosten.<\/p>\n<p>Bitte lesen Sie hierzu auch unsere\u00a0<a href=\"http:\/\/hemley.de\/widerrufsbelehrung\/\">Widerrufsbelehrung<\/a>\u00a0und unsere\u00a0<a href=\"http:\/\/hemley.de\/allgemeine-geschaeftsbedingungen\/\">Allgemeinen Gesch\u00e4ftsbedinungen<\/a>.<\/p>\n<\/div>\n","protected":false},"excerpt":{"rendered":"<p>Lieferung \/ R\u00fccksendung Lieferung Sofern im Angebot nichts anderes angegeben, bringen wir die Ware innerhalb von 2 Werktagen nach Zahlungseingang per DHL zum Versand. Wir liefern innerhalb Deutschlands\u00a0\u00a0versandkostenfrei. Sollten Sie R\u00fcckfragen zum Status einer Bestellung haben, schreiben Sie uns bitte eine\u00a0Email. R\u00fccksendung Wir w\u00fcnschen unseren Kunden viel Freude mit den bestellten Artikeln. Falls Sie einmal<\/p>\n","protected":false},"author":11,"featured_media":0,"parent":4820,"menu_order":0,"comment_status":"closed","ping_status":"closed","template":"","meta":{"footnotes":""},"class_list":["post-7142","page","type-page","status-publish","hentry"],"acf":[],"yoast_head":"<!-- This site is optimized with the Yoast SEO plugin v27.3 - https:\/\/yoast.com\/product\/yoast-seo-wordpress\/ -->\n<title>Lieferung \/ R\u00fccksendung - Hemley<\/title>\n<meta name=\"description\" content=\"Wir fertigen alle Krawatten Handgen\u00e4ht in 20 Arbeitsschritten zu einem sehr guten Preis-Leistungsverh\u00e4ltnis in unserer eigenen Produktion in Krefeld\/ Deutschland.\" \/>\n<meta name=\"robots\" content=\"index, follow, max-snippet:-1, max-image-preview:large, max-video-preview:-1\" \/>\n<link rel=\"canonical\" href=\"https:\/\/hemley.de\/de\/lieferung-ruecksendung\/online-shop\/\" \/>\n<meta property=\"og:locale\" content=\"de_DE\" \/>\n<meta property=\"og:type\" content=\"article\" \/>\n<meta property=\"og:title\" content=\"Lieferung \/ R\u00fccksendung - Hemley\" \/>\n<meta property=\"og:description\" content=\"Wir fertigen alle Krawatten Handgen\u00e4ht in 20 Arbeitsschritten zu einem sehr guten Preis-Leistungsverh\u00e4ltnis in unserer eigenen Produktion in Krefeld\/ Deutschland.\" \/>\n<meta property=\"og:url\" content=\"https:\/\/hemley.de\/de\/lieferung-ruecksendung\/online-shop\/\" \/>\n<meta property=\"og:site_name\" content=\"Hemley\" \/>\n<meta property=\"article:modified_time\" content=\"2019-06-14T08:19:50+00:00\" \/>\n<meta name=\"twitter:card\" content=\"summary_large_image\" \/>\n<meta name=\"twitter:label1\" content=\"Gesch\u00e4tzte Lesezeit\" \/>\n\t<meta name=\"twitter:data1\" content=\"1\u00a0Minute\" \/>\n<script type=\"application\/ld+json\" class=\"yoast-schema-graph\">{\"@context\":\"https:\\\/\\\/schema.org\",\"@graph\":[{\"@type\":\"WebPage\",\"@id\":\"https:\\\/\\\/hemley.de\\\/de\\\/lieferung-ruecksendung\\\/online-shop\\\/\",\"url\":\"https:\\\/\\\/hemley.de\\\/de\\\/lieferung-ruecksendung\\\/online-shop\\\/\",\"name\":\"Lieferung \\\/ R\u00fccksendung - Hemley\",\"isPartOf\":{\"@id\":\"https:\\\/\\\/hemley.de\\\/de\\\/#website\"},\"datePublished\":\"2018-12-04T12:22:32+00:00\",\"dateModified\":\"2019-06-14T08:19:50+00:00\",\"description\":\"Wir fertigen alle Krawatten Handgen\u00e4ht in 20 Arbeitsschritten zu einem sehr guten Preis-Leistungsverh\u00e4ltnis in unserer eigenen Produktion in Krefeld\\\/ Deutschland.\",\"breadcrumb\":{\"@id\":\"https:\\\/\\\/hemley.de\\\/de\\\/lieferung-ruecksendung\\\/online-shop\\\/#breadcrumb\"},\"inLanguage\":\"de\",\"potentialAction\":[{\"@type\":\"ReadAction\",\"target\":[\"https:\\\/\\\/hemley.de\\\/de\\\/lieferung-ruecksendung\\\/online-shop\\\/\"]}]},{\"@type\":\"BreadcrumbList\",\"@id\":\"https:\\\/\\\/hemley.de\\\/de\\\/lieferung-ruecksendung\\\/online-shop\\\/#breadcrumb\",\"itemListElement\":[{\"@type\":\"ListItem\",\"position\":1,\"name\":\"Startseite\",\"item\":\"https:\\\/\\\/hemley.de\\\/de\\\/\"},{\"@type\":\"ListItem\",\"position\":2,\"name\":\"Lieferung \\\/ R\u00fccksendung\",\"item\":\"https:\\\/\\\/hemley.de\\\/de\\\/lieferung-ruecksendung\\\/\"},{\"@type\":\"ListItem\",\"position\":3,\"name\":\"Lieferung \\\/ R\u00fccksendung\"}]},{\"@type\":\"WebSite\",\"@id\":\"https:\\\/\\\/hemley.de\\\/de\\\/#website\",\"url\":\"https:\\\/\\\/hemley.de\\\/de\\\/\",\"name\":\"Hemley\",\"description\":\"Krawatten handgefertigt in Krefeld seit 1908\",\"publisher\":{\"@id\":\"https:\\\/\\\/hemley.de\\\/de\\\/#organization\"},\"potentialAction\":[{\"@type\":\"SearchAction\",\"target\":{\"@type\":\"EntryPoint\",\"urlTemplate\":\"https:\\\/\\\/hemley.de\\\/de\\\/?s={search_term_string}\"},\"query-input\":{\"@type\":\"PropertyValueSpecification\",\"valueRequired\":true,\"valueName\":\"search_term_string\"}}],\"inLanguage\":\"de\"},{\"@type\":\"Organization\",\"@id\":\"https:\\\/\\\/hemley.de\\\/de\\\/#organization\",\"name\":\"Hemley Moese & Schwartz GmbH\",\"url\":\"https:\\\/\\\/hemley.de\\\/de\\\/\",\"logo\":{\"@type\":\"ImageObject\",\"inLanguage\":\"de\",\"@id\":\"https:\\\/\\\/hemley.de\\\/de\\\/#\\\/schema\\\/logo\\\/image\\\/\",\"url\":\"https:\\\/\\\/hemley.de\\\/wp-content\\\/uploads\\\/2019\\\/05\\\/Logo-Hemley.png\",\"contentUrl\":\"https:\\\/\\\/hemley.de\\\/wp-content\\\/uploads\\\/2019\\\/05\\\/Logo-Hemley.png\",\"width\":467,\"height\":104,\"caption\":\"Hemley Moese & Schwartz GmbH\"},\"image\":{\"@id\":\"https:\\\/\\\/hemley.de\\\/de\\\/#\\\/schema\\\/logo\\\/image\\\/\"}}]}<\/script>\n<!-- \/ Yoast SEO plugin. -->","yoast_head_json":{"title":"Lieferung \/ R\u00fccksendung - Hemley","description":"Wir fertigen alle Krawatten Handgen\u00e4ht in 20 Arbeitsschritten zu einem sehr guten Preis-Leistungsverh\u00e4ltnis in unserer eigenen Produktion in Krefeld\/ Deutschland.","robots":{"index":"index","follow":"follow","max-snippet":"max-snippet:-1","max-image-preview":"max-image-preview:large","max-video-preview":"max-video-preview:-1"},"canonical":"https:\/\/hemley.de\/de\/lieferung-ruecksendung\/online-shop\/","og_locale":"de_DE","og_type":"article","og_title":"Lieferung \/ R\u00fccksendung - Hemley","og_description":"Wir fertigen alle Krawatten Handgen\u00e4ht in 20 Arbeitsschritten zu einem sehr guten Preis-Leistungsverh\u00e4ltnis in unserer eigenen Produktion in Krefeld\/ Deutschland.","og_url":"https:\/\/hemley.de\/de\/lieferung-ruecksendung\/online-shop\/","og_site_name":"Hemley","article_modified_time":"2019-06-14T08:19:50+00:00","twitter_card":"summary_large_image","twitter_misc":{"Gesch\u00e4tzte Lesezeit":"1\u00a0Minute"},"schema":{"@context":"https:\/\/schema.org","@graph":[{"@type":"WebPage","@id":"https:\/\/hemley.de\/de\/lieferung-ruecksendung\/online-shop\/","url":"https:\/\/hemley.de\/de\/lieferung-ruecksendung\/online-shop\/","name":"Lieferung \/ R\u00fccksendung - Hemley","isPartOf":{"@id":"https:\/\/hemley.de\/de\/#website"},"datePublished":"2018-12-04T12:22:32+00:00","dateModified":"2019-06-14T08:19:50+00:00","description":"Wir fertigen alle Krawatten Handgen\u00e4ht in 20 Arbeitsschritten zu einem sehr guten Preis-Leistungsverh\u00e4ltnis in unserer eigenen Produktion in Krefeld\/ Deutschland.","breadcrumb":{"@id":"https:\/\/hemley.de\/de\/lieferung-ruecksendung\/online-shop\/#breadcrumb"},"inLanguage":"de","potentialAction":[{"@type":"ReadAction","target":["https:\/\/hemley.de\/de\/lieferung-ruecksendung\/online-shop\/"]}]},{"@type":"BreadcrumbList","@id":"https:\/\/hemley.de\/de\/lieferung-ruecksendung\/online-shop\/#breadcrumb","itemListElement":[{"@type":"ListItem","position":1,"name":"Startseite","item":"https:\/\/hemley.de\/de\/"},{"@type":"ListItem","position":2,"name":"Lieferung \/ R\u00fccksendung","item":"https:\/\/hemley.de\/de\/lieferung-ruecksendung\/"},{"@type":"ListItem","position":3,"name":"Lieferung \/ R\u00fccksendung"}]},{"@type":"WebSite","@id":"https:\/\/hemley.de\/de\/#website","url":"https:\/\/hemley.de\/de\/","name":"Hemley","description":"Krawatten handgefertigt in Krefeld seit 1908","publisher":{"@id":"https:\/\/hemley.de\/de\/#organization"},"potentialAction":[{"@type":"SearchAction","target":{"@type":"EntryPoint","urlTemplate":"https:\/\/hemley.de\/de\/?s={search_term_string}"},"query-input":{"@type":"PropertyValueSpecification","valueRequired":true,"valueName":"search_term_string"}}],"inLanguage":"de"},{"@type":"Organization","@id":"https:\/\/hemley.de\/de\/#organization","name":"Hemley Moese & Schwartz GmbH","url":"https:\/\/hemley.de\/de\/","logo":{"@type":"ImageObject","inLanguage":"de","@id":"https:\/\/hemley.de\/de\/#\/schema\/logo\/image\/","url":"https:\/\/hemley.de\/wp-content\/uploads\/2019\/05\/Logo-Hemley.png","contentUrl":"https:\/\/hemley.de\/wp-content\/uploads\/2019\/05\/Logo-Hemley.png","width":467,"height":104,"caption":"Hemley Moese & Schwartz GmbH"},"image":{"@id":"https:\/\/hemley.de\/de\/#\/schema\/logo\/image\/"}}]}},"_links":{"self":[{"href":"https:\/\/hemley.de\/de\/wp-json\/wp\/v2\/pages\/7142","targetHints":{"allow":["GET"]}}],"collection":[{"href":"https:\/\/hemley.de\/de\/wp-json\/wp\/v2\/pages"}],"about":[{"href":"https:\/\/hemley.de\/de\/wp-json\/wp\/v2\/types\/page"}],"author":[{"embeddable":true,"href":"https:\/\/hemley.de\/de\/wp-json\/wp\/v2\/users\/11"}],"replies":[{"embeddable":true,"href":"https:\/\/hemley.de\/de\/wp-json\/wp\/v2\/comments?post=7142"}],"version-history":[{"count":3,"href":"https:\/\/hemley.de\/de\/wp-json\/wp\/v2\/pages\/7142\/revisions"}],"predecessor-version":[{"id":8965,"href":"https:\/\/hemley.de\/de\/wp-json\/wp\/v2\/pages\/7142\/revisions\/8965"}],"up":[{"embeddable":true,"href":"https:\/\/hemley.de\/de\/wp-json\/wp\/v2\/pages\/4820"}],"wp:attachment":[{"href":"https:\/\/hemley.de\/de\/wp-json\/wp\/v2\/media?parent=7142"}],"curies":[{"name":"wp","href":"https:\/\/api.w.org\/{rel}","templated":true}]}}