{"id":8569,"date":"2017-06-14T12:30:16","date_gmt":"2017-06-14T12:30:16","guid":{"rendered":"http:\/\/hemley.de\/?page_id=997\/"},"modified":"2017-06-14T12:30:16","modified_gmt":"2017-06-14T12:30:16","slug":"impressum","status":"publish","type":"page","link":"https:\/\/hemley.de\/de\/impressum\/","title":{"rendered":"Impressum"},"content":{"rendered":"<p><strong>Hemley Moese &amp; Schwartz GmbH<\/strong><br \/>\nH\u00fclser Str. 335<br \/>\n47803 Krefeld<br \/>\nFax: +49 &#8211; 2151 &#8211; 87 59 47<br \/>\nFon: +49 &#8211; 2151 &#8211; 36 09 09 &#8211; 0<\/p>\n<p><strong>Gesch\u00e4ftsf\u00fchrer:<\/strong><br \/>\nJan Moese E-Mail: info@hemley.de<\/p>\n<p>Amtsgericht Krefeld, HRB 4134<br \/>\nSteuer-Nr.: 117\/5814\/1406<br \/>\nUst-IdNr.: DE120149595<\/p>\n<p><strong>Urheberrecht<\/strong><br \/>\nAlle Seiten, Bilder und Texte unterliegen dem deutschen Urheberrecht. Vervielf\u00e4ltigung, Bearbeitung und jede Art der Verwertung au\u00dferhalb der Grenzen des Urheberrechtes bed\u00fcrfen der schriftlichen Genehmigung von Hemley Moese &amp; Schwartz GmbH. Downloads und Kopien dieser Seite und deren Bilder sind nur f\u00fcr den privaten, nicht kommerziellen Gebrauch gestattet.<\/p>\n<p><strong>Haftung f\u00fcr Links<\/strong><br \/>\nDie aufgef\u00fchrten externen Links f\u00fchren zu Inhalten fremder Anbieter. F\u00fcr diese Inhalte ist der jeweilige Anbieter verantwortlich. Bei Bekannt werden von Rechtsverletzungen werden diese Links umgehend entfernt.<\/p>\n","protected":false},"excerpt":{"rendered":"<p>Hemley Moese &amp; Schwartz GmbH H\u00fclser Str. 335 47803 Krefeld Fax: +49 &#8211; 2151 &#8211; 87 59 47 Fon: +49 &#8211; 2151 &#8211; 36 09 09 &#8211; 0 Gesch\u00e4ftsf\u00fchrer: Jan Moese E-Mail: info@hemley.de Amtsgericht Krefeld, HRB 4134 Steuer-Nr.: 117\/5814\/1406 Ust-IdNr.: DE120149595 Urheberrecht Alle Seiten, Bilder und Texte unterliegen dem deutschen Urheberrecht. Vervielf\u00e4ltigung, Bearbeitung und jede<\/p>\n","protected":false},"author":11,"featured_media":0,"parent":0,"menu_order":0,"comment_status":"closed","ping_status":"closed","template":"","meta":{"footnotes":""},"class_list":["post-8569","page","type-page","status-publish","hentry"],"acf":[],"yoast_head":"<!-- This site is optimized with the Yoast SEO plugin v27.3 - https:\/\/yoast.com\/product\/yoast-seo-wordpress\/ -->\n<title>Impressum - Hemley<\/title>\n<meta name=\"description\" content=\"Wir fertigen alle Krawatten Handgen\u00e4ht in 20 Arbeitsschritten zu einem sehr guten Preis-Leistungsverh\u00e4ltnis in unserer eigenen Produktion in Krefeld\/ Deutschland.\" \/>\n<meta name=\"robots\" content=\"index, follow, max-snippet:-1, max-image-preview:large, max-video-preview:-1\" \/>\n<link rel=\"canonical\" href=\"https:\/\/hemley.de\/de\/impressum\/\" \/>\n<meta property=\"og:locale\" content=\"de_DE\" \/>\n<meta property=\"og:type\" content=\"article\" \/>\n<meta property=\"og:title\" content=\"Impressum - Hemley\" \/>\n<meta property=\"og:description\" content=\"Wir fertigen alle Krawatten Handgen\u00e4ht in 20 Arbeitsschritten zu einem sehr guten Preis-Leistungsverh\u00e4ltnis in unserer eigenen Produktion in Krefeld\/ Deutschland.\" \/>\n<meta property=\"og:url\" content=\"https:\/\/hemley.de\/de\/impressum\/\" \/>\n<meta property=\"og:site_name\" content=\"Hemley\" \/>\n<meta name=\"twitter:card\" content=\"summary_large_image\" \/>\n<meta name=\"twitter:label1\" content=\"Gesch\u00e4tzte Lesezeit\" \/>\n\t<meta name=\"twitter:data1\" content=\"1\u00a0Minute\" \/>\n<script type=\"application\/ld+json\" class=\"yoast-schema-graph\">{\"@context\":\"https:\\\/\\\/schema.org\",\"@graph\":[{\"@type\":\"WebPage\",\"@id\":\"https:\\\/\\\/hemley.de\\\/de\\\/impressum\\\/\",\"url\":\"https:\\\/\\\/hemley.de\\\/de\\\/impressum\\\/\",\"name\":\"Impressum - Hemley\",\"isPartOf\":{\"@id\":\"https:\\\/\\\/hemley.de\\\/de\\\/#website\"},\"datePublished\":\"2017-06-14T12:30:16+00:00\",\"description\":\"Wir fertigen alle Krawatten Handgen\u00e4ht in 20 Arbeitsschritten zu einem sehr guten Preis-Leistungsverh\u00e4ltnis in unserer eigenen Produktion in Krefeld\\\/ Deutschland.\",\"breadcrumb\":{\"@id\":\"https:\\\/\\\/hemley.de\\\/de\\\/impressum\\\/#breadcrumb\"},\"inLanguage\":\"de\",\"potentialAction\":[{\"@type\":\"ReadAction\",\"target\":[\"https:\\\/\\\/hemley.de\\\/de\\\/impressum\\\/\"]}]},{\"@type\":\"BreadcrumbList\",\"@id\":\"https:\\\/\\\/hemley.de\\\/de\\\/impressum\\\/#breadcrumb\",\"itemListElement\":[{\"@type\":\"ListItem\",\"position\":1,\"name\":\"Startseite\",\"item\":\"https:\\\/\\\/hemley.de\\\/de\\\/\"},{\"@type\":\"ListItem\",\"position\":2,\"name\":\"Impressum\"}]},{\"@type\":\"WebSite\",\"@id\":\"https:\\\/\\\/hemley.de\\\/de\\\/#website\",\"url\":\"https:\\\/\\\/hemley.de\\\/de\\\/\",\"name\":\"Hemley\",\"description\":\"Krawatten handgefertigt in Krefeld seit 1908\",\"publisher\":{\"@id\":\"https:\\\/\\\/hemley.de\\\/de\\\/#organization\"},\"potentialAction\":[{\"@type\":\"SearchAction\",\"target\":{\"@type\":\"EntryPoint\",\"urlTemplate\":\"https:\\\/\\\/hemley.de\\\/de\\\/?s={search_term_string}\"},\"query-input\":{\"@type\":\"PropertyValueSpecification\",\"valueRequired\":true,\"valueName\":\"search_term_string\"}}],\"inLanguage\":\"de\"},{\"@type\":\"Organization\",\"@id\":\"https:\\\/\\\/hemley.de\\\/de\\\/#organization\",\"name\":\"Hemley Moese & Schwartz GmbH\",\"url\":\"https:\\\/\\\/hemley.de\\\/de\\\/\",\"logo\":{\"@type\":\"ImageObject\",\"inLanguage\":\"de\",\"@id\":\"https:\\\/\\\/hemley.de\\\/de\\\/#\\\/schema\\\/logo\\\/image\\\/\",\"url\":\"https:\\\/\\\/hemley.de\\\/wp-content\\\/uploads\\\/2019\\\/05\\\/Logo-Hemley.png\",\"contentUrl\":\"https:\\\/\\\/hemley.de\\\/wp-content\\\/uploads\\\/2019\\\/05\\\/Logo-Hemley.png\",\"width\":467,\"height\":104,\"caption\":\"Hemley Moese & Schwartz GmbH\"},\"image\":{\"@id\":\"https:\\\/\\\/hemley.de\\\/de\\\/#\\\/schema\\\/logo\\\/image\\\/\"}}]}<\/script>\n<!-- \/ Yoast SEO plugin. -->","yoast_head_json":{"title":"Impressum - Hemley","description":"Wir fertigen alle Krawatten Handgen\u00e4ht in 20 Arbeitsschritten zu einem sehr guten Preis-Leistungsverh\u00e4ltnis in unserer eigenen Produktion in Krefeld\/ Deutschland.","robots":{"index":"index","follow":"follow","max-snippet":"max-snippet:-1","max-image-preview":"max-image-preview:large","max-video-preview":"max-video-preview:-1"},"canonical":"https:\/\/hemley.de\/de\/impressum\/","og_locale":"de_DE","og_type":"article","og_title":"Impressum - Hemley","og_description":"Wir fertigen alle Krawatten Handgen\u00e4ht in 20 Arbeitsschritten zu einem sehr guten Preis-Leistungsverh\u00e4ltnis in unserer eigenen Produktion in Krefeld\/ Deutschland.","og_url":"https:\/\/hemley.de\/de\/impressum\/","og_site_name":"Hemley","twitter_card":"summary_large_image","twitter_misc":{"Gesch\u00e4tzte Lesezeit":"1\u00a0Minute"},"schema":{"@context":"https:\/\/schema.org","@graph":[{"@type":"WebPage","@id":"https:\/\/hemley.de\/de\/impressum\/","url":"https:\/\/hemley.de\/de\/impressum\/","name":"Impressum - Hemley","isPartOf":{"@id":"https:\/\/hemley.de\/de\/#website"},"datePublished":"2017-06-14T12:30:16+00:00","description":"Wir fertigen alle Krawatten Handgen\u00e4ht in 20 Arbeitsschritten zu einem sehr guten Preis-Leistungsverh\u00e4ltnis in unserer eigenen Produktion in Krefeld\/ Deutschland.","breadcrumb":{"@id":"https:\/\/hemley.de\/de\/impressum\/#breadcrumb"},"inLanguage":"de","potentialAction":[{"@type":"ReadAction","target":["https:\/\/hemley.de\/de\/impressum\/"]}]},{"@type":"BreadcrumbList","@id":"https:\/\/hemley.de\/de\/impressum\/#breadcrumb","itemListElement":[{"@type":"ListItem","position":1,"name":"Startseite","item":"https:\/\/hemley.de\/de\/"},{"@type":"ListItem","position":2,"name":"Impressum"}]},{"@type":"WebSite","@id":"https:\/\/hemley.de\/de\/#website","url":"https:\/\/hemley.de\/de\/","name":"Hemley","description":"Krawatten handgefertigt in Krefeld seit 1908","publisher":{"@id":"https:\/\/hemley.de\/de\/#organization"},"potentialAction":[{"@type":"SearchAction","target":{"@type":"EntryPoint","urlTemplate":"https:\/\/hemley.de\/de\/?s={search_term_string}"},"query-input":{"@type":"PropertyValueSpecification","valueRequired":true,"valueName":"search_term_string"}}],"inLanguage":"de"},{"@type":"Organization","@id":"https:\/\/hemley.de\/de\/#organization","name":"Hemley Moese & Schwartz GmbH","url":"https:\/\/hemley.de\/de\/","logo":{"@type":"ImageObject","inLanguage":"de","@id":"https:\/\/hemley.de\/de\/#\/schema\/logo\/image\/","url":"https:\/\/hemley.de\/wp-content\/uploads\/2019\/05\/Logo-Hemley.png","contentUrl":"https:\/\/hemley.de\/wp-content\/uploads\/2019\/05\/Logo-Hemley.png","width":467,"height":104,"caption":"Hemley Moese & Schwartz GmbH"},"image":{"@id":"https:\/\/hemley.de\/de\/#\/schema\/logo\/image\/"}}]}},"_links":{"self":[{"href":"https:\/\/hemley.de\/de\/wp-json\/wp\/v2\/pages\/8569","targetHints":{"allow":["GET"]}}],"collection":[{"href":"https:\/\/hemley.de\/de\/wp-json\/wp\/v2\/pages"}],"about":[{"href":"https:\/\/hemley.de\/de\/wp-json\/wp\/v2\/types\/page"}],"author":[{"embeddable":true,"href":"https:\/\/hemley.de\/de\/wp-json\/wp\/v2\/users\/11"}],"replies":[{"embeddable":true,"href":"https:\/\/hemley.de\/de\/wp-json\/wp\/v2\/comments?post=8569"}],"version-history":[{"count":0,"href":"https:\/\/hemley.de\/de\/wp-json\/wp\/v2\/pages\/8569\/revisions"}],"wp:attachment":[{"href":"https:\/\/hemley.de\/de\/wp-json\/wp\/v2\/media?parent=8569"}],"curies":[{"name":"wp","href":"https:\/\/api.w.org\/{rel}","templated":true}]}}