{"id":15090,"date":"2023-02-07T11:26:25","date_gmt":"2023-02-07T11:26:25","guid":{"rendered":"https:\/\/hemley.de\/?post_type=product&#038;p=15090"},"modified":"2025-03-30T12:24:22","modified_gmt":"2025-03-30T12:24:22","slug":"schleife-paisley-hellblau-marine-braun","status":"publish","type":"product","link":"https:\/\/hemley.de\/de\/produkt\/schleife-paisley-hellblau-marine-braun\/","title":{"rendered":"Fliege Seide Paisley hellblau marine braun"},"content":{"rendered":"","protected":false},"excerpt":{"rendered":"<p>100% Seide jacquard gewebt<br \/>\ngerader\u00a0Abschlu\u00df<br \/>\nca. 6,5cm breit<br \/>\n\u00f6ffnen und erneutes Binden von Hand m\u00f6glich<br \/>\nhandgen\u00e4ht und handgebunden in Krefeld<br \/>\nHalsweite durch Haken in 1cm Schritten von 36 &#8211; 46cm verstellbar<\/p>\n","protected":false},"featured_media":15052,"comment_status":"open","ping_status":"closed","template":"","meta":[],"product_brand":[],"product_cat":[372,38],"product_tag":[],"class_list":{"0":"post-15090","1":"product","2":"type-product","3":"status-publish","4":"has-post-thumbnail","6":"product_cat-seide","7":"product_cat-hemley-online-shop","9":"first","10":"instock","11":"taxable","12":"shipping-taxable","13":"purchasable","14":"product-type-simple"},"acf":[],"yoast_head":"<!-- This site is optimized with the Yoast SEO plugin v27.3 - https:\/\/yoast.com\/product\/yoast-seo-wordpress\/ -->\n<title>Fliege Seide Paisley hellblau marine braun - Hemley<\/title>\n<meta name=\"description\" content=\"Eine gro\u00dfe Auswahl Seidenkrawatten und Strickkrawatten dazu passende Einsteckt\u00fccher elegante Fliegen modische Krawattenschals und Schals g\u00fcnstig im Online-Shop kaufen direkt vom Hersteller.\" \/>\n<meta name=\"robots\" content=\"index, follow, max-snippet:-1, max-image-preview:large, max-video-preview:-1\" \/>\n<link rel=\"canonical\" href=\"https:\/\/hemley.de\/de\/produkt\/schleife-paisley-hellblau-marine-braun\/\" \/>\n<meta property=\"og:locale\" content=\"de_DE\" \/>\n<meta property=\"og:type\" content=\"article\" \/>\n<meta property=\"og:title\" content=\"Fliege Seide Paisley hellblau marine braun - Hemley\" \/>\n<meta property=\"og:description\" content=\"Eine gro\u00dfe Auswahl Seidenkrawatten und Strickkrawatten dazu passende Einsteckt\u00fccher elegante Fliegen modische Krawattenschals und Schals g\u00fcnstig im Online-Shop kaufen direkt vom Hersteller.\" \/>\n<meta property=\"og:url\" content=\"https:\/\/hemley.de\/de\/produkt\/schleife-paisley-hellblau-marine-braun\/\" \/>\n<meta property=\"og:site_name\" content=\"Hemley\" \/>\n<meta property=\"article:modified_time\" content=\"2025-03-30T12:24:22+00:00\" \/>\n<meta property=\"og:image\" content=\"https:\/\/hemley.de\/wp-content\/uploads\/2023\/02\/4290001-1.jpg\" \/>\n\t<meta property=\"og:image:width\" content=\"576\" \/>\n\t<meta property=\"og:image:height\" content=\"768\" \/>\n\t<meta property=\"og:image:type\" content=\"image\/jpeg\" \/>\n<meta name=\"twitter:card\" content=\"summary_large_image\" \/>\n<script type=\"application\/ld+json\" class=\"yoast-schema-graph\">{\"@context\":\"https:\\\/\\\/schema.org\",\"@graph\":[{\"@type\":\"WebPage\",\"@id\":\"https:\\\/\\\/hemley.de\\\/de\\\/produkt\\\/schleife-paisley-hellblau-marine-braun\\\/\",\"url\":\"https:\\\/\\\/hemley.de\\\/de\\\/produkt\\\/schleife-paisley-hellblau-marine-braun\\\/\",\"name\":\"Fliege Seide Paisley hellblau marine braun - Hemley\",\"isPartOf\":{\"@id\":\"https:\\\/\\\/hemley.de\\\/de\\\/#website\"},\"primaryImageOfPage\":{\"@id\":\"https:\\\/\\\/hemley.de\\\/de\\\/produkt\\\/schleife-paisley-hellblau-marine-braun\\\/#primaryimage\"},\"image\":{\"@id\":\"https:\\\/\\\/hemley.de\\\/de\\\/produkt\\\/schleife-paisley-hellblau-marine-braun\\\/#primaryimage\"},\"thumbnailUrl\":\"https:\\\/\\\/hemley.de\\\/wp-content\\\/uploads\\\/2023\\\/02\\\/4290001-1.jpg\",\"datePublished\":\"2023-02-07T11:26:25+00:00\",\"dateModified\":\"2025-03-30T12:24:22+00:00\",\"description\":\"Eine gro\u00dfe Auswahl Seidenkrawatten und Strickkrawatten dazu passende Einsteckt\u00fccher elegante Fliegen modische Krawattenschals und Schals g\u00fcnstig im Online-Shop kaufen direkt vom Hersteller.\",\"breadcrumb\":{\"@id\":\"https:\\\/\\\/hemley.de\\\/de\\\/produkt\\\/schleife-paisley-hellblau-marine-braun\\\/#breadcrumb\"},\"inLanguage\":\"de\",\"potentialAction\":[{\"@type\":\"ReadAction\",\"target\":[\"https:\\\/\\\/hemley.de\\\/de\\\/produkt\\\/schleife-paisley-hellblau-marine-braun\\\/\"]}]},{\"@type\":\"ImageObject\",\"inLanguage\":\"de\",\"@id\":\"https:\\\/\\\/hemley.de\\\/de\\\/produkt\\\/schleife-paisley-hellblau-marine-braun\\\/#primaryimage\",\"url\":\"https:\\\/\\\/hemley.de\\\/wp-content\\\/uploads\\\/2023\\\/02\\\/4290001-1.jpg\",\"contentUrl\":\"https:\\\/\\\/hemley.de\\\/wp-content\\\/uploads\\\/2023\\\/02\\\/4290001-1.jpg\",\"width\":576,\"height\":768,\"caption\":\"4290001-1\"},{\"@type\":\"BreadcrumbList\",\"@id\":\"https:\\\/\\\/hemley.de\\\/de\\\/produkt\\\/schleife-paisley-hellblau-marine-braun\\\/#breadcrumb\",\"itemListElement\":[{\"@type\":\"ListItem\",\"position\":1,\"name\":\"Startseite\",\"item\":\"https:\\\/\\\/hemley.de\\\/de\\\/\"},{\"@type\":\"ListItem\",\"position\":2,\"name\":\"Shop\",\"item\":\"https:\\\/\\\/hemley.de\\\/de\\\/online-shop-vom-hersteller\\\/\"},{\"@type\":\"ListItem\",\"position\":3,\"name\":\"Fliege Seide Paisley hellblau marine braun\"}]},{\"@type\":\"WebSite\",\"@id\":\"https:\\\/\\\/hemley.de\\\/de\\\/#website\",\"url\":\"https:\\\/\\\/hemley.de\\\/de\\\/\",\"name\":\"Hemley\",\"description\":\"Krawatten handgefertigt in Krefeld seit 1908\",\"publisher\":{\"@id\":\"https:\\\/\\\/hemley.de\\\/de\\\/#organization\"},\"potentialAction\":[{\"@type\":\"SearchAction\",\"target\":{\"@type\":\"EntryPoint\",\"urlTemplate\":\"https:\\\/\\\/hemley.de\\\/de\\\/?s={search_term_string}\"},\"query-input\":{\"@type\":\"PropertyValueSpecification\",\"valueRequired\":true,\"valueName\":\"search_term_string\"}}],\"inLanguage\":\"de\"},{\"@type\":\"Organization\",\"@id\":\"https:\\\/\\\/hemley.de\\\/de\\\/#organization\",\"name\":\"Hemley Moese & Schwartz GmbH\",\"url\":\"https:\\\/\\\/hemley.de\\\/de\\\/\",\"logo\":{\"@type\":\"ImageObject\",\"inLanguage\":\"de\",\"@id\":\"https:\\\/\\\/hemley.de\\\/de\\\/#\\\/schema\\\/logo\\\/image\\\/\",\"url\":\"https:\\\/\\\/hemley.de\\\/wp-content\\\/uploads\\\/2019\\\/05\\\/Logo-Hemley.png\",\"contentUrl\":\"https:\\\/\\\/hemley.de\\\/wp-content\\\/uploads\\\/2019\\\/05\\\/Logo-Hemley.png\",\"width\":467,\"height\":104,\"caption\":\"Hemley Moese & Schwartz GmbH\"},\"image\":{\"@id\":\"https:\\\/\\\/hemley.de\\\/de\\\/#\\\/schema\\\/logo\\\/image\\\/\"}}]}<\/script>\n<!-- \/ Yoast SEO plugin. -->","yoast_head_json":{"title":"Fliege Seide Paisley hellblau marine braun - Hemley","description":"Eine gro\u00dfe Auswahl Seidenkrawatten und Strickkrawatten dazu passende Einsteckt\u00fccher elegante Fliegen modische Krawattenschals und Schals g\u00fcnstig im Online-Shop kaufen direkt vom Hersteller.","robots":{"index":"index","follow":"follow","max-snippet":"max-snippet:-1","max-image-preview":"max-image-preview:large","max-video-preview":"max-video-preview:-1"},"canonical":"https:\/\/hemley.de\/de\/produkt\/schleife-paisley-hellblau-marine-braun\/","og_locale":"de_DE","og_type":"article","og_title":"Fliege Seide Paisley hellblau marine braun - Hemley","og_description":"Eine gro\u00dfe Auswahl Seidenkrawatten und Strickkrawatten dazu passende Einsteckt\u00fccher elegante Fliegen modische Krawattenschals und Schals g\u00fcnstig im Online-Shop kaufen direkt vom Hersteller.","og_url":"https:\/\/hemley.de\/de\/produkt\/schleife-paisley-hellblau-marine-braun\/","og_site_name":"Hemley","article_modified_time":"2025-03-30T12:24:22+00:00","og_image":[{"width":576,"height":768,"url":"https:\/\/hemley.de\/wp-content\/uploads\/2023\/02\/4290001-1.jpg","type":"image\/jpeg"}],"twitter_card":"summary_large_image","schema":{"@context":"https:\/\/schema.org","@graph":[{"@type":"WebPage","@id":"https:\/\/hemley.de\/de\/produkt\/schleife-paisley-hellblau-marine-braun\/","url":"https:\/\/hemley.de\/de\/produkt\/schleife-paisley-hellblau-marine-braun\/","name":"Fliege Seide Paisley hellblau marine braun - Hemley","isPartOf":{"@id":"https:\/\/hemley.de\/de\/#website"},"primaryImageOfPage":{"@id":"https:\/\/hemley.de\/de\/produkt\/schleife-paisley-hellblau-marine-braun\/#primaryimage"},"image":{"@id":"https:\/\/hemley.de\/de\/produkt\/schleife-paisley-hellblau-marine-braun\/#primaryimage"},"thumbnailUrl":"https:\/\/hemley.de\/wp-content\/uploads\/2023\/02\/4290001-1.jpg","datePublished":"2023-02-07T11:26:25+00:00","dateModified":"2025-03-30T12:24:22+00:00","description":"Eine gro\u00dfe Auswahl Seidenkrawatten und Strickkrawatten dazu passende Einsteckt\u00fccher elegante Fliegen modische Krawattenschals und Schals g\u00fcnstig im Online-Shop kaufen direkt vom Hersteller.","breadcrumb":{"@id":"https:\/\/hemley.de\/de\/produkt\/schleife-paisley-hellblau-marine-braun\/#breadcrumb"},"inLanguage":"de","potentialAction":[{"@type":"ReadAction","target":["https:\/\/hemley.de\/de\/produkt\/schleife-paisley-hellblau-marine-braun\/"]}]},{"@type":"ImageObject","inLanguage":"de","@id":"https:\/\/hemley.de\/de\/produkt\/schleife-paisley-hellblau-marine-braun\/#primaryimage","url":"https:\/\/hemley.de\/wp-content\/uploads\/2023\/02\/4290001-1.jpg","contentUrl":"https:\/\/hemley.de\/wp-content\/uploads\/2023\/02\/4290001-1.jpg","width":576,"height":768,"caption":"4290001-1"},{"@type":"BreadcrumbList","@id":"https:\/\/hemley.de\/de\/produkt\/schleife-paisley-hellblau-marine-braun\/#breadcrumb","itemListElement":[{"@type":"ListItem","position":1,"name":"Startseite","item":"https:\/\/hemley.de\/de\/"},{"@type":"ListItem","position":2,"name":"Shop","item":"https:\/\/hemley.de\/de\/online-shop-vom-hersteller\/"},{"@type":"ListItem","position":3,"name":"Fliege Seide Paisley hellblau marine braun"}]},{"@type":"WebSite","@id":"https:\/\/hemley.de\/de\/#website","url":"https:\/\/hemley.de\/de\/","name":"Hemley","description":"Krawatten handgefertigt in Krefeld seit 1908","publisher":{"@id":"https:\/\/hemley.de\/de\/#organization"},"potentialAction":[{"@type":"SearchAction","target":{"@type":"EntryPoint","urlTemplate":"https:\/\/hemley.de\/de\/?s={search_term_string}"},"query-input":{"@type":"PropertyValueSpecification","valueRequired":true,"valueName":"search_term_string"}}],"inLanguage":"de"},{"@type":"Organization","@id":"https:\/\/hemley.de\/de\/#organization","name":"Hemley Moese & Schwartz GmbH","url":"https:\/\/hemley.de\/de\/","logo":{"@type":"ImageObject","inLanguage":"de","@id":"https:\/\/hemley.de\/de\/#\/schema\/logo\/image\/","url":"https:\/\/hemley.de\/wp-content\/uploads\/2019\/05\/Logo-Hemley.png","contentUrl":"https:\/\/hemley.de\/wp-content\/uploads\/2019\/05\/Logo-Hemley.png","width":467,"height":104,"caption":"Hemley Moese & Schwartz GmbH"},"image":{"@id":"https:\/\/hemley.de\/de\/#\/schema\/logo\/image\/"}}]}},"_links":{"self":[{"href":"https:\/\/hemley.de\/de\/wp-json\/wp\/v2\/product\/15090","targetHints":{"allow":["GET"]}}],"collection":[{"href":"https:\/\/hemley.de\/de\/wp-json\/wp\/v2\/product"}],"about":[{"href":"https:\/\/hemley.de\/de\/wp-json\/wp\/v2\/types\/product"}],"replies":[{"embeddable":true,"href":"https:\/\/hemley.de\/de\/wp-json\/wp\/v2\/comments?post=15090"}],"wp:featuredmedia":[{"embeddable":true,"href":"https:\/\/hemley.de\/de\/wp-json\/wp\/v2\/media\/15052"}],"wp:attachment":[{"href":"https:\/\/hemley.de\/de\/wp-json\/wp\/v2\/media?parent=15090"}],"wp:term":[{"taxonomy":"product_brand","embeddable":true,"href":"https:\/\/hemley.de\/de\/wp-json\/wp\/v2\/product_brand?post=15090"},{"taxonomy":"product_cat","embeddable":true,"href":"https:\/\/hemley.de\/de\/wp-json\/wp\/v2\/product_cat?post=15090"},{"taxonomy":"product_tag","embeddable":true,"href":"https:\/\/hemley.de\/de\/wp-json\/wp\/v2\/product_tag?post=15090"}],"curies":[{"name":"wp","href":"https:\/\/api.w.org\/{rel}","templated":true}]}}