{"id":18816,"date":"2025-02-21T07:21:29","date_gmt":"2025-02-21T07:21:29","guid":{"rendered":"https:\/\/hemley.de\/?post_type=product&#038;p=18816"},"modified":"2026-03-18T06:34:05","modified_gmt":"2026-03-18T06:34:05","slug":"wendeschal-seide-paisley-streifen-blau-beige-gold","status":"publish","type":"product","link":"https:\/\/hemley.de\/de\/produkt\/wendeschal-seide-paisley-streifen-blau-beige-gold\/","title":{"rendered":"Wendeschal Seide Paisley Streifen blau beige gold"},"content":{"rendered":"","protected":false},"excerpt":{"rendered":"<p>100% Seide beidseitig bedruckt<br \/>\nca. 30 x 180cm<br \/>\nEnden mit feinen Fransen<br \/>\n1. Seite mit Paisley bedruckt<br \/>\n2. Seite mit Streifen bedruckt<br \/>\nHemley Webetikett<\/p>\n","protected":false},"featured_media":18786,"comment_status":"open","ping_status":"closed","template":"","meta":[],"product_brand":[],"product_cat":[404,38,30],"product_tag":[],"class_list":{"0":"post-18816","1":"product","2":"type-product","3":"status-publish","4":"has-post-thumbnail","6":"product_cat-bedruckte-schals-schals_online_kaufen","7":"product_cat-hemley-online-shop","8":"product_cat-schals_online_kaufen","10":"first","11":"instock","12":"taxable","13":"shipping-taxable","14":"purchasable","15":"product-type-simple"},"acf":[],"yoast_head":"<!-- This site is optimized with the Yoast SEO plugin v27.3 - https:\/\/yoast.com\/product\/yoast-seo-wordpress\/ -->\n<title>Wendeschal Seide Paisley Streifen blau beige gold - Hemley<\/title>\n<meta name=\"description\" content=\"Eine gro\u00dfe Auswahl Seidenkrawatten und Strickkrawatten dazu passende Einsteckt\u00fccher elegante Fliegen modische Krawattenschals und Schals g\u00fcnstig im Online-Shop kaufen direkt vom Hersteller.\" \/>\n<meta name=\"robots\" content=\"index, follow, max-snippet:-1, max-image-preview:large, max-video-preview:-1\" \/>\n<link rel=\"canonical\" href=\"https:\/\/hemley.de\/de\/produkt\/wendeschal-seide-paisley-streifen-blau-beige-gold\/\" \/>\n<meta property=\"og:locale\" content=\"de_DE\" \/>\n<meta property=\"og:type\" content=\"article\" \/>\n<meta property=\"og:title\" content=\"Wendeschal Seide Paisley Streifen blau beige gold - Hemley\" \/>\n<meta property=\"og:description\" content=\"Eine gro\u00dfe Auswahl Seidenkrawatten und Strickkrawatten dazu passende Einsteckt\u00fccher elegante Fliegen modische Krawattenschals und Schals g\u00fcnstig im Online-Shop kaufen direkt vom Hersteller.\" \/>\n<meta property=\"og:url\" content=\"https:\/\/hemley.de\/de\/produkt\/wendeschal-seide-paisley-streifen-blau-beige-gold\/\" \/>\n<meta property=\"og:site_name\" content=\"Hemley\" \/>\n<meta property=\"article:modified_time\" content=\"2026-03-18T06:34:05+00:00\" \/>\n<meta property=\"og:image\" content=\"https:\/\/hemley.de\/wp-content\/uploads\/2025\/02\/8231187-1-Bueste.jpg\" \/>\n\t<meta property=\"og:image:width\" content=\"768\" \/>\n\t<meta property=\"og:image:height\" content=\"1024\" \/>\n\t<meta property=\"og:image:type\" content=\"image\/jpeg\" \/>\n<meta name=\"twitter:card\" content=\"summary_large_image\" \/>\n<script type=\"application\/ld+json\" class=\"yoast-schema-graph\">{\"@context\":\"https:\\\/\\\/schema.org\",\"@graph\":[{\"@type\":\"WebPage\",\"@id\":\"https:\\\/\\\/hemley.de\\\/de\\\/produkt\\\/wendeschal-seide-paisley-streifen-blau-beige-gold\\\/\",\"url\":\"https:\\\/\\\/hemley.de\\\/de\\\/produkt\\\/wendeschal-seide-paisley-streifen-blau-beige-gold\\\/\",\"name\":\"Wendeschal Seide Paisley Streifen blau beige gold - Hemley\",\"isPartOf\":{\"@id\":\"https:\\\/\\\/hemley.de\\\/de\\\/#website\"},\"primaryImageOfPage\":{\"@id\":\"https:\\\/\\\/hemley.de\\\/de\\\/produkt\\\/wendeschal-seide-paisley-streifen-blau-beige-gold\\\/#primaryimage\"},\"image\":{\"@id\":\"https:\\\/\\\/hemley.de\\\/de\\\/produkt\\\/wendeschal-seide-paisley-streifen-blau-beige-gold\\\/#primaryimage\"},\"thumbnailUrl\":\"https:\\\/\\\/hemley.de\\\/wp-content\\\/uploads\\\/2025\\\/02\\\/8231187-1-Bueste.jpg\",\"datePublished\":\"2025-02-21T07:21:29+00:00\",\"dateModified\":\"2026-03-18T06:34:05+00:00\",\"description\":\"Eine gro\u00dfe Auswahl Seidenkrawatten und Strickkrawatten dazu passende Einsteckt\u00fccher elegante Fliegen modische Krawattenschals und Schals g\u00fcnstig im Online-Shop kaufen direkt vom Hersteller.\",\"breadcrumb\":{\"@id\":\"https:\\\/\\\/hemley.de\\\/de\\\/produkt\\\/wendeschal-seide-paisley-streifen-blau-beige-gold\\\/#breadcrumb\"},\"inLanguage\":\"de\",\"potentialAction\":[{\"@type\":\"ReadAction\",\"target\":[\"https:\\\/\\\/hemley.de\\\/de\\\/produkt\\\/wendeschal-seide-paisley-streifen-blau-beige-gold\\\/\"]}]},{\"@type\":\"ImageObject\",\"inLanguage\":\"de\",\"@id\":\"https:\\\/\\\/hemley.de\\\/de\\\/produkt\\\/wendeschal-seide-paisley-streifen-blau-beige-gold\\\/#primaryimage\",\"url\":\"https:\\\/\\\/hemley.de\\\/wp-content\\\/uploads\\\/2025\\\/02\\\/8231187-1-Bueste.jpg\",\"contentUrl\":\"https:\\\/\\\/hemley.de\\\/wp-content\\\/uploads\\\/2025\\\/02\\\/8231187-1-Bueste.jpg\",\"width\":768,\"height\":1024,\"caption\":\"8231187-1 B\u00fcste\"},{\"@type\":\"BreadcrumbList\",\"@id\":\"https:\\\/\\\/hemley.de\\\/de\\\/produkt\\\/wendeschal-seide-paisley-streifen-blau-beige-gold\\\/#breadcrumb\",\"itemListElement\":[{\"@type\":\"ListItem\",\"position\":1,\"name\":\"Startseite\",\"item\":\"https:\\\/\\\/hemley.de\\\/de\\\/\"},{\"@type\":\"ListItem\",\"position\":2,\"name\":\"Shop\",\"item\":\"https:\\\/\\\/hemley.de\\\/de\\\/online-shop-vom-hersteller\\\/\"},{\"@type\":\"ListItem\",\"position\":3,\"name\":\"Wendeschal Seide Paisley Streifen blau beige gold\"}]},{\"@type\":\"WebSite\",\"@id\":\"https:\\\/\\\/hemley.de\\\/de\\\/#website\",\"url\":\"https:\\\/\\\/hemley.de\\\/de\\\/\",\"name\":\"Hemley\",\"description\":\"Krawatten handgefertigt in Krefeld seit 1908\",\"publisher\":{\"@id\":\"https:\\\/\\\/hemley.de\\\/de\\\/#organization\"},\"potentialAction\":[{\"@type\":\"SearchAction\",\"target\":{\"@type\":\"EntryPoint\",\"urlTemplate\":\"https:\\\/\\\/hemley.de\\\/de\\\/?s={search_term_string}\"},\"query-input\":{\"@type\":\"PropertyValueSpecification\",\"valueRequired\":true,\"valueName\":\"search_term_string\"}}],\"inLanguage\":\"de\"},{\"@type\":\"Organization\",\"@id\":\"https:\\\/\\\/hemley.de\\\/de\\\/#organization\",\"name\":\"Hemley Moese & Schwartz GmbH\",\"url\":\"https:\\\/\\\/hemley.de\\\/de\\\/\",\"logo\":{\"@type\":\"ImageObject\",\"inLanguage\":\"de\",\"@id\":\"https:\\\/\\\/hemley.de\\\/de\\\/#\\\/schema\\\/logo\\\/image\\\/\",\"url\":\"https:\\\/\\\/hemley.de\\\/wp-content\\\/uploads\\\/2019\\\/05\\\/Logo-Hemley.png\",\"contentUrl\":\"https:\\\/\\\/hemley.de\\\/wp-content\\\/uploads\\\/2019\\\/05\\\/Logo-Hemley.png\",\"width\":467,\"height\":104,\"caption\":\"Hemley Moese & Schwartz GmbH\"},\"image\":{\"@id\":\"https:\\\/\\\/hemley.de\\\/de\\\/#\\\/schema\\\/logo\\\/image\\\/\"}}]}<\/script>\n<!-- \/ Yoast SEO plugin. -->","yoast_head_json":{"title":"Wendeschal Seide Paisley Streifen blau beige gold - Hemley","description":"Eine gro\u00dfe Auswahl Seidenkrawatten und Strickkrawatten dazu passende Einsteckt\u00fccher elegante Fliegen modische Krawattenschals und Schals g\u00fcnstig im Online-Shop kaufen direkt vom Hersteller.","robots":{"index":"index","follow":"follow","max-snippet":"max-snippet:-1","max-image-preview":"max-image-preview:large","max-video-preview":"max-video-preview:-1"},"canonical":"https:\/\/hemley.de\/de\/produkt\/wendeschal-seide-paisley-streifen-blau-beige-gold\/","og_locale":"de_DE","og_type":"article","og_title":"Wendeschal Seide Paisley Streifen blau beige gold - Hemley","og_description":"Eine gro\u00dfe Auswahl Seidenkrawatten und Strickkrawatten dazu passende Einsteckt\u00fccher elegante Fliegen modische Krawattenschals und Schals g\u00fcnstig im Online-Shop kaufen direkt vom Hersteller.","og_url":"https:\/\/hemley.de\/de\/produkt\/wendeschal-seide-paisley-streifen-blau-beige-gold\/","og_site_name":"Hemley","article_modified_time":"2026-03-18T06:34:05+00:00","og_image":[{"width":768,"height":1024,"url":"https:\/\/hemley.de\/wp-content\/uploads\/2025\/02\/8231187-1-Bueste.jpg","type":"image\/jpeg"}],"twitter_card":"summary_large_image","schema":{"@context":"https:\/\/schema.org","@graph":[{"@type":"WebPage","@id":"https:\/\/hemley.de\/de\/produkt\/wendeschal-seide-paisley-streifen-blau-beige-gold\/","url":"https:\/\/hemley.de\/de\/produkt\/wendeschal-seide-paisley-streifen-blau-beige-gold\/","name":"Wendeschal Seide Paisley Streifen blau beige gold - Hemley","isPartOf":{"@id":"https:\/\/hemley.de\/de\/#website"},"primaryImageOfPage":{"@id":"https:\/\/hemley.de\/de\/produkt\/wendeschal-seide-paisley-streifen-blau-beige-gold\/#primaryimage"},"image":{"@id":"https:\/\/hemley.de\/de\/produkt\/wendeschal-seide-paisley-streifen-blau-beige-gold\/#primaryimage"},"thumbnailUrl":"https:\/\/hemley.de\/wp-content\/uploads\/2025\/02\/8231187-1-Bueste.jpg","datePublished":"2025-02-21T07:21:29+00:00","dateModified":"2026-03-18T06:34:05+00:00","description":"Eine gro\u00dfe Auswahl Seidenkrawatten und Strickkrawatten dazu passende Einsteckt\u00fccher elegante Fliegen modische Krawattenschals und Schals g\u00fcnstig im Online-Shop kaufen direkt vom Hersteller.","breadcrumb":{"@id":"https:\/\/hemley.de\/de\/produkt\/wendeschal-seide-paisley-streifen-blau-beige-gold\/#breadcrumb"},"inLanguage":"de","potentialAction":[{"@type":"ReadAction","target":["https:\/\/hemley.de\/de\/produkt\/wendeschal-seide-paisley-streifen-blau-beige-gold\/"]}]},{"@type":"ImageObject","inLanguage":"de","@id":"https:\/\/hemley.de\/de\/produkt\/wendeschal-seide-paisley-streifen-blau-beige-gold\/#primaryimage","url":"https:\/\/hemley.de\/wp-content\/uploads\/2025\/02\/8231187-1-Bueste.jpg","contentUrl":"https:\/\/hemley.de\/wp-content\/uploads\/2025\/02\/8231187-1-Bueste.jpg","width":768,"height":1024,"caption":"8231187-1 B\u00fcste"},{"@type":"BreadcrumbList","@id":"https:\/\/hemley.de\/de\/produkt\/wendeschal-seide-paisley-streifen-blau-beige-gold\/#breadcrumb","itemListElement":[{"@type":"ListItem","position":1,"name":"Startseite","item":"https:\/\/hemley.de\/de\/"},{"@type":"ListItem","position":2,"name":"Shop","item":"https:\/\/hemley.de\/de\/online-shop-vom-hersteller\/"},{"@type":"ListItem","position":3,"name":"Wendeschal Seide Paisley Streifen blau beige gold"}]},{"@type":"WebSite","@id":"https:\/\/hemley.de\/de\/#website","url":"https:\/\/hemley.de\/de\/","name":"Hemley","description":"Krawatten handgefertigt in Krefeld seit 1908","publisher":{"@id":"https:\/\/hemley.de\/de\/#organization"},"potentialAction":[{"@type":"SearchAction","target":{"@type":"EntryPoint","urlTemplate":"https:\/\/hemley.de\/de\/?s={search_term_string}"},"query-input":{"@type":"PropertyValueSpecification","valueRequired":true,"valueName":"search_term_string"}}],"inLanguage":"de"},{"@type":"Organization","@id":"https:\/\/hemley.de\/de\/#organization","name":"Hemley Moese & Schwartz GmbH","url":"https:\/\/hemley.de\/de\/","logo":{"@type":"ImageObject","inLanguage":"de","@id":"https:\/\/hemley.de\/de\/#\/schema\/logo\/image\/","url":"https:\/\/hemley.de\/wp-content\/uploads\/2019\/05\/Logo-Hemley.png","contentUrl":"https:\/\/hemley.de\/wp-content\/uploads\/2019\/05\/Logo-Hemley.png","width":467,"height":104,"caption":"Hemley Moese & Schwartz GmbH"},"image":{"@id":"https:\/\/hemley.de\/de\/#\/schema\/logo\/image\/"}}]}},"_links":{"self":[{"href":"https:\/\/hemley.de\/de\/wp-json\/wp\/v2\/product\/18816","targetHints":{"allow":["GET"]}}],"collection":[{"href":"https:\/\/hemley.de\/de\/wp-json\/wp\/v2\/product"}],"about":[{"href":"https:\/\/hemley.de\/de\/wp-json\/wp\/v2\/types\/product"}],"replies":[{"embeddable":true,"href":"https:\/\/hemley.de\/de\/wp-json\/wp\/v2\/comments?post=18816"}],"wp:featuredmedia":[{"embeddable":true,"href":"https:\/\/hemley.de\/de\/wp-json\/wp\/v2\/media\/18786"}],"wp:attachment":[{"href":"https:\/\/hemley.de\/de\/wp-json\/wp\/v2\/media?parent=18816"}],"wp:term":[{"taxonomy":"product_brand","embeddable":true,"href":"https:\/\/hemley.de\/de\/wp-json\/wp\/v2\/product_brand?post=18816"},{"taxonomy":"product_cat","embeddable":true,"href":"https:\/\/hemley.de\/de\/wp-json\/wp\/v2\/product_cat?post=18816"},{"taxonomy":"product_tag","embeddable":true,"href":"https:\/\/hemley.de\/de\/wp-json\/wp\/v2\/product_tag?post=18816"}],"curies":[{"name":"wp","href":"https:\/\/api.w.org\/{rel}","templated":true}]}}