{"id":20624,"date":"2026-02-10T09:44:43","date_gmt":"2026-02-10T09:44:43","guid":{"rendered":"https:\/\/hemley.de\/?post_type=product&#038;p=20624"},"modified":"2026-03-21T13:05:02","modified_gmt":"2026-03-21T13:05:02","slug":"krawattenschal-seide-paisley-dunkelblau-rot-gold","status":"publish","type":"product","link":"https:\/\/hemley.de\/de\/produkt\/krawattenschal-seide-paisley-dunkelblau-rot-gold\/","title":{"rendered":"Krawattenschal Seide Paisley dunkelblau rot gold"},"content":{"rendered":"<p>Unsere Krawattenschals produzieren wir ausschlie\u00dflich\u00a0in unserer eigenen Produktion in Krefeld.<br \/>\nDer Klassiker, die Schalkrawatte im Paisleystoff mit gedeckten Farben geh\u00f6rt dabei genauso zu unserem Repertoire wie ein sch\u00f6nes, farbiges Blumenmotiv.<br \/>\nDiese Accessoires passen nicht nur perfekt zum klassischen Gentleman-Look, sondern schm\u00fccken auch den jungen Dandy exzellent.<\/p>\n","protected":false},"excerpt":{"rendered":"<p>100% Seide bedruckt<br \/>\nca. 16 x 138cm<br \/>\ngearbeitet als Schlauchschal, gerade Enden<br \/>\nhandgen\u00e4ht in Deutschland<br \/>\nHemley Webetikett<\/p>\n","protected":false},"featured_media":20443,"comment_status":"closed","ping_status":"closed","template":"","meta":[],"product_brand":[],"product_cat":[38,29,501],"product_tag":[],"class_list":{"0":"post-20624","1":"product","2":"type-product","3":"status-publish","4":"has-post-thumbnail","6":"product_cat-hemley-online-shop","7":"product_cat-krawattenschals_online_kaufen","8":"product_cat-neu-im-shop","10":"first","11":"instock","12":"taxable","13":"shipping-taxable","14":"purchasable","15":"product-type-simple"},"acf":[],"yoast_head":"<!-- This site is optimized with the Yoast SEO plugin v27.3 - https:\/\/yoast.com\/product\/yoast-seo-wordpress\/ -->\n<title>Krawattenschals Hemley -<\/title>\n<meta name=\"description\" content=\"Eine gro\u00dfe Auswahl Seidenkrawatten und Strickkrawatten dazu passende Einsteckt\u00fccher elegante Fliegen modische Krawattenschals und Schals g\u00fcnstig im Online-Shop kaufen direkt vom Hersteller.\" \/>\n<meta name=\"robots\" content=\"index, follow, max-snippet:-1, max-image-preview:large, max-video-preview:-1\" \/>\n<link rel=\"canonical\" href=\"https:\/\/hemley.de\/de\/produkt\/krawattenschal-seide-paisley-dunkelblau-rot-gold\/\" \/>\n<meta property=\"og:locale\" content=\"de_DE\" \/>\n<meta property=\"og:type\" content=\"article\" \/>\n<meta property=\"og:title\" content=\"Krawattenschals Hemley -\" \/>\n<meta property=\"og:description\" content=\"Eine gro\u00dfe Auswahl Seidenkrawatten und Strickkrawatten dazu passende Einsteckt\u00fccher elegante Fliegen modische Krawattenschals und Schals g\u00fcnstig im Online-Shop kaufen direkt vom Hersteller.\" \/>\n<meta property=\"og:url\" content=\"https:\/\/hemley.de\/de\/produkt\/krawattenschal-seide-paisley-dunkelblau-rot-gold\/\" \/>\n<meta property=\"og:site_name\" content=\"Hemley\" \/>\n<meta property=\"article:modified_time\" content=\"2026-03-21T13:05:02+00:00\" \/>\n<meta property=\"og:image\" content=\"https:\/\/hemley.de\/wp-content\/uploads\/2026\/02\/7244086-1-Bueste.jpg\" \/>\n\t<meta property=\"og:image:width\" content=\"576\" \/>\n\t<meta property=\"og:image:height\" content=\"768\" \/>\n\t<meta property=\"og:image:type\" content=\"image\/jpeg\" \/>\n<meta name=\"twitter:card\" content=\"summary_large_image\" \/>\n<meta name=\"twitter:label1\" content=\"Gesch\u00e4tzte Lesezeit\" \/>\n\t<meta name=\"twitter:data1\" content=\"1\u00a0Minute\" \/>\n<script type=\"application\/ld+json\" class=\"yoast-schema-graph\">{\"@context\":\"https:\\\/\\\/schema.org\",\"@graph\":[{\"@type\":\"WebPage\",\"@id\":\"https:\\\/\\\/hemley.de\\\/de\\\/produkt\\\/krawattenschal-seide-paisley-dunkelblau-rot-gold\\\/\",\"url\":\"https:\\\/\\\/hemley.de\\\/de\\\/produkt\\\/krawattenschal-seide-paisley-dunkelblau-rot-gold\\\/\",\"name\":\"Krawattenschals Hemley -\",\"isPartOf\":{\"@id\":\"https:\\\/\\\/hemley.de\\\/de\\\/#website\"},\"primaryImageOfPage\":{\"@id\":\"https:\\\/\\\/hemley.de\\\/de\\\/produkt\\\/krawattenschal-seide-paisley-dunkelblau-rot-gold\\\/#primaryimage\"},\"image\":{\"@id\":\"https:\\\/\\\/hemley.de\\\/de\\\/produkt\\\/krawattenschal-seide-paisley-dunkelblau-rot-gold\\\/#primaryimage\"},\"thumbnailUrl\":\"https:\\\/\\\/hemley.de\\\/wp-content\\\/uploads\\\/2026\\\/02\\\/7244086-1-Bueste.jpg\",\"datePublished\":\"2026-02-10T09:44:43+00:00\",\"dateModified\":\"2026-03-21T13:05:02+00:00\",\"description\":\"Eine gro\u00dfe Auswahl Seidenkrawatten und Strickkrawatten dazu passende Einsteckt\u00fccher elegante Fliegen modische Krawattenschals und Schals g\u00fcnstig im Online-Shop kaufen direkt vom Hersteller.\",\"breadcrumb\":{\"@id\":\"https:\\\/\\\/hemley.de\\\/de\\\/produkt\\\/krawattenschal-seide-paisley-dunkelblau-rot-gold\\\/#breadcrumb\"},\"inLanguage\":\"de\",\"potentialAction\":[{\"@type\":\"ReadAction\",\"target\":[\"https:\\\/\\\/hemley.de\\\/de\\\/produkt\\\/krawattenschal-seide-paisley-dunkelblau-rot-gold\\\/\"]}]},{\"@type\":\"ImageObject\",\"inLanguage\":\"de\",\"@id\":\"https:\\\/\\\/hemley.de\\\/de\\\/produkt\\\/krawattenschal-seide-paisley-dunkelblau-rot-gold\\\/#primaryimage\",\"url\":\"https:\\\/\\\/hemley.de\\\/wp-content\\\/uploads\\\/2026\\\/02\\\/7244086-1-Bueste.jpg\",\"contentUrl\":\"https:\\\/\\\/hemley.de\\\/wp-content\\\/uploads\\\/2026\\\/02\\\/7244086-1-Bueste.jpg\",\"width\":576,\"height\":768,\"caption\":\"7244086-1 B\u00fcste\"},{\"@type\":\"BreadcrumbList\",\"@id\":\"https:\\\/\\\/hemley.de\\\/de\\\/produkt\\\/krawattenschal-seide-paisley-dunkelblau-rot-gold\\\/#breadcrumb\",\"itemListElement\":[{\"@type\":\"ListItem\",\"position\":1,\"name\":\"Startseite\",\"item\":\"https:\\\/\\\/hemley.de\\\/de\\\/\"},{\"@type\":\"ListItem\",\"position\":2,\"name\":\"Shop\",\"item\":\"https:\\\/\\\/hemley.de\\\/de\\\/online-shop-vom-hersteller\\\/\"},{\"@type\":\"ListItem\",\"position\":3,\"name\":\"Krawattenschal Seide Paisley dunkelblau rot gold\"}]},{\"@type\":\"WebSite\",\"@id\":\"https:\\\/\\\/hemley.de\\\/de\\\/#website\",\"url\":\"https:\\\/\\\/hemley.de\\\/de\\\/\",\"name\":\"Hemley\",\"description\":\"Krawatten handgefertigt in Krefeld seit 1908\",\"publisher\":{\"@id\":\"https:\\\/\\\/hemley.de\\\/de\\\/#organization\"},\"potentialAction\":[{\"@type\":\"SearchAction\",\"target\":{\"@type\":\"EntryPoint\",\"urlTemplate\":\"https:\\\/\\\/hemley.de\\\/de\\\/?s={search_term_string}\"},\"query-input\":{\"@type\":\"PropertyValueSpecification\",\"valueRequired\":true,\"valueName\":\"search_term_string\"}}],\"inLanguage\":\"de\"},{\"@type\":\"Organization\",\"@id\":\"https:\\\/\\\/hemley.de\\\/de\\\/#organization\",\"name\":\"Hemley Moese & Schwartz GmbH\",\"url\":\"https:\\\/\\\/hemley.de\\\/de\\\/\",\"logo\":{\"@type\":\"ImageObject\",\"inLanguage\":\"de\",\"@id\":\"https:\\\/\\\/hemley.de\\\/de\\\/#\\\/schema\\\/logo\\\/image\\\/\",\"url\":\"https:\\\/\\\/hemley.de\\\/wp-content\\\/uploads\\\/2019\\\/05\\\/Logo-Hemley.png\",\"contentUrl\":\"https:\\\/\\\/hemley.de\\\/wp-content\\\/uploads\\\/2019\\\/05\\\/Logo-Hemley.png\",\"width\":467,\"height\":104,\"caption\":\"Hemley Moese & Schwartz GmbH\"},\"image\":{\"@id\":\"https:\\\/\\\/hemley.de\\\/de\\\/#\\\/schema\\\/logo\\\/image\\\/\"}}]}<\/script>\n<!-- \/ Yoast SEO plugin. -->","yoast_head_json":{"title":"Krawattenschals Hemley -","description":"Eine gro\u00dfe Auswahl Seidenkrawatten und Strickkrawatten dazu passende Einsteckt\u00fccher elegante Fliegen modische Krawattenschals und Schals g\u00fcnstig im Online-Shop kaufen direkt vom Hersteller.","robots":{"index":"index","follow":"follow","max-snippet":"max-snippet:-1","max-image-preview":"max-image-preview:large","max-video-preview":"max-video-preview:-1"},"canonical":"https:\/\/hemley.de\/de\/produkt\/krawattenschal-seide-paisley-dunkelblau-rot-gold\/","og_locale":"de_DE","og_type":"article","og_title":"Krawattenschals Hemley -","og_description":"Eine gro\u00dfe Auswahl Seidenkrawatten und Strickkrawatten dazu passende Einsteckt\u00fccher elegante Fliegen modische Krawattenschals und Schals g\u00fcnstig im Online-Shop kaufen direkt vom Hersteller.","og_url":"https:\/\/hemley.de\/de\/produkt\/krawattenschal-seide-paisley-dunkelblau-rot-gold\/","og_site_name":"Hemley","article_modified_time":"2026-03-21T13:05:02+00:00","og_image":[{"width":576,"height":768,"url":"https:\/\/hemley.de\/wp-content\/uploads\/2026\/02\/7244086-1-Bueste.jpg","type":"image\/jpeg"}],"twitter_card":"summary_large_image","twitter_misc":{"Gesch\u00e4tzte Lesezeit":"1\u00a0Minute"},"schema":{"@context":"https:\/\/schema.org","@graph":[{"@type":"WebPage","@id":"https:\/\/hemley.de\/de\/produkt\/krawattenschal-seide-paisley-dunkelblau-rot-gold\/","url":"https:\/\/hemley.de\/de\/produkt\/krawattenschal-seide-paisley-dunkelblau-rot-gold\/","name":"Krawattenschals Hemley -","isPartOf":{"@id":"https:\/\/hemley.de\/de\/#website"},"primaryImageOfPage":{"@id":"https:\/\/hemley.de\/de\/produkt\/krawattenschal-seide-paisley-dunkelblau-rot-gold\/#primaryimage"},"image":{"@id":"https:\/\/hemley.de\/de\/produkt\/krawattenschal-seide-paisley-dunkelblau-rot-gold\/#primaryimage"},"thumbnailUrl":"https:\/\/hemley.de\/wp-content\/uploads\/2026\/02\/7244086-1-Bueste.jpg","datePublished":"2026-02-10T09:44:43+00:00","dateModified":"2026-03-21T13:05:02+00:00","description":"Eine gro\u00dfe Auswahl Seidenkrawatten und Strickkrawatten dazu passende Einsteckt\u00fccher elegante Fliegen modische Krawattenschals und Schals g\u00fcnstig im Online-Shop kaufen direkt vom Hersteller.","breadcrumb":{"@id":"https:\/\/hemley.de\/de\/produkt\/krawattenschal-seide-paisley-dunkelblau-rot-gold\/#breadcrumb"},"inLanguage":"de","potentialAction":[{"@type":"ReadAction","target":["https:\/\/hemley.de\/de\/produkt\/krawattenschal-seide-paisley-dunkelblau-rot-gold\/"]}]},{"@type":"ImageObject","inLanguage":"de","@id":"https:\/\/hemley.de\/de\/produkt\/krawattenschal-seide-paisley-dunkelblau-rot-gold\/#primaryimage","url":"https:\/\/hemley.de\/wp-content\/uploads\/2026\/02\/7244086-1-Bueste.jpg","contentUrl":"https:\/\/hemley.de\/wp-content\/uploads\/2026\/02\/7244086-1-Bueste.jpg","width":576,"height":768,"caption":"7244086-1 B\u00fcste"},{"@type":"BreadcrumbList","@id":"https:\/\/hemley.de\/de\/produkt\/krawattenschal-seide-paisley-dunkelblau-rot-gold\/#breadcrumb","itemListElement":[{"@type":"ListItem","position":1,"name":"Startseite","item":"https:\/\/hemley.de\/de\/"},{"@type":"ListItem","position":2,"name":"Shop","item":"https:\/\/hemley.de\/de\/online-shop-vom-hersteller\/"},{"@type":"ListItem","position":3,"name":"Krawattenschal Seide Paisley dunkelblau rot gold"}]},{"@type":"WebSite","@id":"https:\/\/hemley.de\/de\/#website","url":"https:\/\/hemley.de\/de\/","name":"Hemley","description":"Krawatten handgefertigt in Krefeld seit 1908","publisher":{"@id":"https:\/\/hemley.de\/de\/#organization"},"potentialAction":[{"@type":"SearchAction","target":{"@type":"EntryPoint","urlTemplate":"https:\/\/hemley.de\/de\/?s={search_term_string}"},"query-input":{"@type":"PropertyValueSpecification","valueRequired":true,"valueName":"search_term_string"}}],"inLanguage":"de"},{"@type":"Organization","@id":"https:\/\/hemley.de\/de\/#organization","name":"Hemley Moese & Schwartz GmbH","url":"https:\/\/hemley.de\/de\/","logo":{"@type":"ImageObject","inLanguage":"de","@id":"https:\/\/hemley.de\/de\/#\/schema\/logo\/image\/","url":"https:\/\/hemley.de\/wp-content\/uploads\/2019\/05\/Logo-Hemley.png","contentUrl":"https:\/\/hemley.de\/wp-content\/uploads\/2019\/05\/Logo-Hemley.png","width":467,"height":104,"caption":"Hemley Moese & Schwartz GmbH"},"image":{"@id":"https:\/\/hemley.de\/de\/#\/schema\/logo\/image\/"}}]}},"_links":{"self":[{"href":"https:\/\/hemley.de\/de\/wp-json\/wp\/v2\/product\/20624","targetHints":{"allow":["GET"]}}],"collection":[{"href":"https:\/\/hemley.de\/de\/wp-json\/wp\/v2\/product"}],"about":[{"href":"https:\/\/hemley.de\/de\/wp-json\/wp\/v2\/types\/product"}],"replies":[{"embeddable":true,"href":"https:\/\/hemley.de\/de\/wp-json\/wp\/v2\/comments?post=20624"}],"wp:featuredmedia":[{"embeddable":true,"href":"https:\/\/hemley.de\/de\/wp-json\/wp\/v2\/media\/20443"}],"wp:attachment":[{"href":"https:\/\/hemley.de\/de\/wp-json\/wp\/v2\/media?parent=20624"}],"wp:term":[{"taxonomy":"product_brand","embeddable":true,"href":"https:\/\/hemley.de\/de\/wp-json\/wp\/v2\/product_brand?post=20624"},{"taxonomy":"product_cat","embeddable":true,"href":"https:\/\/hemley.de\/de\/wp-json\/wp\/v2\/product_cat?post=20624"},{"taxonomy":"product_tag","embeddable":true,"href":"https:\/\/hemley.de\/de\/wp-json\/wp\/v2\/product_tag?post=20624"}],"curies":[{"name":"wp","href":"https:\/\/api.w.org\/{rel}","templated":true}]}}