{"id":6834,"date":"2018-11-15T09:58:25","date_gmt":"2018-11-15T09:58:25","guid":{"rendered":"http:\/\/hemley.de\/?post_type=product&#038;p=6834"},"modified":"2025-06-30T13:23:18","modified_gmt":"2025-06-30T13:23:18","slug":"ziertuecher-sortiert-ab-lager","status":"publish","type":"product","link":"https:\/\/hemley.de\/de\/produkt\/ziertuecher-sortiert-ab-lager\/","title":{"rendered":"Ziert\u00fccher sortiert ab Lager"},"content":{"rendered":"","protected":false},"excerpt":{"rendered":"<p>Wir stellen Ihnen eine Auswahl modischer Dessins zusammen.<br \/>\nSie brauchen nur die gew\u00fcnschte St\u00fcckzahl zu bestellen.<\/p>\n<p>100% Seide<br \/>\nca. 30 x 30cm<br \/>\nmaschinenrolliert<\/p>\n","protected":false},"featured_media":14033,"comment_status":"open","ping_status":"closed","template":"","meta":[],"product_brand":[],"product_cat":[],"product_tag":[],"class_list":{"0":"post-6834","1":"product","2":"type-product","3":"status-publish","4":"has-post-thumbnail","7":"first","8":"instock","9":"purchasable","10":"product-type-simple"},"acf":[],"yoast_head":"<!-- This site is optimized with the Yoast SEO plugin v27.3 - https:\/\/yoast.com\/product\/yoast-seo-wordpress\/ -->\n<title>Ziert\u00fccher sortiert ab Lager - Hemley<\/title>\n<meta name=\"description\" content=\"Eine gro\u00dfe Auswahl Seidenkrawatten und Strickkrawatten dazu passende Einsteckt\u00fccher elegante Fliegen modische Krawattenschals und Schals g\u00fcnstig im Online-Shop kaufen direkt vom Hersteller.\" \/>\n<meta name=\"robots\" content=\"index, follow, max-snippet:-1, max-image-preview:large, max-video-preview:-1\" \/>\n<link rel=\"canonical\" href=\"https:\/\/hemley.de\/de\/produkt\/ziertuecher-sortiert-ab-lager\/\" \/>\n<meta property=\"og:locale\" content=\"de_DE\" \/>\n<meta property=\"og:type\" content=\"article\" \/>\n<meta property=\"og:title\" content=\"Ziert\u00fccher sortiert ab Lager - Hemley\" \/>\n<meta property=\"og:description\" content=\"Eine gro\u00dfe Auswahl Seidenkrawatten und Strickkrawatten dazu passende Einsteckt\u00fccher elegante Fliegen modische Krawattenschals und Schals g\u00fcnstig im Online-Shop kaufen direkt vom Hersteller.\" \/>\n<meta property=\"og:url\" content=\"https:\/\/hemley.de\/de\/produkt\/ziertuecher-sortiert-ab-lager\/\" \/>\n<meta property=\"og:site_name\" content=\"Hemley\" \/>\n<meta property=\"article:modified_time\" content=\"2025-06-30T13:23:18+00:00\" \/>\n<meta property=\"og:image\" content=\"https:\/\/hemley.de\/wp-content\/uploads\/2022\/07\/7524.jpg\" \/>\n\t<meta property=\"og:image:width\" content=\"682\" \/>\n\t<meta property=\"og:image:height\" content=\"1024\" \/>\n\t<meta property=\"og:image:type\" content=\"image\/jpeg\" \/>\n<meta name=\"twitter:card\" content=\"summary_large_image\" \/>\n<script type=\"application\/ld+json\" class=\"yoast-schema-graph\">{\"@context\":\"https:\\\/\\\/schema.org\",\"@graph\":[{\"@type\":\"WebPage\",\"@id\":\"https:\\\/\\\/hemley.de\\\/de\\\/produkt\\\/ziertuecher-sortiert-ab-lager\\\/\",\"url\":\"https:\\\/\\\/hemley.de\\\/de\\\/produkt\\\/ziertuecher-sortiert-ab-lager\\\/\",\"name\":\"Ziert\u00fccher sortiert ab Lager - Hemley\",\"isPartOf\":{\"@id\":\"https:\\\/\\\/hemley.de\\\/de\\\/#website\"},\"primaryImageOfPage\":{\"@id\":\"https:\\\/\\\/hemley.de\\\/de\\\/produkt\\\/ziertuecher-sortiert-ab-lager\\\/#primaryimage\"},\"image\":{\"@id\":\"https:\\\/\\\/hemley.de\\\/de\\\/produkt\\\/ziertuecher-sortiert-ab-lager\\\/#primaryimage\"},\"thumbnailUrl\":\"https:\\\/\\\/hemley.de\\\/wp-content\\\/uploads\\\/2022\\\/07\\\/7524.jpg\",\"datePublished\":\"2018-11-15T09:58:25+00:00\",\"dateModified\":\"2025-06-30T13:23:18+00:00\",\"description\":\"Eine gro\u00dfe Auswahl Seidenkrawatten und Strickkrawatten dazu passende Einsteckt\u00fccher elegante Fliegen modische Krawattenschals und Schals g\u00fcnstig im Online-Shop kaufen direkt vom Hersteller.\",\"breadcrumb\":{\"@id\":\"https:\\\/\\\/hemley.de\\\/de\\\/produkt\\\/ziertuecher-sortiert-ab-lager\\\/#breadcrumb\"},\"inLanguage\":\"de\",\"potentialAction\":[{\"@type\":\"ReadAction\",\"target\":[\"https:\\\/\\\/hemley.de\\\/de\\\/produkt\\\/ziertuecher-sortiert-ab-lager\\\/\"]}]},{\"@type\":\"ImageObject\",\"inLanguage\":\"de\",\"@id\":\"https:\\\/\\\/hemley.de\\\/de\\\/produkt\\\/ziertuecher-sortiert-ab-lager\\\/#primaryimage\",\"url\":\"https:\\\/\\\/hemley.de\\\/wp-content\\\/uploads\\\/2022\\\/07\\\/7524.jpg\",\"contentUrl\":\"https:\\\/\\\/hemley.de\\\/wp-content\\\/uploads\\\/2022\\\/07\\\/7524.jpg\",\"width\":682,\"height\":1024,\"caption\":\"7524\"},{\"@type\":\"BreadcrumbList\",\"@id\":\"https:\\\/\\\/hemley.de\\\/de\\\/produkt\\\/ziertuecher-sortiert-ab-lager\\\/#breadcrumb\",\"itemListElement\":[{\"@type\":\"ListItem\",\"position\":1,\"name\":\"Startseite\",\"item\":\"https:\\\/\\\/hemley.de\\\/de\\\/\"},{\"@type\":\"ListItem\",\"position\":2,\"name\":\"Shop\",\"item\":\"https:\\\/\\\/hemley.de\\\/de\\\/online-shop-vom-hersteller\\\/\"},{\"@type\":\"ListItem\",\"position\":3,\"name\":\"Ziert\u00fccher sortiert ab Lager\"}]},{\"@type\":\"WebSite\",\"@id\":\"https:\\\/\\\/hemley.de\\\/de\\\/#website\",\"url\":\"https:\\\/\\\/hemley.de\\\/de\\\/\",\"name\":\"Hemley\",\"description\":\"Krawatten handgefertigt in Krefeld seit 1908\",\"publisher\":{\"@id\":\"https:\\\/\\\/hemley.de\\\/de\\\/#organization\"},\"potentialAction\":[{\"@type\":\"SearchAction\",\"target\":{\"@type\":\"EntryPoint\",\"urlTemplate\":\"https:\\\/\\\/hemley.de\\\/de\\\/?s={search_term_string}\"},\"query-input\":{\"@type\":\"PropertyValueSpecification\",\"valueRequired\":true,\"valueName\":\"search_term_string\"}}],\"inLanguage\":\"de\"},{\"@type\":\"Organization\",\"@id\":\"https:\\\/\\\/hemley.de\\\/de\\\/#organization\",\"name\":\"Hemley Moese & Schwartz GmbH\",\"url\":\"https:\\\/\\\/hemley.de\\\/de\\\/\",\"logo\":{\"@type\":\"ImageObject\",\"inLanguage\":\"de\",\"@id\":\"https:\\\/\\\/hemley.de\\\/de\\\/#\\\/schema\\\/logo\\\/image\\\/\",\"url\":\"https:\\\/\\\/hemley.de\\\/wp-content\\\/uploads\\\/2019\\\/05\\\/Logo-Hemley.png\",\"contentUrl\":\"https:\\\/\\\/hemley.de\\\/wp-content\\\/uploads\\\/2019\\\/05\\\/Logo-Hemley.png\",\"width\":467,\"height\":104,\"caption\":\"Hemley Moese & Schwartz GmbH\"},\"image\":{\"@id\":\"https:\\\/\\\/hemley.de\\\/de\\\/#\\\/schema\\\/logo\\\/image\\\/\"}}]}<\/script>\n<!-- \/ Yoast SEO plugin. -->","yoast_head_json":{"title":"Ziert\u00fccher sortiert ab Lager - Hemley","description":"Eine gro\u00dfe Auswahl Seidenkrawatten und Strickkrawatten dazu passende Einsteckt\u00fccher elegante Fliegen modische Krawattenschals und Schals g\u00fcnstig im Online-Shop kaufen direkt vom Hersteller.","robots":{"index":"index","follow":"follow","max-snippet":"max-snippet:-1","max-image-preview":"max-image-preview:large","max-video-preview":"max-video-preview:-1"},"canonical":"https:\/\/hemley.de\/de\/produkt\/ziertuecher-sortiert-ab-lager\/","og_locale":"de_DE","og_type":"article","og_title":"Ziert\u00fccher sortiert ab Lager - Hemley","og_description":"Eine gro\u00dfe Auswahl Seidenkrawatten und Strickkrawatten dazu passende Einsteckt\u00fccher elegante Fliegen modische Krawattenschals und Schals g\u00fcnstig im Online-Shop kaufen direkt vom Hersteller.","og_url":"https:\/\/hemley.de\/de\/produkt\/ziertuecher-sortiert-ab-lager\/","og_site_name":"Hemley","article_modified_time":"2025-06-30T13:23:18+00:00","og_image":[{"width":682,"height":1024,"url":"https:\/\/hemley.de\/wp-content\/uploads\/2022\/07\/7524.jpg","type":"image\/jpeg"}],"twitter_card":"summary_large_image","schema":{"@context":"https:\/\/schema.org","@graph":[{"@type":"WebPage","@id":"https:\/\/hemley.de\/de\/produkt\/ziertuecher-sortiert-ab-lager\/","url":"https:\/\/hemley.de\/de\/produkt\/ziertuecher-sortiert-ab-lager\/","name":"Ziert\u00fccher sortiert ab Lager - Hemley","isPartOf":{"@id":"https:\/\/hemley.de\/de\/#website"},"primaryImageOfPage":{"@id":"https:\/\/hemley.de\/de\/produkt\/ziertuecher-sortiert-ab-lager\/#primaryimage"},"image":{"@id":"https:\/\/hemley.de\/de\/produkt\/ziertuecher-sortiert-ab-lager\/#primaryimage"},"thumbnailUrl":"https:\/\/hemley.de\/wp-content\/uploads\/2022\/07\/7524.jpg","datePublished":"2018-11-15T09:58:25+00:00","dateModified":"2025-06-30T13:23:18+00:00","description":"Eine gro\u00dfe Auswahl Seidenkrawatten und Strickkrawatten dazu passende Einsteckt\u00fccher elegante Fliegen modische Krawattenschals und Schals g\u00fcnstig im Online-Shop kaufen direkt vom Hersteller.","breadcrumb":{"@id":"https:\/\/hemley.de\/de\/produkt\/ziertuecher-sortiert-ab-lager\/#breadcrumb"},"inLanguage":"de","potentialAction":[{"@type":"ReadAction","target":["https:\/\/hemley.de\/de\/produkt\/ziertuecher-sortiert-ab-lager\/"]}]},{"@type":"ImageObject","inLanguage":"de","@id":"https:\/\/hemley.de\/de\/produkt\/ziertuecher-sortiert-ab-lager\/#primaryimage","url":"https:\/\/hemley.de\/wp-content\/uploads\/2022\/07\/7524.jpg","contentUrl":"https:\/\/hemley.de\/wp-content\/uploads\/2022\/07\/7524.jpg","width":682,"height":1024,"caption":"7524"},{"@type":"BreadcrumbList","@id":"https:\/\/hemley.de\/de\/produkt\/ziertuecher-sortiert-ab-lager\/#breadcrumb","itemListElement":[{"@type":"ListItem","position":1,"name":"Startseite","item":"https:\/\/hemley.de\/de\/"},{"@type":"ListItem","position":2,"name":"Shop","item":"https:\/\/hemley.de\/de\/online-shop-vom-hersteller\/"},{"@type":"ListItem","position":3,"name":"Ziert\u00fccher sortiert ab Lager"}]},{"@type":"WebSite","@id":"https:\/\/hemley.de\/de\/#website","url":"https:\/\/hemley.de\/de\/","name":"Hemley","description":"Krawatten handgefertigt in Krefeld seit 1908","publisher":{"@id":"https:\/\/hemley.de\/de\/#organization"},"potentialAction":[{"@type":"SearchAction","target":{"@type":"EntryPoint","urlTemplate":"https:\/\/hemley.de\/de\/?s={search_term_string}"},"query-input":{"@type":"PropertyValueSpecification","valueRequired":true,"valueName":"search_term_string"}}],"inLanguage":"de"},{"@type":"Organization","@id":"https:\/\/hemley.de\/de\/#organization","name":"Hemley Moese & Schwartz GmbH","url":"https:\/\/hemley.de\/de\/","logo":{"@type":"ImageObject","inLanguage":"de","@id":"https:\/\/hemley.de\/de\/#\/schema\/logo\/image\/","url":"https:\/\/hemley.de\/wp-content\/uploads\/2019\/05\/Logo-Hemley.png","contentUrl":"https:\/\/hemley.de\/wp-content\/uploads\/2019\/05\/Logo-Hemley.png","width":467,"height":104,"caption":"Hemley Moese & Schwartz GmbH"},"image":{"@id":"https:\/\/hemley.de\/de\/#\/schema\/logo\/image\/"}}]}},"_links":{"self":[{"href":"https:\/\/hemley.de\/de\/wp-json\/wp\/v2\/product\/6834","targetHints":{"allow":["GET"]}}],"collection":[{"href":"https:\/\/hemley.de\/de\/wp-json\/wp\/v2\/product"}],"about":[{"href":"https:\/\/hemley.de\/de\/wp-json\/wp\/v2\/types\/product"}],"replies":[{"embeddable":true,"href":"https:\/\/hemley.de\/de\/wp-json\/wp\/v2\/comments?post=6834"}],"wp:featuredmedia":[{"embeddable":true,"href":"https:\/\/hemley.de\/de\/wp-json\/wp\/v2\/media\/14033"}],"wp:attachment":[{"href":"https:\/\/hemley.de\/de\/wp-json\/wp\/v2\/media?parent=6834"}],"wp:term":[{"taxonomy":"product_brand","embeddable":true,"href":"https:\/\/hemley.de\/de\/wp-json\/wp\/v2\/product_brand?post=6834"},{"taxonomy":"product_cat","embeddable":true,"href":"https:\/\/hemley.de\/de\/wp-json\/wp\/v2\/product_cat?post=6834"},{"taxonomy":"product_tag","embeddable":true,"href":"https:\/\/hemley.de\/de\/wp-json\/wp\/v2\/product_tag?post=6834"}],"curies":[{"name":"wp","href":"https:\/\/api.w.org\/{rel}","templated":true}]}}