{"id":6982,"date":"2018-11-22T14:15:34","date_gmt":"2018-11-22T14:15:34","guid":{"rendered":"http:\/\/hemley.de\/?post_type=product&#038;p=6982"},"modified":"2025-12-11T11:10:12","modified_gmt":"2025-12-11T11:10:12","slug":"strickkrawatte-tupfen-marine-weiss-2","status":"publish","type":"product","link":"https:\/\/hemley.de\/de\/produkt\/strickkrawatte-tupfen-marine-weiss-2\/","title":{"rendered":"Strickkrawatte Seide Tupfen &#8211; marine\/ wei\u00df"},"content":{"rendered":"","protected":false},"excerpt":{"rendered":"<p>100% Seide<br \/>\nca. 6cm x 148cm<br \/>\nVariante Rundstrick<br \/>\ngerader Bundabschlu\u00df<br \/>\nSatinband<br \/>\nAus eigener Produktion in Krefeld<br \/>\nHemley Webetikett und H\u00e4nger<\/p>\n","protected":false},"featured_media":6669,"comment_status":"open","ping_status":"closed","template":"","meta":[],"product_brand":[],"product_cat":[278,376],"product_tag":[],"class_list":{"0":"post-6982","1":"product","2":"type-product","3":"status-publish","4":"has-post-thumbnail","6":"product_cat-strickkrawatten-2","7":"product_cat-tupfen-seide","9":"first","10":"instock","11":"purchasable","12":"product-type-simple"},"acf":[],"yoast_head":"<!-- This site is optimized with the Yoast SEO plugin v27.3 - https:\/\/yoast.com\/product\/yoast-seo-wordpress\/ -->\n<title>Strickkrawatten rundstrick 100% Seide Tupfen marine\/ wei\u00df<\/title>\n<meta name=\"description\" content=\"Strickkrawatten und Seidenkrawatten in gro\u00dfer Auswahl dazu passende Einsteckt\u00fccher sowie elegante Fliegen und Krawattenschals und Schals direkt von Ascot\" \/>\n<meta name=\"robots\" content=\"index, follow, max-snippet:-1, max-image-preview:large, max-video-preview:-1\" \/>\n<link rel=\"canonical\" href=\"https:\/\/hemley.de\/de\/produkt\/strickkrawatte-tupfen-marine-weiss-2\/\" \/>\n<meta property=\"og:locale\" content=\"de_DE\" \/>\n<meta property=\"og:type\" content=\"article\" \/>\n<meta property=\"og:title\" content=\"Strickkrawatten rundstrick 100% Seide Tupfen marine\/ wei\u00df\" \/>\n<meta property=\"og:description\" content=\"Strickkrawatten und Seidenkrawatten in gro\u00dfer Auswahl dazu passende Einsteckt\u00fccher sowie elegante Fliegen und Krawattenschals und Schals direkt von Ascot\" \/>\n<meta property=\"og:url\" content=\"https:\/\/hemley.de\/de\/produkt\/strickkrawatte-tupfen-marine-weiss-2\/\" \/>\n<meta property=\"og:site_name\" content=\"Hemley\" \/>\n<meta property=\"article:modified_time\" content=\"2025-12-11T11:10:12+00:00\" \/>\n<meta property=\"og:image\" content=\"https:\/\/hemley.de\/wp-content\/uploads\/2018\/10\/Strickkrawatte-100-Seide-Tupfen-marine-weiss-638724-1.jpg\" \/>\n\t<meta property=\"og:image:width\" content=\"368\" \/>\n\t<meta property=\"og:image:height\" content=\"550\" \/>\n\t<meta property=\"og:image:type\" content=\"image\/jpeg\" \/>\n<meta name=\"twitter:card\" content=\"summary_large_image\" \/>\n<script type=\"application\/ld+json\" class=\"yoast-schema-graph\">{\"@context\":\"https:\\\/\\\/schema.org\",\"@graph\":[{\"@type\":\"WebPage\",\"@id\":\"https:\\\/\\\/hemley.de\\\/de\\\/produkt\\\/strickkrawatte-tupfen-marine-weiss-2\\\/\",\"url\":\"https:\\\/\\\/hemley.de\\\/de\\\/produkt\\\/strickkrawatte-tupfen-marine-weiss-2\\\/\",\"name\":\"Strickkrawatten rundstrick 100% Seide Tupfen marine\\\/ wei\u00df\",\"isPartOf\":{\"@id\":\"https:\\\/\\\/hemley.de\\\/de\\\/#website\"},\"primaryImageOfPage\":{\"@id\":\"https:\\\/\\\/hemley.de\\\/de\\\/produkt\\\/strickkrawatte-tupfen-marine-weiss-2\\\/#primaryimage\"},\"image\":{\"@id\":\"https:\\\/\\\/hemley.de\\\/de\\\/produkt\\\/strickkrawatte-tupfen-marine-weiss-2\\\/#primaryimage\"},\"thumbnailUrl\":\"https:\\\/\\\/hemley.de\\\/wp-content\\\/uploads\\\/2018\\\/10\\\/Strickkrawatte-100-Seide-Tupfen-marine-weiss-638724-1.jpg\",\"datePublished\":\"2018-11-22T14:15:34+00:00\",\"dateModified\":\"2025-12-11T11:10:12+00:00\",\"description\":\"Strickkrawatten und Seidenkrawatten in gro\u00dfer Auswahl dazu passende Einsteckt\u00fccher sowie elegante Fliegen und Krawattenschals und Schals direkt von Ascot\",\"breadcrumb\":{\"@id\":\"https:\\\/\\\/hemley.de\\\/de\\\/produkt\\\/strickkrawatte-tupfen-marine-weiss-2\\\/#breadcrumb\"},\"inLanguage\":\"de\",\"potentialAction\":[{\"@type\":\"ReadAction\",\"target\":[\"https:\\\/\\\/hemley.de\\\/de\\\/produkt\\\/strickkrawatte-tupfen-marine-weiss-2\\\/\"]}]},{\"@type\":\"ImageObject\",\"inLanguage\":\"de\",\"@id\":\"https:\\\/\\\/hemley.de\\\/de\\\/produkt\\\/strickkrawatte-tupfen-marine-weiss-2\\\/#primaryimage\",\"url\":\"https:\\\/\\\/hemley.de\\\/wp-content\\\/uploads\\\/2018\\\/10\\\/Strickkrawatte-100-Seide-Tupfen-marine-weiss-638724-1.jpg\",\"contentUrl\":\"https:\\\/\\\/hemley.de\\\/wp-content\\\/uploads\\\/2018\\\/10\\\/Strickkrawatte-100-Seide-Tupfen-marine-weiss-638724-1.jpg\",\"width\":368,\"height\":550,\"caption\":\"Strickkrawatte 100% Seide Tupfen Marine-weiss 638724-1\"},{\"@type\":\"BreadcrumbList\",\"@id\":\"https:\\\/\\\/hemley.de\\\/de\\\/produkt\\\/strickkrawatte-tupfen-marine-weiss-2\\\/#breadcrumb\",\"itemListElement\":[{\"@type\":\"ListItem\",\"position\":1,\"name\":\"Startseite\",\"item\":\"https:\\\/\\\/hemley.de\\\/de\\\/\"},{\"@type\":\"ListItem\",\"position\":2,\"name\":\"Shop\",\"item\":\"https:\\\/\\\/hemley.de\\\/de\\\/online-shop-vom-hersteller\\\/\"},{\"@type\":\"ListItem\",\"position\":3,\"name\":\"Strickkrawatte Seide Tupfen &#8211; marine\\\/ wei\u00df\"}]},{\"@type\":\"WebSite\",\"@id\":\"https:\\\/\\\/hemley.de\\\/de\\\/#website\",\"url\":\"https:\\\/\\\/hemley.de\\\/de\\\/\",\"name\":\"Hemley\",\"description\":\"Krawatten handgefertigt in Krefeld seit 1908\",\"publisher\":{\"@id\":\"https:\\\/\\\/hemley.de\\\/de\\\/#organization\"},\"potentialAction\":[{\"@type\":\"SearchAction\",\"target\":{\"@type\":\"EntryPoint\",\"urlTemplate\":\"https:\\\/\\\/hemley.de\\\/de\\\/?s={search_term_string}\"},\"query-input\":{\"@type\":\"PropertyValueSpecification\",\"valueRequired\":true,\"valueName\":\"search_term_string\"}}],\"inLanguage\":\"de\"},{\"@type\":\"Organization\",\"@id\":\"https:\\\/\\\/hemley.de\\\/de\\\/#organization\",\"name\":\"Hemley Moese & Schwartz GmbH\",\"url\":\"https:\\\/\\\/hemley.de\\\/de\\\/\",\"logo\":{\"@type\":\"ImageObject\",\"inLanguage\":\"de\",\"@id\":\"https:\\\/\\\/hemley.de\\\/de\\\/#\\\/schema\\\/logo\\\/image\\\/\",\"url\":\"https:\\\/\\\/hemley.de\\\/wp-content\\\/uploads\\\/2019\\\/05\\\/Logo-Hemley.png\",\"contentUrl\":\"https:\\\/\\\/hemley.de\\\/wp-content\\\/uploads\\\/2019\\\/05\\\/Logo-Hemley.png\",\"width\":467,\"height\":104,\"caption\":\"Hemley Moese & Schwartz GmbH\"},\"image\":{\"@id\":\"https:\\\/\\\/hemley.de\\\/de\\\/#\\\/schema\\\/logo\\\/image\\\/\"}}]}<\/script>\n<!-- \/ Yoast SEO plugin. -->","yoast_head_json":{"title":"Strickkrawatten rundstrick 100% Seide Tupfen marine\/ wei\u00df","description":"Strickkrawatten und Seidenkrawatten in gro\u00dfer Auswahl dazu passende Einsteckt\u00fccher sowie elegante Fliegen und Krawattenschals und Schals direkt von Ascot","robots":{"index":"index","follow":"follow","max-snippet":"max-snippet:-1","max-image-preview":"max-image-preview:large","max-video-preview":"max-video-preview:-1"},"canonical":"https:\/\/hemley.de\/de\/produkt\/strickkrawatte-tupfen-marine-weiss-2\/","og_locale":"de_DE","og_type":"article","og_title":"Strickkrawatten rundstrick 100% Seide Tupfen marine\/ wei\u00df","og_description":"Strickkrawatten und Seidenkrawatten in gro\u00dfer Auswahl dazu passende Einsteckt\u00fccher sowie elegante Fliegen und Krawattenschals und Schals direkt von Ascot","og_url":"https:\/\/hemley.de\/de\/produkt\/strickkrawatte-tupfen-marine-weiss-2\/","og_site_name":"Hemley","article_modified_time":"2025-12-11T11:10:12+00:00","og_image":[{"width":368,"height":550,"url":"https:\/\/hemley.de\/wp-content\/uploads\/2018\/10\/Strickkrawatte-100-Seide-Tupfen-marine-weiss-638724-1.jpg","type":"image\/jpeg"}],"twitter_card":"summary_large_image","schema":{"@context":"https:\/\/schema.org","@graph":[{"@type":"WebPage","@id":"https:\/\/hemley.de\/de\/produkt\/strickkrawatte-tupfen-marine-weiss-2\/","url":"https:\/\/hemley.de\/de\/produkt\/strickkrawatte-tupfen-marine-weiss-2\/","name":"Strickkrawatten rundstrick 100% Seide Tupfen marine\/ wei\u00df","isPartOf":{"@id":"https:\/\/hemley.de\/de\/#website"},"primaryImageOfPage":{"@id":"https:\/\/hemley.de\/de\/produkt\/strickkrawatte-tupfen-marine-weiss-2\/#primaryimage"},"image":{"@id":"https:\/\/hemley.de\/de\/produkt\/strickkrawatte-tupfen-marine-weiss-2\/#primaryimage"},"thumbnailUrl":"https:\/\/hemley.de\/wp-content\/uploads\/2018\/10\/Strickkrawatte-100-Seide-Tupfen-marine-weiss-638724-1.jpg","datePublished":"2018-11-22T14:15:34+00:00","dateModified":"2025-12-11T11:10:12+00:00","description":"Strickkrawatten und Seidenkrawatten in gro\u00dfer Auswahl dazu passende Einsteckt\u00fccher sowie elegante Fliegen und Krawattenschals und Schals direkt von Ascot","breadcrumb":{"@id":"https:\/\/hemley.de\/de\/produkt\/strickkrawatte-tupfen-marine-weiss-2\/#breadcrumb"},"inLanguage":"de","potentialAction":[{"@type":"ReadAction","target":["https:\/\/hemley.de\/de\/produkt\/strickkrawatte-tupfen-marine-weiss-2\/"]}]},{"@type":"ImageObject","inLanguage":"de","@id":"https:\/\/hemley.de\/de\/produkt\/strickkrawatte-tupfen-marine-weiss-2\/#primaryimage","url":"https:\/\/hemley.de\/wp-content\/uploads\/2018\/10\/Strickkrawatte-100-Seide-Tupfen-marine-weiss-638724-1.jpg","contentUrl":"https:\/\/hemley.de\/wp-content\/uploads\/2018\/10\/Strickkrawatte-100-Seide-Tupfen-marine-weiss-638724-1.jpg","width":368,"height":550,"caption":"Strickkrawatte 100% Seide Tupfen Marine-weiss 638724-1"},{"@type":"BreadcrumbList","@id":"https:\/\/hemley.de\/de\/produkt\/strickkrawatte-tupfen-marine-weiss-2\/#breadcrumb","itemListElement":[{"@type":"ListItem","position":1,"name":"Startseite","item":"https:\/\/hemley.de\/de\/"},{"@type":"ListItem","position":2,"name":"Shop","item":"https:\/\/hemley.de\/de\/online-shop-vom-hersteller\/"},{"@type":"ListItem","position":3,"name":"Strickkrawatte Seide Tupfen &#8211; marine\/ wei\u00df"}]},{"@type":"WebSite","@id":"https:\/\/hemley.de\/de\/#website","url":"https:\/\/hemley.de\/de\/","name":"Hemley","description":"Krawatten handgefertigt in Krefeld seit 1908","publisher":{"@id":"https:\/\/hemley.de\/de\/#organization"},"potentialAction":[{"@type":"SearchAction","target":{"@type":"EntryPoint","urlTemplate":"https:\/\/hemley.de\/de\/?s={search_term_string}"},"query-input":{"@type":"PropertyValueSpecification","valueRequired":true,"valueName":"search_term_string"}}],"inLanguage":"de"},{"@type":"Organization","@id":"https:\/\/hemley.de\/de\/#organization","name":"Hemley Moese & Schwartz GmbH","url":"https:\/\/hemley.de\/de\/","logo":{"@type":"ImageObject","inLanguage":"de","@id":"https:\/\/hemley.de\/de\/#\/schema\/logo\/image\/","url":"https:\/\/hemley.de\/wp-content\/uploads\/2019\/05\/Logo-Hemley.png","contentUrl":"https:\/\/hemley.de\/wp-content\/uploads\/2019\/05\/Logo-Hemley.png","width":467,"height":104,"caption":"Hemley Moese & Schwartz GmbH"},"image":{"@id":"https:\/\/hemley.de\/de\/#\/schema\/logo\/image\/"}}]}},"_links":{"self":[{"href":"https:\/\/hemley.de\/de\/wp-json\/wp\/v2\/product\/6982","targetHints":{"allow":["GET"]}}],"collection":[{"href":"https:\/\/hemley.de\/de\/wp-json\/wp\/v2\/product"}],"about":[{"href":"https:\/\/hemley.de\/de\/wp-json\/wp\/v2\/types\/product"}],"replies":[{"embeddable":true,"href":"https:\/\/hemley.de\/de\/wp-json\/wp\/v2\/comments?post=6982"}],"wp:featuredmedia":[{"embeddable":true,"href":"https:\/\/hemley.de\/de\/wp-json\/wp\/v2\/media\/6669"}],"wp:attachment":[{"href":"https:\/\/hemley.de\/de\/wp-json\/wp\/v2\/media?parent=6982"}],"wp:term":[{"taxonomy":"product_brand","embeddable":true,"href":"https:\/\/hemley.de\/de\/wp-json\/wp\/v2\/product_brand?post=6982"},{"taxonomy":"product_cat","embeddable":true,"href":"https:\/\/hemley.de\/de\/wp-json\/wp\/v2\/product_cat?post=6982"},{"taxonomy":"product_tag","embeddable":true,"href":"https:\/\/hemley.de\/de\/wp-json\/wp\/v2\/product_tag?post=6982"}],"curies":[{"name":"wp","href":"https:\/\/api.w.org\/{rel}","templated":true}]}}