{"id":13166,"date":"2022-02-17T11:33:35","date_gmt":"2022-02-17T11:33:35","guid":{"rendered":"https:\/\/hemley.de\/product\/einstecktuch-baumwolle-seide-tropical-hochrot\/"},"modified":"2025-12-01T10:07:23","modified_gmt":"2025-12-01T10:07:23","slug":"einstecktuch-baumwolle-seide-tropical-hochrot","status":"publish","type":"product","link":"https:\/\/hemley.de\/en\/product\/einstecktuch-baumwolle-seide-tropical-hochrot\/","title":{"rendered":"Einstecktuch Baumwolle Seide Tropical rot"},"content":{"rendered":"<p>Ein Einstecktuch\u00a0macht jedes m\u00e4nnliche Outfit erst perfekt.<\/p>\n<p>Die Etikette besagt, dass das Einstecktuch niemals identisch mit dem Krawattendessin sein soll. Wir meinen jedoch, das entscheidet jeder nach seinem Geschmack. Selbstverst\u00e4ndlich kann das Ziertuch auch ohne Krawatte getragen werden. Dann sollte es aber auf jeden Fall auf das Hemd abgestimmt sein.<\/p>\n<p>Zur Falttechnik eines Pochettes\u00a0 gibt es keine strikten Regeln, daher passt man diese am besten der Stimmung und Gelegenheit an.<\/p>\n","protected":false},"excerpt":{"rendered":"<p>55% Seide 45% Baumwolle<br \/>\nca. 30 x 30cm<br \/>\nhandrollierter Saum<\/p>\n","protected":false},"featured_media":13074,"comment_status":"open","ping_status":"closed","template":"","meta":[],"product_brand":[],"product_cat":[551,407,497,406],"product_tag":[],"class_list":{"0":"post-13166","1":"product","2":"type-product","3":"status-publish","4":"has-post-thumbnail","6":"product_cat-baumwolle-gemustert","7":"product_cat-einstecktuecher_online_kaufen-en","8":"product_cat-einstecktuecher-gemustert-en","9":"product_cat-hemley-online-shop-en","11":"first","12":"instock","13":"taxable","14":"shipping-taxable","15":"purchasable","16":"product-type-simple"},"acf":[],"yoast_head":"<!-- This site is optimized with the Yoast SEO plugin v27.3 - https:\/\/yoast.com\/product\/yoast-seo-wordpress\/ -->\n<title>Einstecktuch uni weiss\/bord\u00fcre marine<\/title>\n<meta name=\"description\" content=\"Eine gro\u00dfe Auswahl Einsteckt\u00fcchern dazu passende Seidenkrawatten und Strickkrawatten elegante Fliegen und Krawattenschals und Schals direkt vom Hersteller. % %\" \/>\n<meta name=\"robots\" content=\"index, follow, max-snippet:-1, max-image-preview:large, max-video-preview:-1\" \/>\n<link rel=\"canonical\" href=\"https:\/\/hemley.de\/en\/product\/einstecktuch-baumwolle-seide-tropical-hochrot\/\" \/>\n<meta property=\"og:locale\" content=\"en_US\" \/>\n<meta property=\"og:type\" content=\"article\" \/>\n<meta property=\"og:title\" content=\"Einstecktuch uni weiss\/bord\u00fcre marine\" \/>\n<meta property=\"og:description\" content=\"Eine gro\u00dfe Auswahl Einsteckt\u00fcchern dazu passende Seidenkrawatten und Strickkrawatten elegante Fliegen und Krawattenschals und Schals direkt vom Hersteller. % %\" \/>\n<meta property=\"og:url\" content=\"https:\/\/hemley.de\/en\/product\/einstecktuch-baumwolle-seide-tropical-hochrot\/\" \/>\n<meta property=\"og:site_name\" content=\"Hemley\" \/>\n<meta property=\"article:modified_time\" content=\"2025-12-01T10:07:23+00:00\" \/>\n<meta property=\"og:image\" content=\"https:\/\/hemley.de\/wp-content\/uploads\/2022\/02\/14207336-1-Sakko.jpg\" \/>\n\t<meta property=\"og:image:width\" content=\"768\" \/>\n\t<meta property=\"og:image:height\" content=\"1024\" \/>\n\t<meta property=\"og:image:type\" content=\"image\/jpeg\" \/>\n<meta name=\"twitter:card\" content=\"summary_large_image\" \/>\n<script type=\"application\/ld+json\" class=\"yoast-schema-graph\">{\"@context\":\"https:\\\/\\\/schema.org\",\"@graph\":[{\"@type\":\"WebPage\",\"@id\":\"https:\\\/\\\/hemley.de\\\/en\\\/product\\\/einstecktuch-baumwolle-seide-tropical-hochrot\\\/\",\"url\":\"https:\\\/\\\/hemley.de\\\/en\\\/product\\\/einstecktuch-baumwolle-seide-tropical-hochrot\\\/\",\"name\":\"Einstecktuch uni weiss\\\/bord\u00fcre marine\",\"isPartOf\":{\"@id\":\"https:\\\/\\\/hemley.de\\\/de\\\/#website\"},\"primaryImageOfPage\":{\"@id\":\"https:\\\/\\\/hemley.de\\\/en\\\/product\\\/einstecktuch-baumwolle-seide-tropical-hochrot\\\/#primaryimage\"},\"image\":{\"@id\":\"https:\\\/\\\/hemley.de\\\/en\\\/product\\\/einstecktuch-baumwolle-seide-tropical-hochrot\\\/#primaryimage\"},\"thumbnailUrl\":\"https:\\\/\\\/hemley.de\\\/wp-content\\\/uploads\\\/2022\\\/02\\\/14207336-1-Sakko.jpg\",\"datePublished\":\"2022-02-17T11:33:35+00:00\",\"dateModified\":\"2025-12-01T10:07:23+00:00\",\"description\":\"Eine gro\u00dfe Auswahl Einsteckt\u00fcchern dazu passende Seidenkrawatten und Strickkrawatten elegante Fliegen und Krawattenschals und Schals direkt vom Hersteller. % %\",\"breadcrumb\":{\"@id\":\"https:\\\/\\\/hemley.de\\\/en\\\/product\\\/einstecktuch-baumwolle-seide-tropical-hochrot\\\/#breadcrumb\"},\"inLanguage\":\"en-US\",\"potentialAction\":[{\"@type\":\"ReadAction\",\"target\":[\"https:\\\/\\\/hemley.de\\\/en\\\/product\\\/einstecktuch-baumwolle-seide-tropical-hochrot\\\/\"]}]},{\"@type\":\"ImageObject\",\"inLanguage\":\"en-US\",\"@id\":\"https:\\\/\\\/hemley.de\\\/en\\\/product\\\/einstecktuch-baumwolle-seide-tropical-hochrot\\\/#primaryimage\",\"url\":\"https:\\\/\\\/hemley.de\\\/wp-content\\\/uploads\\\/2022\\\/02\\\/14207336-1-Sakko.jpg\",\"contentUrl\":\"https:\\\/\\\/hemley.de\\\/wp-content\\\/uploads\\\/2022\\\/02\\\/14207336-1-Sakko.jpg\",\"width\":768,\"height\":1024,\"caption\":\"14207336-1 Sakko\"},{\"@type\":\"BreadcrumbList\",\"@id\":\"https:\\\/\\\/hemley.de\\\/en\\\/product\\\/einstecktuch-baumwolle-seide-tropical-hochrot\\\/#breadcrumb\",\"itemListElement\":[{\"@type\":\"ListItem\",\"position\":1,\"name\":\"Startseite\",\"item\":\"https:\\\/\\\/hemley.de\\\/en\\\/\"},{\"@type\":\"ListItem\",\"position\":2,\"name\":\"Shop\",\"item\":\"https:\\\/\\\/hemley.de\\\/en\\\/online-shop-vom-hersteller\\\/\"},{\"@type\":\"ListItem\",\"position\":3,\"name\":\"Einstecktuch Baumwolle Seide Tropical rot\"}]},{\"@type\":\"WebSite\",\"@id\":\"https:\\\/\\\/hemley.de\\\/de\\\/#website\",\"url\":\"https:\\\/\\\/hemley.de\\\/de\\\/\",\"name\":\"Hemley\",\"description\":\"Made in Germany since 1965\",\"publisher\":{\"@id\":\"https:\\\/\\\/hemley.de\\\/de\\\/#organization\"},\"potentialAction\":[{\"@type\":\"SearchAction\",\"target\":{\"@type\":\"EntryPoint\",\"urlTemplate\":\"https:\\\/\\\/hemley.de\\\/de\\\/?s={search_term_string}\"},\"query-input\":{\"@type\":\"PropertyValueSpecification\",\"valueRequired\":true,\"valueName\":\"search_term_string\"}}],\"inLanguage\":\"en-US\"},{\"@type\":\"Organization\",\"@id\":\"https:\\\/\\\/hemley.de\\\/de\\\/#organization\",\"name\":\"Hemley Moese & Schwartz GmbH\",\"url\":\"https:\\\/\\\/hemley.de\\\/de\\\/\",\"logo\":{\"@type\":\"ImageObject\",\"inLanguage\":\"en-US\",\"@id\":\"https:\\\/\\\/hemley.de\\\/de\\\/#\\\/schema\\\/logo\\\/image\\\/\",\"url\":\"https:\\\/\\\/hemley.de\\\/wp-content\\\/uploads\\\/2019\\\/05\\\/Logo-Hemley.png\",\"contentUrl\":\"https:\\\/\\\/hemley.de\\\/wp-content\\\/uploads\\\/2019\\\/05\\\/Logo-Hemley.png\",\"width\":467,\"height\":104,\"caption\":\"Hemley Moese & Schwartz GmbH\"},\"image\":{\"@id\":\"https:\\\/\\\/hemley.de\\\/de\\\/#\\\/schema\\\/logo\\\/image\\\/\"}}]}<\/script>\n<!-- \/ Yoast SEO plugin. -->","yoast_head_json":{"title":"Einstecktuch uni weiss\/bord\u00fcre marine","description":"Eine gro\u00dfe Auswahl Einsteckt\u00fcchern dazu passende Seidenkrawatten und Strickkrawatten elegante Fliegen und Krawattenschals und Schals direkt vom Hersteller. % %","robots":{"index":"index","follow":"follow","max-snippet":"max-snippet:-1","max-image-preview":"max-image-preview:large","max-video-preview":"max-video-preview:-1"},"canonical":"https:\/\/hemley.de\/en\/product\/einstecktuch-baumwolle-seide-tropical-hochrot\/","og_locale":"en_US","og_type":"article","og_title":"Einstecktuch uni weiss\/bord\u00fcre marine","og_description":"Eine gro\u00dfe Auswahl Einsteckt\u00fcchern dazu passende Seidenkrawatten und Strickkrawatten elegante Fliegen und Krawattenschals und Schals direkt vom Hersteller. % %","og_url":"https:\/\/hemley.de\/en\/product\/einstecktuch-baumwolle-seide-tropical-hochrot\/","og_site_name":"Hemley","article_modified_time":"2025-12-01T10:07:23+00:00","og_image":[{"width":768,"height":1024,"url":"https:\/\/hemley.de\/wp-content\/uploads\/2022\/02\/14207336-1-Sakko.jpg","type":"image\/jpeg"}],"twitter_card":"summary_large_image","schema":{"@context":"https:\/\/schema.org","@graph":[{"@type":"WebPage","@id":"https:\/\/hemley.de\/en\/product\/einstecktuch-baumwolle-seide-tropical-hochrot\/","url":"https:\/\/hemley.de\/en\/product\/einstecktuch-baumwolle-seide-tropical-hochrot\/","name":"Einstecktuch uni weiss\/bord\u00fcre marine","isPartOf":{"@id":"https:\/\/hemley.de\/de\/#website"},"primaryImageOfPage":{"@id":"https:\/\/hemley.de\/en\/product\/einstecktuch-baumwolle-seide-tropical-hochrot\/#primaryimage"},"image":{"@id":"https:\/\/hemley.de\/en\/product\/einstecktuch-baumwolle-seide-tropical-hochrot\/#primaryimage"},"thumbnailUrl":"https:\/\/hemley.de\/wp-content\/uploads\/2022\/02\/14207336-1-Sakko.jpg","datePublished":"2022-02-17T11:33:35+00:00","dateModified":"2025-12-01T10:07:23+00:00","description":"Eine gro\u00dfe Auswahl Einsteckt\u00fcchern dazu passende Seidenkrawatten und Strickkrawatten elegante Fliegen und Krawattenschals und Schals direkt vom Hersteller. % %","breadcrumb":{"@id":"https:\/\/hemley.de\/en\/product\/einstecktuch-baumwolle-seide-tropical-hochrot\/#breadcrumb"},"inLanguage":"en-US","potentialAction":[{"@type":"ReadAction","target":["https:\/\/hemley.de\/en\/product\/einstecktuch-baumwolle-seide-tropical-hochrot\/"]}]},{"@type":"ImageObject","inLanguage":"en-US","@id":"https:\/\/hemley.de\/en\/product\/einstecktuch-baumwolle-seide-tropical-hochrot\/#primaryimage","url":"https:\/\/hemley.de\/wp-content\/uploads\/2022\/02\/14207336-1-Sakko.jpg","contentUrl":"https:\/\/hemley.de\/wp-content\/uploads\/2022\/02\/14207336-1-Sakko.jpg","width":768,"height":1024,"caption":"14207336-1 Sakko"},{"@type":"BreadcrumbList","@id":"https:\/\/hemley.de\/en\/product\/einstecktuch-baumwolle-seide-tropical-hochrot\/#breadcrumb","itemListElement":[{"@type":"ListItem","position":1,"name":"Startseite","item":"https:\/\/hemley.de\/en\/"},{"@type":"ListItem","position":2,"name":"Shop","item":"https:\/\/hemley.de\/en\/online-shop-vom-hersteller\/"},{"@type":"ListItem","position":3,"name":"Einstecktuch Baumwolle Seide Tropical rot"}]},{"@type":"WebSite","@id":"https:\/\/hemley.de\/de\/#website","url":"https:\/\/hemley.de\/de\/","name":"Hemley","description":"Made in Germany since 1965","publisher":{"@id":"https:\/\/hemley.de\/de\/#organization"},"potentialAction":[{"@type":"SearchAction","target":{"@type":"EntryPoint","urlTemplate":"https:\/\/hemley.de\/de\/?s={search_term_string}"},"query-input":{"@type":"PropertyValueSpecification","valueRequired":true,"valueName":"search_term_string"}}],"inLanguage":"en-US"},{"@type":"Organization","@id":"https:\/\/hemley.de\/de\/#organization","name":"Hemley Moese & Schwartz GmbH","url":"https:\/\/hemley.de\/de\/","logo":{"@type":"ImageObject","inLanguage":"en-US","@id":"https:\/\/hemley.de\/de\/#\/schema\/logo\/image\/","url":"https:\/\/hemley.de\/wp-content\/uploads\/2019\/05\/Logo-Hemley.png","contentUrl":"https:\/\/hemley.de\/wp-content\/uploads\/2019\/05\/Logo-Hemley.png","width":467,"height":104,"caption":"Hemley Moese & Schwartz GmbH"},"image":{"@id":"https:\/\/hemley.de\/de\/#\/schema\/logo\/image\/"}}]}},"_links":{"self":[{"href":"https:\/\/hemley.de\/en\/wp-json\/wp\/v2\/product\/13166","targetHints":{"allow":["GET"]}}],"collection":[{"href":"https:\/\/hemley.de\/en\/wp-json\/wp\/v2\/product"}],"about":[{"href":"https:\/\/hemley.de\/en\/wp-json\/wp\/v2\/types\/product"}],"replies":[{"embeddable":true,"href":"https:\/\/hemley.de\/en\/wp-json\/wp\/v2\/comments?post=13166"}],"wp:featuredmedia":[{"embeddable":true,"href":"https:\/\/hemley.de\/en\/wp-json\/wp\/v2\/media\/13074"}],"wp:attachment":[{"href":"https:\/\/hemley.de\/en\/wp-json\/wp\/v2\/media?parent=13166"}],"wp:term":[{"taxonomy":"product_brand","embeddable":true,"href":"https:\/\/hemley.de\/en\/wp-json\/wp\/v2\/product_brand?post=13166"},{"taxonomy":"product_cat","embeddable":true,"href":"https:\/\/hemley.de\/en\/wp-json\/wp\/v2\/product_cat?post=13166"},{"taxonomy":"product_tag","embeddable":true,"href":"https:\/\/hemley.de\/en\/wp-json\/wp\/v2\/product_tag?post=13166"}],"curies":[{"name":"wp","href":"https:\/\/api.w.org\/{rel}","templated":true}]}}