{"id":15022,"date":"2023-02-03T11:42:52","date_gmt":"2023-02-03T11:42:52","guid":{"rendered":"https:\/\/hemley.de\/?post_type=product&#038;p=15022"},"modified":"2025-12-11T11:07:04","modified_gmt":"2025-12-11T11:07:04","slug":"ziertuch-seide-uni-marine","status":"publish","type":"product","link":"https:\/\/hemley.de\/en\/product\/ziertuch-seide-uni-marine\/","title":{"rendered":"Ziertuch Seide Uni dunkelblau"},"content":{"rendered":"","protected":false},"excerpt":{"rendered":"<p>100% Seide<br \/>\nca. 30 x 30cm<br \/>\nmaschinenrolliert<\/p>\n","protected":false},"featured_media":4062,"comment_status":"open","ping_status":"closed","template":"","meta":[],"product_brand":[],"product_cat":[406,496],"product_tag":[],"class_list":{"0":"post-15022","1":"product","2":"type-product","3":"status-publish","4":"has-post-thumbnail","6":"product_cat-hemley-online-shop-en","7":"product_cat-einstecktuecher-uni-en","9":"first","10":"instock","11":"taxable","12":"shipping-taxable","13":"purchasable","14":"product-type-simple"},"acf":[],"yoast_head":"<!-- This site is optimized with the Yoast SEO plugin v27.3 - https:\/\/yoast.com\/product\/yoast-seo-wordpress\/ -->\n<title>Ziertuch Seide Uni dunkelblau - Hemley<\/title>\n<meta name=\"description\" content=\"Eine gro\u00dfe Auswahl Seidenkrawatten und Strickkrawatten dazu passende Einsteckt\u00fccher elegante Fliegen modische Krawattenschals und Schals g\u00fcnstig im Online-Shop kaufen direkt vom Hersteller.\" \/>\n<meta name=\"robots\" content=\"index, follow, max-snippet:-1, max-image-preview:large, max-video-preview:-1\" \/>\n<link rel=\"canonical\" href=\"https:\/\/hemley.de\/en\/product\/ziertuch-seide-uni-marine\/\" \/>\n<meta property=\"og:locale\" content=\"en_US\" \/>\n<meta property=\"og:type\" content=\"article\" \/>\n<meta property=\"og:title\" content=\"Ziertuch Seide Uni dunkelblau - Hemley\" \/>\n<meta property=\"og:description\" content=\"Eine gro\u00dfe Auswahl Seidenkrawatten und Strickkrawatten dazu passende Einsteckt\u00fccher elegante Fliegen modische Krawattenschals und Schals g\u00fcnstig im Online-Shop kaufen direkt vom Hersteller.\" \/>\n<meta property=\"og:url\" content=\"https:\/\/hemley.de\/en\/product\/ziertuch-seide-uni-marine\/\" \/>\n<meta property=\"og:site_name\" content=\"Hemley\" \/>\n<meta property=\"article:modified_time\" content=\"2025-12-11T11:07:04+00:00\" \/>\n<meta property=\"og:image\" content=\"https:\/\/hemley.de\/wp-content\/uploads\/2017\/12\/14150900-1.jpg\" \/>\n\t<meta property=\"og:image:width\" content=\"550\" \/>\n\t<meta property=\"og:image:height\" content=\"550\" \/>\n\t<meta property=\"og:image:type\" content=\"image\/jpeg\" \/>\n<meta name=\"twitter:card\" content=\"summary_large_image\" \/>\n<script type=\"application\/ld+json\" class=\"yoast-schema-graph\">{\"@context\":\"https:\\\/\\\/schema.org\",\"@graph\":[{\"@type\":\"WebPage\",\"@id\":\"https:\\\/\\\/hemley.de\\\/en\\\/product\\\/ziertuch-seide-uni-marine\\\/\",\"url\":\"https:\\\/\\\/hemley.de\\\/en\\\/product\\\/ziertuch-seide-uni-marine\\\/\",\"name\":\"Ziertuch Seide Uni dunkelblau - Hemley\",\"isPartOf\":{\"@id\":\"https:\\\/\\\/hemley.de\\\/de\\\/#website\"},\"primaryImageOfPage\":{\"@id\":\"https:\\\/\\\/hemley.de\\\/en\\\/product\\\/ziertuch-seide-uni-marine\\\/#primaryimage\"},\"image\":{\"@id\":\"https:\\\/\\\/hemley.de\\\/en\\\/product\\\/ziertuch-seide-uni-marine\\\/#primaryimage\"},\"thumbnailUrl\":\"https:\\\/\\\/hemley.de\\\/wp-content\\\/uploads\\\/2017\\\/12\\\/14150900-1.jpg\",\"datePublished\":\"2023-02-03T11:42:52+00:00\",\"dateModified\":\"2025-12-11T11:07:04+00:00\",\"description\":\"Eine gro\u00dfe Auswahl Seidenkrawatten und Strickkrawatten dazu passende Einsteckt\u00fccher elegante Fliegen modische Krawattenschals und Schals g\u00fcnstig im Online-Shop kaufen direkt vom Hersteller.\",\"breadcrumb\":{\"@id\":\"https:\\\/\\\/hemley.de\\\/en\\\/product\\\/ziertuch-seide-uni-marine\\\/#breadcrumb\"},\"inLanguage\":\"en-US\",\"potentialAction\":[{\"@type\":\"ReadAction\",\"target\":[\"https:\\\/\\\/hemley.de\\\/en\\\/product\\\/ziertuch-seide-uni-marine\\\/\"]}]},{\"@type\":\"ImageObject\",\"inLanguage\":\"en-US\",\"@id\":\"https:\\\/\\\/hemley.de\\\/en\\\/product\\\/ziertuch-seide-uni-marine\\\/#primaryimage\",\"url\":\"https:\\\/\\\/hemley.de\\\/wp-content\\\/uploads\\\/2017\\\/12\\\/14150900-1.jpg\",\"contentUrl\":\"https:\\\/\\\/hemley.de\\\/wp-content\\\/uploads\\\/2017\\\/12\\\/14150900-1.jpg\",\"width\":550,\"height\":550,\"caption\":\"14150900-1\"},{\"@type\":\"BreadcrumbList\",\"@id\":\"https:\\\/\\\/hemley.de\\\/en\\\/product\\\/ziertuch-seide-uni-marine\\\/#breadcrumb\",\"itemListElement\":[{\"@type\":\"ListItem\",\"position\":1,\"name\":\"Startseite\",\"item\":\"https:\\\/\\\/hemley.de\\\/en\\\/\"},{\"@type\":\"ListItem\",\"position\":2,\"name\":\"Shop\",\"item\":\"https:\\\/\\\/hemley.de\\\/en\\\/online-shop-vom-hersteller\\\/\"},{\"@type\":\"ListItem\",\"position\":3,\"name\":\"Ziertuch Seide Uni dunkelblau\"}]},{\"@type\":\"WebSite\",\"@id\":\"https:\\\/\\\/hemley.de\\\/de\\\/#website\",\"url\":\"https:\\\/\\\/hemley.de\\\/de\\\/\",\"name\":\"Hemley\",\"description\":\"Made in Germany since 1965\",\"publisher\":{\"@id\":\"https:\\\/\\\/hemley.de\\\/de\\\/#organization\"},\"potentialAction\":[{\"@type\":\"SearchAction\",\"target\":{\"@type\":\"EntryPoint\",\"urlTemplate\":\"https:\\\/\\\/hemley.de\\\/de\\\/?s={search_term_string}\"},\"query-input\":{\"@type\":\"PropertyValueSpecification\",\"valueRequired\":true,\"valueName\":\"search_term_string\"}}],\"inLanguage\":\"en-US\"},{\"@type\":\"Organization\",\"@id\":\"https:\\\/\\\/hemley.de\\\/de\\\/#organization\",\"name\":\"Hemley Moese & Schwartz GmbH\",\"url\":\"https:\\\/\\\/hemley.de\\\/de\\\/\",\"logo\":{\"@type\":\"ImageObject\",\"inLanguage\":\"en-US\",\"@id\":\"https:\\\/\\\/hemley.de\\\/de\\\/#\\\/schema\\\/logo\\\/image\\\/\",\"url\":\"https:\\\/\\\/hemley.de\\\/wp-content\\\/uploads\\\/2019\\\/05\\\/Logo-Hemley.png\",\"contentUrl\":\"https:\\\/\\\/hemley.de\\\/wp-content\\\/uploads\\\/2019\\\/05\\\/Logo-Hemley.png\",\"width\":467,\"height\":104,\"caption\":\"Hemley Moese & Schwartz GmbH\"},\"image\":{\"@id\":\"https:\\\/\\\/hemley.de\\\/de\\\/#\\\/schema\\\/logo\\\/image\\\/\"}}]}<\/script>\n<!-- \/ Yoast SEO plugin. -->","yoast_head_json":{"title":"Ziertuch Seide Uni dunkelblau - Hemley","description":"Eine gro\u00dfe Auswahl Seidenkrawatten und Strickkrawatten dazu passende Einsteckt\u00fccher elegante Fliegen modische Krawattenschals und Schals g\u00fcnstig im Online-Shop kaufen direkt vom Hersteller.","robots":{"index":"index","follow":"follow","max-snippet":"max-snippet:-1","max-image-preview":"max-image-preview:large","max-video-preview":"max-video-preview:-1"},"canonical":"https:\/\/hemley.de\/en\/product\/ziertuch-seide-uni-marine\/","og_locale":"en_US","og_type":"article","og_title":"Ziertuch Seide Uni dunkelblau - Hemley","og_description":"Eine gro\u00dfe Auswahl Seidenkrawatten und Strickkrawatten dazu passende Einsteckt\u00fccher elegante Fliegen modische Krawattenschals und Schals g\u00fcnstig im Online-Shop kaufen direkt vom Hersteller.","og_url":"https:\/\/hemley.de\/en\/product\/ziertuch-seide-uni-marine\/","og_site_name":"Hemley","article_modified_time":"2025-12-11T11:07:04+00:00","og_image":[{"width":550,"height":550,"url":"https:\/\/hemley.de\/wp-content\/uploads\/2017\/12\/14150900-1.jpg","type":"image\/jpeg"}],"twitter_card":"summary_large_image","schema":{"@context":"https:\/\/schema.org","@graph":[{"@type":"WebPage","@id":"https:\/\/hemley.de\/en\/product\/ziertuch-seide-uni-marine\/","url":"https:\/\/hemley.de\/en\/product\/ziertuch-seide-uni-marine\/","name":"Ziertuch Seide Uni dunkelblau - Hemley","isPartOf":{"@id":"https:\/\/hemley.de\/de\/#website"},"primaryImageOfPage":{"@id":"https:\/\/hemley.de\/en\/product\/ziertuch-seide-uni-marine\/#primaryimage"},"image":{"@id":"https:\/\/hemley.de\/en\/product\/ziertuch-seide-uni-marine\/#primaryimage"},"thumbnailUrl":"https:\/\/hemley.de\/wp-content\/uploads\/2017\/12\/14150900-1.jpg","datePublished":"2023-02-03T11:42:52+00:00","dateModified":"2025-12-11T11:07:04+00:00","description":"Eine gro\u00dfe Auswahl Seidenkrawatten und Strickkrawatten dazu passende Einsteckt\u00fccher elegante Fliegen modische Krawattenschals und Schals g\u00fcnstig im Online-Shop kaufen direkt vom Hersteller.","breadcrumb":{"@id":"https:\/\/hemley.de\/en\/product\/ziertuch-seide-uni-marine\/#breadcrumb"},"inLanguage":"en-US","potentialAction":[{"@type":"ReadAction","target":["https:\/\/hemley.de\/en\/product\/ziertuch-seide-uni-marine\/"]}]},{"@type":"ImageObject","inLanguage":"en-US","@id":"https:\/\/hemley.de\/en\/product\/ziertuch-seide-uni-marine\/#primaryimage","url":"https:\/\/hemley.de\/wp-content\/uploads\/2017\/12\/14150900-1.jpg","contentUrl":"https:\/\/hemley.de\/wp-content\/uploads\/2017\/12\/14150900-1.jpg","width":550,"height":550,"caption":"14150900-1"},{"@type":"BreadcrumbList","@id":"https:\/\/hemley.de\/en\/product\/ziertuch-seide-uni-marine\/#breadcrumb","itemListElement":[{"@type":"ListItem","position":1,"name":"Startseite","item":"https:\/\/hemley.de\/en\/"},{"@type":"ListItem","position":2,"name":"Shop","item":"https:\/\/hemley.de\/en\/online-shop-vom-hersteller\/"},{"@type":"ListItem","position":3,"name":"Ziertuch Seide Uni dunkelblau"}]},{"@type":"WebSite","@id":"https:\/\/hemley.de\/de\/#website","url":"https:\/\/hemley.de\/de\/","name":"Hemley","description":"Made in Germany since 1965","publisher":{"@id":"https:\/\/hemley.de\/de\/#organization"},"potentialAction":[{"@type":"SearchAction","target":{"@type":"EntryPoint","urlTemplate":"https:\/\/hemley.de\/de\/?s={search_term_string}"},"query-input":{"@type":"PropertyValueSpecification","valueRequired":true,"valueName":"search_term_string"}}],"inLanguage":"en-US"},{"@type":"Organization","@id":"https:\/\/hemley.de\/de\/#organization","name":"Hemley Moese & Schwartz GmbH","url":"https:\/\/hemley.de\/de\/","logo":{"@type":"ImageObject","inLanguage":"en-US","@id":"https:\/\/hemley.de\/de\/#\/schema\/logo\/image\/","url":"https:\/\/hemley.de\/wp-content\/uploads\/2019\/05\/Logo-Hemley.png","contentUrl":"https:\/\/hemley.de\/wp-content\/uploads\/2019\/05\/Logo-Hemley.png","width":467,"height":104,"caption":"Hemley Moese & Schwartz GmbH"},"image":{"@id":"https:\/\/hemley.de\/de\/#\/schema\/logo\/image\/"}}]}},"_links":{"self":[{"href":"https:\/\/hemley.de\/en\/wp-json\/wp\/v2\/product\/15022","targetHints":{"allow":["GET"]}}],"collection":[{"href":"https:\/\/hemley.de\/en\/wp-json\/wp\/v2\/product"}],"about":[{"href":"https:\/\/hemley.de\/en\/wp-json\/wp\/v2\/types\/product"}],"replies":[{"embeddable":true,"href":"https:\/\/hemley.de\/en\/wp-json\/wp\/v2\/comments?post=15022"}],"wp:featuredmedia":[{"embeddable":true,"href":"https:\/\/hemley.de\/en\/wp-json\/wp\/v2\/media\/4062"}],"wp:attachment":[{"href":"https:\/\/hemley.de\/en\/wp-json\/wp\/v2\/media?parent=15022"}],"wp:term":[{"taxonomy":"product_brand","embeddable":true,"href":"https:\/\/hemley.de\/en\/wp-json\/wp\/v2\/product_brand?post=15022"},{"taxonomy":"product_cat","embeddable":true,"href":"https:\/\/hemley.de\/en\/wp-json\/wp\/v2\/product_cat?post=15022"},{"taxonomy":"product_tag","embeddable":true,"href":"https:\/\/hemley.de\/en\/wp-json\/wp\/v2\/product_tag?post=15022"}],"curies":[{"name":"wp","href":"https:\/\/api.w.org\/{rel}","templated":true}]}}